   {"id":499,"date":"2025-02-11T10:26:53","date_gmt":"2025-02-11T10:26:53","guid":{"rendered":"https:\/\/www.playadoradaresidence.com\/?page_id=499"},"modified":"2025-03-19T14:10:46","modified_gmt":"2025-03-19T14:10:46","slug":"comacchio","status":"publish","type":"page","link":"https:\/\/www.playadoradaresidence.com\/fr\/territoire\/comacchio\/","title":{"rendered":"Comacchio"},"content":{"rendered":"<p>Comacchio est un charmant village situ\u00e9 dans la partie nord de la province de Ferrare, en \u00c9milie-Romagne, \u00e0 la fronti\u00e8re avec le parc du delta du P\u00f4. Ce village pittoresque est c\u00e9l\u00e8bre pour son paysage unique, ses canaux et ses traditions de p\u00eache qui ont fa\u00e7onn\u00e9 son histoire et son \u00e9conomie.<br \/>\nComacchio a des racines tr\u00e8s anciennes, qui remontent \u00e0 l\u2019\u00e9poque romaine. Son \u00e9conomie s\u2019est d\u00e9velopp\u00e9e principalement autour de la p\u00eache et de la transformation des anguilles, un produit typique de la r\u00e9gion. La tradition de la p\u00eache \u00e0 l\u2019anguille est toujours d\u2019actualit\u00e9, et de nombreux restaurants et magasins locaux proposent des plats typiques \u00e0 base de ce poisson. L\u2019histoire de Comacchio est \u00e9galement li\u00e9e \u00e0 son activit\u00e9 portuaire, qui a jou\u00e9 un r\u00f4le important dans le commerce de la r\u00e9gion au cours des si\u00e8cles pass\u00e9s.<\/p>\n","protected":false},"excerpt":{"rendered":"<p>Comacchio est un charmant village situ\u00e9 dans la partie nord de la province de Ferrare, en \u00c9milie-Romagne, \u00e0 la fronti\u00e8re avec le parc du delta du P\u00f4. Ce village pittoresque est c\u00e9l\u00e8bre pour son paysage unique, ses canaux et ses traditions de p\u00eache qui ont fa\u00e7onn\u00e9 son histoire et son \u00e9conomie. Comacchio a des racines [&hellip;]<\/p>\n","protected":false},"author":13,"featured_media":0,"parent":494,"menu_order":5,"comment_status":"closed","ping_status":"closed","template":"template-territory-single.php","meta":{"footnotes":""},"class_list":["post-499","page","type-page","status-publish","hentry"],"yoast_head":"<!-- This site is optimized with the Yoast SEO plugin v27.3 - https:\/\/yoast.com\/product\/yoast-seo-wordpress\/ -->\n<title>Comacchio - Playa Dorada Residence -<\/title>\n<meta name=\"description\" content=\"Comacchio est un charmant village situ\u00e9 dans la partie nord de la province de Ferrare, en \u00c9milie-Romagne, \u00e0 la fronti\u00e8re avec le parc du delta du P\u00f4. Ce village pittoresque est c\u00e9l\u00e8bre pour son paysage unique, ses canaux et ses traditions de p\u00eache qui ont fa\u00e7onn\u00e9 son histoire et son \u00e9conomie. Comacchio a des racines tr\u00e8s anciennes, qui remontent \u00e0 l\u2019\u00e9poque romaine\" \/>\n<meta name=\"robots\" content=\"index, follow, max-snippet:-1, max-image-preview:large, max-video-preview:-1\" \/>\n<link rel=\"canonical\" href=\"https:\/\/www.playadoradaresidence.com\/fr\/territoire\/comacchio\/\" \/>\n<meta property=\"og:locale\" content=\"fr_FR\" \/>\n<meta property=\"og:type\" content=\"article\" \/>\n<meta property=\"og:title\" content=\"Comacchio - Playa Dorada Residence -\" \/>\n<meta property=\"og:description\" content=\"Comacchio est un charmant village situ\u00e9 dans la partie nord de la province de Ferrare, en \u00c9milie-Romagne, \u00e0 la fronti\u00e8re avec le parc du delta du P\u00f4. Ce village pittoresque est c\u00e9l\u00e8bre pour son paysage unique, ses canaux et ses traditions de p\u00eache qui ont fa\u00e7onn\u00e9 son histoire et son \u00e9conomie. Comacchio a des racines tr\u00e8s anciennes, qui remontent \u00e0 l\u2019\u00e9poque romaine\" \/>\n<meta property=\"og:url\" content=\"https:\/\/www.playadoradaresidence.com\/fr\/territoire\/comacchio\/\" \/>\n<meta property=\"og:site_name\" content=\"Playa Dorada Residence\" \/>\n<meta property=\"article:publisher\" content=\"https:\/\/facebook.com\/tomasitourism\" \/>\n<meta property=\"article:modified_time\" content=\"2025-03-19T14:10:46+00:00\" \/>\n<meta property=\"og:image\" content=\"https:\/\/www.playadoradaresidence.com\/wp-content\/uploads\/sites\/209\/2025\/02\/playa_dorada_home_slide02.jpg\" \/>\n\t<meta property=\"og:image:width\" content=\"2200\" \/>\n\t<meta property=\"og:image:height\" content=\"1200\" \/>\n\t<meta property=\"og:image:type\" content=\"image\/jpeg\" \/>\n<meta name=\"twitter:card\" content=\"summary_large_image\" \/>\n<meta name=\"twitter:label1\" content=\"Dur\u00e9e de lecture estim\u00e9e\" \/>\n\t<meta name=\"twitter:data1\" content=\"1 minute\" \/>\n<script type=\"application\/ld+json\" class=\"yoast-schema-graph\">{\"@context\":\"https:\\\/\\\/schema.org\",\"@graph\":[{\"@type\":\"WebPage\",\"@id\":\"https:\\\/\\\/www.playadoradaresidence.com\\\/fr\\\/territoire\\\/comacchio\\\/\",\"url\":\"https:\\\/\\\/www.playadoradaresidence.com\\\/fr\\\/territoire\\\/comacchio\\\/\",\"name\":\"Comacchio - Playa Dorada Residence -\",\"isPartOf\":{\"@id\":\"https:\\\/\\\/www.playadoradaresidence.com\\\/fr\\\/#website\"},\"datePublished\":\"2025-02-11T10:26:53+00:00\",\"dateModified\":\"2025-03-19T14:10:46+00:00\",\"description\":\"Comacchio est un charmant village situ\u00e9 dans la partie nord de la province de Ferrare, en \u00c9milie-Romagne, \u00e0 la fronti\u00e8re avec le parc du delta du P\u00f4. Ce village pittoresque est c\u00e9l\u00e8bre pour son paysage unique, ses canaux et ses traditions de p\u00eache qui ont fa\u00e7onn\u00e9 son histoire et son \u00e9conomie. Comacchio a des racines tr\u00e8s anciennes, qui remontent \u00e0 l\u2019\u00e9poque romaine\",\"breadcrumb\":{\"@id\":\"https:\\\/\\\/www.playadoradaresidence.com\\\/fr\\\/territoire\\\/comacchio\\\/#breadcrumb\"},\"inLanguage\":\"fr-FR\",\"potentialAction\":[{\"@type\":\"ReadAction\",\"target\":[\"https:\\\/\\\/www.playadoradaresidence.com\\\/fr\\\/territoire\\\/comacchio\\\/\"]}]},{\"@type\":\"BreadcrumbList\",\"@id\":\"https:\\\/\\\/www.playadoradaresidence.com\\\/fr\\\/territoire\\\/comacchio\\\/#breadcrumb\",\"itemListElement\":[{\"@type\":\"ListItem\",\"position\":1,\"name\":\"Home\",\"item\":\"https:\\\/\\\/www.playadoradaresidence.com\\\/fr\\\/\"},{\"@type\":\"ListItem\",\"position\":2,\"name\":\"Territoire\",\"item\":\"https:\\\/\\\/www.playadoradaresidence.com\\\/fr\\\/territoire\\\/\"},{\"@type\":\"ListItem\",\"position\":3,\"name\":\"Comacchio\"}]},{\"@type\":\"WebSite\",\"@id\":\"https:\\\/\\\/www.playadoradaresidence.com\\\/fr\\\/#website\",\"url\":\"https:\\\/\\\/www.playadoradaresidence.com\\\/fr\\\/\",\"name\":\"Playa Dorada Residence\",\"description\":\"\",\"publisher\":{\"@id\":\"https:\\\/\\\/www.playadoradaresidence.com\\\/fr\\\/#organization\"},\"potentialAction\":[{\"@type\":\"SearchAction\",\"target\":{\"@type\":\"EntryPoint\",\"urlTemplate\":\"https:\\\/\\\/www.playadoradaresidence.com\\\/fr\\\/?s={search_term_string}\"},\"query-input\":{\"@type\":\"PropertyValueSpecification\",\"valueRequired\":true,\"valueName\":\"search_term_string\"}}],\"inLanguage\":\"fr-FR\"},{\"@type\":\"Organization\",\"@id\":\"https:\\\/\\\/www.playadoradaresidence.com\\\/fr\\\/#organization\",\"name\":\"Playa Dorada Residence\",\"url\":\"https:\\\/\\\/www.playadoradaresidence.com\\\/fr\\\/\",\"logo\":{\"@type\":\"ImageObject\",\"inLanguage\":\"fr-FR\",\"@id\":\"https:\\\/\\\/www.playadoradaresidence.com\\\/fr\\\/#\\\/schema\\\/logo\\\/image\\\/\",\"url\":\"https:\\\/\\\/www.playadoradaresidence.com\\\/wp-content\\\/uploads\\\/sites\\\/209\\\/2025\\\/01\\\/Playa_dorada.png\",\"contentUrl\":\"https:\\\/\\\/www.playadoradaresidence.com\\\/wp-content\\\/uploads\\\/sites\\\/209\\\/2025\\\/01\\\/Playa_dorada.png\",\"width\":218,\"height\":54,\"caption\":\"Playa Dorada Residence\"},\"image\":{\"@id\":\"https:\\\/\\\/www.playadoradaresidence.com\\\/fr\\\/#\\\/schema\\\/logo\\\/image\\\/\"},\"sameAs\":[\"https:\\\/\\\/facebook.com\\\/tomasitourism\",\"https:\\\/\\\/www.instagram.com\\\/tomasitourism\\\/\"]}]}<\/script>\n<!-- \/ Yoast SEO plugin. -->","yoast_head_json":{"title":"Comacchio - Playa Dorada Residence -","description":"Comacchio est un charmant village situ\u00e9 dans la partie nord de la province de Ferrare, en \u00c9milie-Romagne, \u00e0 la fronti\u00e8re avec le parc du delta du P\u00f4. Ce village pittoresque est c\u00e9l\u00e8bre pour son paysage unique, ses canaux et ses traditions de p\u00eache qui ont fa\u00e7onn\u00e9 son histoire et son \u00e9conomie. Comacchio a des racines tr\u00e8s anciennes, qui remontent \u00e0 l\u2019\u00e9poque romaine","robots":{"index":"index","follow":"follow","max-snippet":"max-snippet:-1","max-image-preview":"max-image-preview:large","max-video-preview":"max-video-preview:-1"},"canonical":"https:\/\/www.playadoradaresidence.com\/fr\/territoire\/comacchio\/","og_locale":"fr_FR","og_type":"article","og_title":"Comacchio - Playa Dorada Residence -","og_description":"Comacchio est un charmant village situ\u00e9 dans la partie nord de la province de Ferrare, en \u00c9milie-Romagne, \u00e0 la fronti\u00e8re avec le parc du delta du P\u00f4. Ce village pittoresque est c\u00e9l\u00e8bre pour son paysage unique, ses canaux et ses traditions de p\u00eache qui ont fa\u00e7onn\u00e9 son histoire et son \u00e9conomie. Comacchio a des racines tr\u00e8s anciennes, qui remontent \u00e0 l\u2019\u00e9poque romaine","og_url":"https:\/\/www.playadoradaresidence.com\/fr\/territoire\/comacchio\/","og_site_name":"Playa Dorada Residence","article_publisher":"https:\/\/facebook.com\/tomasitourism","article_modified_time":"2025-03-19T14:10:46+00:00","og_image":[{"width":2200,"height":1200,"url":"https:\/\/www.playadoradaresidence.com\/wp-content\/uploads\/sites\/209\/2025\/02\/playa_dorada_home_slide02.jpg","type":"image\/jpeg"}],"twitter_card":"summary_large_image","twitter_misc":{"Dur\u00e9e de lecture estim\u00e9e":"1 minute"},"schema":{"@context":"https:\/\/schema.org","@graph":[{"@type":"WebPage","@id":"https:\/\/www.playadoradaresidence.com\/fr\/territoire\/comacchio\/","url":"https:\/\/www.playadoradaresidence.com\/fr\/territoire\/comacchio\/","name":"Comacchio - Playa Dorada Residence -","isPartOf":{"@id":"https:\/\/www.playadoradaresidence.com\/fr\/#website"},"datePublished":"2025-02-11T10:26:53+00:00","dateModified":"2025-03-19T14:10:46+00:00","description":"Comacchio est un charmant village situ\u00e9 dans la partie nord de la province de Ferrare, en \u00c9milie-Romagne, \u00e0 la fronti\u00e8re avec le parc du delta du P\u00f4. Ce village pittoresque est c\u00e9l\u00e8bre pour son paysage unique, ses canaux et ses traditions de p\u00eache qui ont fa\u00e7onn\u00e9 son histoire et son \u00e9conomie. Comacchio a des racines tr\u00e8s anciennes, qui remontent \u00e0 l\u2019\u00e9poque romaine","breadcrumb":{"@id":"https:\/\/www.playadoradaresidence.com\/fr\/territoire\/comacchio\/#breadcrumb"},"inLanguage":"fr-FR","potentialAction":[{"@type":"ReadAction","target":["https:\/\/www.playadoradaresidence.com\/fr\/territoire\/comacchio\/"]}]},{"@type":"BreadcrumbList","@id":"https:\/\/www.playadoradaresidence.com\/fr\/territoire\/comacchio\/#breadcrumb","itemListElement":[{"@type":"ListItem","position":1,"name":"Home","item":"https:\/\/www.playadoradaresidence.com\/fr\/"},{"@type":"ListItem","position":2,"name":"Territoire","item":"https:\/\/www.playadoradaresidence.com\/fr\/territoire\/"},{"@type":"ListItem","position":3,"name":"Comacchio"}]},{"@type":"WebSite","@id":"https:\/\/www.playadoradaresidence.com\/fr\/#website","url":"https:\/\/www.playadoradaresidence.com\/fr\/","name":"Playa Dorada Residence","description":"","publisher":{"@id":"https:\/\/www.playadoradaresidence.com\/fr\/#organization"},"potentialAction":[{"@type":"SearchAction","target":{"@type":"EntryPoint","urlTemplate":"https:\/\/www.playadoradaresidence.com\/fr\/?s={search_term_string}"},"query-input":{"@type":"PropertyValueSpecification","valueRequired":true,"valueName":"search_term_string"}}],"inLanguage":"fr-FR"},{"@type":"Organization","@id":"https:\/\/www.playadoradaresidence.com\/fr\/#organization","name":"Playa Dorada Residence","url":"https:\/\/www.playadoradaresidence.com\/fr\/","logo":{"@type":"ImageObject","inLanguage":"fr-FR","@id":"https:\/\/www.playadoradaresidence.com\/fr\/#\/schema\/logo\/image\/","url":"https:\/\/www.playadoradaresidence.com\/wp-content\/uploads\/sites\/209\/2025\/01\/Playa_dorada.png","contentUrl":"https:\/\/www.playadoradaresidence.com\/wp-content\/uploads\/sites\/209\/2025\/01\/Playa_dorada.png","width":218,"height":54,"caption":"Playa Dorada Residence"},"image":{"@id":"https:\/\/www.playadoradaresidence.com\/fr\/#\/schema\/logo\/image\/"},"sameAs":["https:\/\/facebook.com\/tomasitourism","https:\/\/www.instagram.com\/tomasitourism\/"]}]}},"acf":[],"_links":{"self":[{"href":"https:\/\/www.playadoradaresidence.com\/fr\/wp-json\/wp\/v2\/pages\/499","targetHints":{"allow":["GET"]}}],"collection":[{"href":"https:\/\/www.playadoradaresidence.com\/fr\/wp-json\/wp\/v2\/pages"}],"about":[{"href":"https:\/\/www.playadoradaresidence.com\/fr\/wp-json\/wp\/v2\/types\/page"}],"author":[{"embeddable":true,"href":"https:\/\/www.playadoradaresidence.com\/fr\/wp-json\/wp\/v2\/users\/13"}],"replies":[{"embeddable":true,"href":"https:\/\/www.playadoradaresidence.com\/fr\/wp-json\/wp\/v2\/comments?post=499"}],"version-history":[{"count":0,"href":"https:\/\/www.playadoradaresidence.com\/fr\/wp-json\/wp\/v2\/pages\/499\/revisions"}],"up":[{"embeddable":true,"href":"https:\/\/www.playadoradaresidence.com\/fr\/wp-json\/wp\/v2\/pages\/494"}],"wp:attachment":[{"href":"https:\/\/www.playadoradaresidence.com\/fr\/wp-json\/wp\/v2\/media?parent=499"}],"curies":[{"name":"wp","href":"https:\/\/api.w.org\/{rel}","templated":true}]}}