   {"id":470,"date":"2025-02-11T09:46:45","date_gmt":"2025-02-11T09:46:45","guid":{"rendered":"https:\/\/www.playadoradaresidence.com\/?page_id=470"},"modified":"2025-03-19T09:12:33","modified_gmt":"2025-03-19T09:12:33","slug":"exploration-du-territoire","status":"publish","type":"page","link":"https:\/\/www.playadoradaresidence.com\/fr\/vos-vacances\/exploration-du-territoire\/","title":{"rendered":"Exploration du territoire"},"content":{"rendered":"<p>Vivez une exp\u00e9rience unique au c\u0153ur du Delta du P\u00f4, un paradis naturel riche en beaut\u00e9s paysag\u00e8res et en biodiversit\u00e9. Nos vacances d\u00e9di\u00e9es aux amoureux du territoire vous offrent la possibilit\u00e9 d&rsquo;explorer ce coin pr\u00e9serv\u00e9 \u00e0 travers des excursions \u00e0 v\u00e9lo, en bateau et \u00e0 cheval. D\u00e9couvrez la faune et la flore locales, promenez-vous dans les villages de p\u00eacheurs pittoresques et go\u00fbtez \u00e0 la tradition gastronomique typique de la r\u00e9gion. Un voyage au c\u0153ur d&rsquo;un \u00e9cosyst\u00e8me unique, pour vivre le Delta du P\u00f4 dans toute son authenticit\u00e9.<\/p>\n","protected":false},"excerpt":{"rendered":"<p>Vivez une exp\u00e9rience unique au c\u0153ur du Delta du P\u00f4, un paradis naturel riche en beaut\u00e9s paysag\u00e8res et en biodiversit\u00e9. Nos vacances d\u00e9di\u00e9es aux amoureux du territoire vous offrent la possibilit\u00e9 d&rsquo;explorer ce coin pr\u00e9serv\u00e9 \u00e0 travers des excursions \u00e0 v\u00e9lo, en bateau et \u00e0 cheval. D\u00e9couvrez la faune et la flore locales, promenez-vous dans [&hellip;]<\/p>\n","protected":false},"author":13,"featured_media":0,"parent":442,"menu_order":10,"comment_status":"closed","ping_status":"closed","template":"template-your-holiday.php","meta":{"footnotes":""},"class_list":["post-470","page","type-page","status-publish","hentry"],"yoast_head":"<!-- This site is optimized with the Yoast SEO plugin v27.3 - https:\/\/yoast.com\/product\/yoast-seo-wordpress\/ -->\n<title>Exploration du territoire - Playa Dorada Residence -<\/title>\n<meta name=\"description\" content=\"Vivez une exp\u00e9rience unique au c\u0153ur du Delta du P\u00f4, un paradis naturel riche en beaut\u00e9s paysag\u00e8res et en biodiversit\u00e9. Nos vacances d\u00e9di\u00e9es aux amoureux du territoire vous offrent la possibilit\u00e9 d&#039;explorer ce coin pr\u00e9serv\u00e9 \u00e0 travers des excursions \u00e0 v\u00e9lo, en bateau et \u00e0 cheval\" \/>\n<meta name=\"robots\" content=\"index, follow, max-snippet:-1, max-image-preview:large, max-video-preview:-1\" \/>\n<link rel=\"canonical\" href=\"https:\/\/www.playadoradaresidence.com\/fr\/vos-vacances\/exploration-du-territoire\/\" \/>\n<meta property=\"og:locale\" content=\"fr_FR\" \/>\n<meta property=\"og:type\" content=\"article\" \/>\n<meta property=\"og:title\" content=\"Exploration du territoire - Playa Dorada Residence -\" \/>\n<meta property=\"og:description\" content=\"Vivez une exp\u00e9rience unique au c\u0153ur du Delta du P\u00f4, un paradis naturel riche en beaut\u00e9s paysag\u00e8res et en biodiversit\u00e9. Nos vacances d\u00e9di\u00e9es aux amoureux du territoire vous offrent la possibilit\u00e9 d&#039;explorer ce coin pr\u00e9serv\u00e9 \u00e0 travers des excursions \u00e0 v\u00e9lo, en bateau et \u00e0 cheval\" \/>\n<meta property=\"og:url\" content=\"https:\/\/www.playadoradaresidence.com\/fr\/vos-vacances\/exploration-du-territoire\/\" \/>\n<meta property=\"og:site_name\" content=\"Playa Dorada Residence\" \/>\n<meta property=\"article:publisher\" content=\"https:\/\/facebook.com\/tomasitourism\" \/>\n<meta property=\"article:modified_time\" content=\"2025-03-19T09:12:33+00:00\" \/>\n<meta property=\"og:image\" content=\"https:\/\/www.playadoradaresidence.com\/wp-content\/uploads\/sites\/209\/2025\/02\/playa_dorada_home_slide02.jpg\" \/>\n\t<meta property=\"og:image:width\" content=\"2200\" \/>\n\t<meta property=\"og:image:height\" content=\"1200\" \/>\n\t<meta property=\"og:image:type\" content=\"image\/jpeg\" \/>\n<meta name=\"twitter:card\" content=\"summary_large_image\" \/>\n<meta name=\"twitter:label1\" content=\"Dur\u00e9e de lecture estim\u00e9e\" \/>\n\t<meta name=\"twitter:data1\" content=\"1 minute\" \/>\n<script type=\"application\/ld+json\" class=\"yoast-schema-graph\">{\"@context\":\"https:\\\/\\\/schema.org\",\"@graph\":[{\"@type\":\"WebPage\",\"@id\":\"https:\\\/\\\/www.playadoradaresidence.com\\\/fr\\\/vos-vacances\\\/exploration-du-territoire\\\/\",\"url\":\"https:\\\/\\\/www.playadoradaresidence.com\\\/fr\\\/vos-vacances\\\/exploration-du-territoire\\\/\",\"name\":\"Exploration du territoire - Playa Dorada Residence -\",\"isPartOf\":{\"@id\":\"https:\\\/\\\/www.playadoradaresidence.com\\\/fr\\\/#website\"},\"datePublished\":\"2025-02-11T09:46:45+00:00\",\"dateModified\":\"2025-03-19T09:12:33+00:00\",\"description\":\"Vivez une exp\u00e9rience unique au c\u0153ur du Delta du P\u00f4, un paradis naturel riche en beaut\u00e9s paysag\u00e8res et en biodiversit\u00e9. Nos vacances d\u00e9di\u00e9es aux amoureux du territoire vous offrent la possibilit\u00e9 d'explorer ce coin pr\u00e9serv\u00e9 \u00e0 travers des excursions \u00e0 v\u00e9lo, en bateau et \u00e0 cheval\",\"breadcrumb\":{\"@id\":\"https:\\\/\\\/www.playadoradaresidence.com\\\/fr\\\/vos-vacances\\\/exploration-du-territoire\\\/#breadcrumb\"},\"inLanguage\":\"fr-FR\",\"potentialAction\":[{\"@type\":\"ReadAction\",\"target\":[\"https:\\\/\\\/www.playadoradaresidence.com\\\/fr\\\/vos-vacances\\\/exploration-du-territoire\\\/\"]}]},{\"@type\":\"BreadcrumbList\",\"@id\":\"https:\\\/\\\/www.playadoradaresidence.com\\\/fr\\\/vos-vacances\\\/exploration-du-territoire\\\/#breadcrumb\",\"itemListElement\":[{\"@type\":\"ListItem\",\"position\":1,\"name\":\"Home\",\"item\":\"https:\\\/\\\/www.playadoradaresidence.com\\\/fr\\\/\"},{\"@type\":\"ListItem\",\"position\":2,\"name\":\"Vos vacances\",\"item\":\"https:\\\/\\\/www.playadoradaresidence.com\\\/fr\\\/vos-vacances\\\/\"},{\"@type\":\"ListItem\",\"position\":3,\"name\":\"Exploration du territoire\"}]},{\"@type\":\"WebSite\",\"@id\":\"https:\\\/\\\/www.playadoradaresidence.com\\\/fr\\\/#website\",\"url\":\"https:\\\/\\\/www.playadoradaresidence.com\\\/fr\\\/\",\"name\":\"Playa Dorada Residence\",\"description\":\"\",\"publisher\":{\"@id\":\"https:\\\/\\\/www.playadoradaresidence.com\\\/fr\\\/#organization\"},\"potentialAction\":[{\"@type\":\"SearchAction\",\"target\":{\"@type\":\"EntryPoint\",\"urlTemplate\":\"https:\\\/\\\/www.playadoradaresidence.com\\\/fr\\\/?s={search_term_string}\"},\"query-input\":{\"@type\":\"PropertyValueSpecification\",\"valueRequired\":true,\"valueName\":\"search_term_string\"}}],\"inLanguage\":\"fr-FR\"},{\"@type\":\"Organization\",\"@id\":\"https:\\\/\\\/www.playadoradaresidence.com\\\/fr\\\/#organization\",\"name\":\"Playa Dorada Residence\",\"url\":\"https:\\\/\\\/www.playadoradaresidence.com\\\/fr\\\/\",\"logo\":{\"@type\":\"ImageObject\",\"inLanguage\":\"fr-FR\",\"@id\":\"https:\\\/\\\/www.playadoradaresidence.com\\\/fr\\\/#\\\/schema\\\/logo\\\/image\\\/\",\"url\":\"https:\\\/\\\/www.playadoradaresidence.com\\\/wp-content\\\/uploads\\\/sites\\\/209\\\/2025\\\/01\\\/Playa_dorada.png\",\"contentUrl\":\"https:\\\/\\\/www.playadoradaresidence.com\\\/wp-content\\\/uploads\\\/sites\\\/209\\\/2025\\\/01\\\/Playa_dorada.png\",\"width\":218,\"height\":54,\"caption\":\"Playa Dorada Residence\"},\"image\":{\"@id\":\"https:\\\/\\\/www.playadoradaresidence.com\\\/fr\\\/#\\\/schema\\\/logo\\\/image\\\/\"},\"sameAs\":[\"https:\\\/\\\/facebook.com\\\/tomasitourism\",\"https:\\\/\\\/www.instagram.com\\\/tomasitourism\\\/\"]}]}<\/script>\n<!-- \/ Yoast SEO plugin. -->","yoast_head_json":{"title":"Exploration du territoire - Playa Dorada Residence -","description":"Vivez une exp\u00e9rience unique au c\u0153ur du Delta du P\u00f4, un paradis naturel riche en beaut\u00e9s paysag\u00e8res et en biodiversit\u00e9. Nos vacances d\u00e9di\u00e9es aux amoureux du territoire vous offrent la possibilit\u00e9 d'explorer ce coin pr\u00e9serv\u00e9 \u00e0 travers des excursions \u00e0 v\u00e9lo, en bateau et \u00e0 cheval","robots":{"index":"index","follow":"follow","max-snippet":"max-snippet:-1","max-image-preview":"max-image-preview:large","max-video-preview":"max-video-preview:-1"},"canonical":"https:\/\/www.playadoradaresidence.com\/fr\/vos-vacances\/exploration-du-territoire\/","og_locale":"fr_FR","og_type":"article","og_title":"Exploration du territoire - Playa Dorada Residence -","og_description":"Vivez une exp\u00e9rience unique au c\u0153ur du Delta du P\u00f4, un paradis naturel riche en beaut\u00e9s paysag\u00e8res et en biodiversit\u00e9. Nos vacances d\u00e9di\u00e9es aux amoureux du territoire vous offrent la possibilit\u00e9 d'explorer ce coin pr\u00e9serv\u00e9 \u00e0 travers des excursions \u00e0 v\u00e9lo, en bateau et \u00e0 cheval","og_url":"https:\/\/www.playadoradaresidence.com\/fr\/vos-vacances\/exploration-du-territoire\/","og_site_name":"Playa Dorada Residence","article_publisher":"https:\/\/facebook.com\/tomasitourism","article_modified_time":"2025-03-19T09:12:33+00:00","og_image":[{"width":2200,"height":1200,"url":"https:\/\/www.playadoradaresidence.com\/wp-content\/uploads\/sites\/209\/2025\/02\/playa_dorada_home_slide02.jpg","type":"image\/jpeg"}],"twitter_card":"summary_large_image","twitter_misc":{"Dur\u00e9e de lecture estim\u00e9e":"1 minute"},"schema":{"@context":"https:\/\/schema.org","@graph":[{"@type":"WebPage","@id":"https:\/\/www.playadoradaresidence.com\/fr\/vos-vacances\/exploration-du-territoire\/","url":"https:\/\/www.playadoradaresidence.com\/fr\/vos-vacances\/exploration-du-territoire\/","name":"Exploration du territoire - Playa Dorada Residence -","isPartOf":{"@id":"https:\/\/www.playadoradaresidence.com\/fr\/#website"},"datePublished":"2025-02-11T09:46:45+00:00","dateModified":"2025-03-19T09:12:33+00:00","description":"Vivez une exp\u00e9rience unique au c\u0153ur du Delta du P\u00f4, un paradis naturel riche en beaut\u00e9s paysag\u00e8res et en biodiversit\u00e9. Nos vacances d\u00e9di\u00e9es aux amoureux du territoire vous offrent la possibilit\u00e9 d'explorer ce coin pr\u00e9serv\u00e9 \u00e0 travers des excursions \u00e0 v\u00e9lo, en bateau et \u00e0 cheval","breadcrumb":{"@id":"https:\/\/www.playadoradaresidence.com\/fr\/vos-vacances\/exploration-du-territoire\/#breadcrumb"},"inLanguage":"fr-FR","potentialAction":[{"@type":"ReadAction","target":["https:\/\/www.playadoradaresidence.com\/fr\/vos-vacances\/exploration-du-territoire\/"]}]},{"@type":"BreadcrumbList","@id":"https:\/\/www.playadoradaresidence.com\/fr\/vos-vacances\/exploration-du-territoire\/#breadcrumb","itemListElement":[{"@type":"ListItem","position":1,"name":"Home","item":"https:\/\/www.playadoradaresidence.com\/fr\/"},{"@type":"ListItem","position":2,"name":"Vos vacances","item":"https:\/\/www.playadoradaresidence.com\/fr\/vos-vacances\/"},{"@type":"ListItem","position":3,"name":"Exploration du territoire"}]},{"@type":"WebSite","@id":"https:\/\/www.playadoradaresidence.com\/fr\/#website","url":"https:\/\/www.playadoradaresidence.com\/fr\/","name":"Playa Dorada Residence","description":"","publisher":{"@id":"https:\/\/www.playadoradaresidence.com\/fr\/#organization"},"potentialAction":[{"@type":"SearchAction","target":{"@type":"EntryPoint","urlTemplate":"https:\/\/www.playadoradaresidence.com\/fr\/?s={search_term_string}"},"query-input":{"@type":"PropertyValueSpecification","valueRequired":true,"valueName":"search_term_string"}}],"inLanguage":"fr-FR"},{"@type":"Organization","@id":"https:\/\/www.playadoradaresidence.com\/fr\/#organization","name":"Playa Dorada Residence","url":"https:\/\/www.playadoradaresidence.com\/fr\/","logo":{"@type":"ImageObject","inLanguage":"fr-FR","@id":"https:\/\/www.playadoradaresidence.com\/fr\/#\/schema\/logo\/image\/","url":"https:\/\/www.playadoradaresidence.com\/wp-content\/uploads\/sites\/209\/2025\/01\/Playa_dorada.png","contentUrl":"https:\/\/www.playadoradaresidence.com\/wp-content\/uploads\/sites\/209\/2025\/01\/Playa_dorada.png","width":218,"height":54,"caption":"Playa Dorada Residence"},"image":{"@id":"https:\/\/www.playadoradaresidence.com\/fr\/#\/schema\/logo\/image\/"},"sameAs":["https:\/\/facebook.com\/tomasitourism","https:\/\/www.instagram.com\/tomasitourism\/"]}]}},"acf":[],"_links":{"self":[{"href":"https:\/\/www.playadoradaresidence.com\/fr\/wp-json\/wp\/v2\/pages\/470","targetHints":{"allow":["GET"]}}],"collection":[{"href":"https:\/\/www.playadoradaresidence.com\/fr\/wp-json\/wp\/v2\/pages"}],"about":[{"href":"https:\/\/www.playadoradaresidence.com\/fr\/wp-json\/wp\/v2\/types\/page"}],"author":[{"embeddable":true,"href":"https:\/\/www.playadoradaresidence.com\/fr\/wp-json\/wp\/v2\/users\/13"}],"replies":[{"embeddable":true,"href":"https:\/\/www.playadoradaresidence.com\/fr\/wp-json\/wp\/v2\/comments?post=470"}],"version-history":[{"count":0,"href":"https:\/\/www.playadoradaresidence.com\/fr\/wp-json\/wp\/v2\/pages\/470\/revisions"}],"up":[{"embeddable":true,"href":"https:\/\/www.playadoradaresidence.com\/fr\/wp-json\/wp\/v2\/pages\/442"}],"wp:attachment":[{"href":"https:\/\/www.playadoradaresidence.com\/fr\/wp-json\/wp\/v2\/media?parent=470"}],"curies":[{"name":"wp","href":"https:\/\/api.w.org\/{rel}","templated":true}]}}