   {"id":416,"date":"2025-02-07T15:34:51","date_gmt":"2025-02-07T15:34:51","guid":{"rendered":"https:\/\/www.playadoradaresidence.com\/?page_id=416"},"modified":"2025-03-18T14:23:26","modified_gmt":"2025-03-18T14:23:26","slug":"galerie-photos","status":"publish","type":"page","link":"https:\/\/www.playadoradaresidence.com\/fr\/galerie-photos\/","title":{"rendered":"Galerie photos"},"content":{"rendered":"<p>D\u00e9couvrez notre structure \u00e0 travers des images qui racontent l\u2019essence de votre s\u00e9jour id\u00e9al. Des logements confortables aux espaces communs soign\u00e9s dans les d\u00e9tails, des piscines aux activit\u00e9s d\u2019animation, explorez chaque coin con\u00e7u pour votre d\u00e9tente et votre plaisir. Laissez-vous inspirer et commencez \u00e0 r\u00eaver de vos prochaines vacances avec nous!<\/p>\n","protected":false},"excerpt":{"rendered":"<p>D\u00e9couvrez notre structure \u00e0 travers des images qui racontent l\u2019essence de votre s\u00e9jour id\u00e9al. Des logements confortables aux espaces communs soign\u00e9s dans les d\u00e9tails, des piscines aux activit\u00e9s d\u2019animation, explorez chaque coin con\u00e7u pour votre d\u00e9tente et votre plaisir. Laissez-vous inspirer et commencez \u00e0 r\u00eaver de vos prochaines vacances avec nous!<\/p>\n","protected":false},"author":13,"featured_media":0,"parent":0,"menu_order":40,"comment_status":"closed","ping_status":"closed","template":"template-gallery.php","meta":{"footnotes":""},"yoast_head":"<!-- This site is optimized with the Yoast SEO plugin v22.3 - https:\/\/yoast.com\/wordpress\/plugins\/seo\/ -->\n<title>Galerie photos - Playa Dorada Residence -<\/title>\n<meta name=\"description\" content=\"D\u00e9couvrez notre structure \u00e0 travers des images qui racontent l\u2019essence de votre s\u00e9jour id\u00e9al. Des logements confortables aux espaces communs soign\u00e9s dans les d\u00e9tails, des piscines aux activit\u00e9s d\u2019animation, explorez chaque coin con\u00e7u pour votre d\u00e9tente et votre plaisir\" \/>\n<meta name=\"robots\" content=\"index, follow, max-snippet:-1, max-image-preview:large, max-video-preview:-1\" \/>\n<link rel=\"canonical\" href=\"https:\/\/www.playadoradaresidence.com\/fr\/galerie-photos\/\" \/>\n<meta property=\"og:locale\" content=\"fr_FR\" \/>\n<meta property=\"og:type\" content=\"article\" \/>\n<meta property=\"og:title\" content=\"Galerie photos - Playa Dorada Residence -\" \/>\n<meta property=\"og:description\" content=\"D\u00e9couvrez notre structure \u00e0 travers des images qui racontent l\u2019essence de votre s\u00e9jour id\u00e9al. Des logements confortables aux espaces communs soign\u00e9s dans les d\u00e9tails, des piscines aux activit\u00e9s d\u2019animation, explorez chaque coin con\u00e7u pour votre d\u00e9tente et votre plaisir\" \/>\n<meta property=\"og:url\" content=\"https:\/\/www.playadoradaresidence.com\/fr\/galerie-photos\/\" \/>\n<meta property=\"og:site_name\" content=\"Playa Dorada Residence\" \/>\n<meta property=\"article:publisher\" content=\"https:\/\/facebook.com\/tomasitourism\" \/>\n<meta property=\"article:modified_time\" content=\"2025-03-18T14:23:26+00:00\" \/>\n<meta property=\"og:image\" content=\"https:\/\/www.playadoradaresidence.com\/wp-content\/uploads\/sites\/209\/2025\/02\/playa_dorada_home_slide02.jpg\" \/>\n\t<meta property=\"og:image:width\" content=\"2200\" \/>\n\t<meta property=\"og:image:height\" content=\"1200\" \/>\n\t<meta property=\"og:image:type\" content=\"image\/jpeg\" \/>\n<meta name=\"twitter:card\" content=\"summary_large_image\" \/>\n<meta name=\"twitter:label1\" content=\"Dur\u00e9e de lecture estim\u00e9e\" \/>\n\t<meta name=\"twitter:data1\" content=\"1 minute\" \/>\n<script type=\"application\/ld+json\" class=\"yoast-schema-graph\">{\"@context\":\"https:\/\/schema.org\",\"@graph\":[{\"@type\":\"WebPage\",\"@id\":\"https:\/\/www.playadoradaresidence.com\/fr\/galerie-photos\/\",\"url\":\"https:\/\/www.playadoradaresidence.com\/fr\/galerie-photos\/\",\"name\":\"Galerie photos - Playa Dorada Residence -\",\"isPartOf\":{\"@id\":\"https:\/\/www.playadoradaresidence.com\/fr\/#website\"},\"datePublished\":\"2025-02-07T15:34:51+00:00\",\"dateModified\":\"2025-03-18T14:23:26+00:00\",\"description\":\"D\u00e9couvrez notre structure \u00e0 travers des images qui racontent l\u2019essence de votre s\u00e9jour id\u00e9al. Des logements confortables aux espaces communs soign\u00e9s dans les d\u00e9tails, des piscines aux activit\u00e9s d\u2019animation, explorez chaque coin con\u00e7u pour votre d\u00e9tente et votre plaisir\",\"breadcrumb\":{\"@id\":\"https:\/\/www.playadoradaresidence.com\/fr\/galerie-photos\/#breadcrumb\"},\"inLanguage\":\"fr-FR\",\"potentialAction\":[{\"@type\":\"ReadAction\",\"target\":[\"https:\/\/www.playadoradaresidence.com\/fr\/galerie-photos\/\"]}]},{\"@type\":\"BreadcrumbList\",\"@id\":\"https:\/\/www.playadoradaresidence.com\/fr\/galerie-photos\/#breadcrumb\",\"itemListElement\":[{\"@type\":\"ListItem\",\"position\":1,\"name\":\"Home\",\"item\":\"https:\/\/www.playadoradaresidence.com\/fr\/\"},{\"@type\":\"ListItem\",\"position\":2,\"name\":\"Galerie photos\"}]},{\"@type\":\"WebSite\",\"@id\":\"https:\/\/www.playadoradaresidence.com\/fr\/#website\",\"url\":\"https:\/\/www.playadoradaresidence.com\/fr\/\",\"name\":\"Playa Dorada Residence\",\"description\":\"\",\"publisher\":{\"@id\":\"https:\/\/www.playadoradaresidence.com\/fr\/#organization\"},\"potentialAction\":[{\"@type\":\"SearchAction\",\"target\":{\"@type\":\"EntryPoint\",\"urlTemplate\":\"https:\/\/www.playadoradaresidence.com\/fr\/?s={search_term_string}\"},\"query-input\":\"required name=search_term_string\"}],\"inLanguage\":\"fr-FR\"},{\"@type\":\"Organization\",\"@id\":\"https:\/\/www.playadoradaresidence.com\/fr\/#organization\",\"name\":\"Playa Dorada Residence\",\"url\":\"https:\/\/www.playadoradaresidence.com\/fr\/\",\"logo\":{\"@type\":\"ImageObject\",\"inLanguage\":\"fr-FR\",\"@id\":\"https:\/\/www.playadoradaresidence.com\/fr\/#\/schema\/logo\/image\/\",\"url\":\"https:\/\/www.playadoradaresidence.com\/wp-content\/uploads\/sites\/209\/2025\/01\/Playa_dorada.png\",\"contentUrl\":\"https:\/\/www.playadoradaresidence.com\/wp-content\/uploads\/sites\/209\/2025\/01\/Playa_dorada.png\",\"width\":218,\"height\":54,\"caption\":\"Playa Dorada Residence\"},\"image\":{\"@id\":\"https:\/\/www.playadoradaresidence.com\/fr\/#\/schema\/logo\/image\/\"},\"sameAs\":[\"https:\/\/facebook.com\/tomasitourism\",\"https:\/\/www.instagram.com\/tomasitourism\/\"]}]}<\/script>\n<!-- \/ Yoast SEO plugin. -->","yoast_head_json":{"title":"Galerie photos - Playa Dorada Residence -","description":"D\u00e9couvrez notre structure \u00e0 travers des images qui racontent l\u2019essence de votre s\u00e9jour id\u00e9al. Des logements confortables aux espaces communs soign\u00e9s dans les d\u00e9tails, des piscines aux activit\u00e9s d\u2019animation, explorez chaque coin con\u00e7u pour votre d\u00e9tente et votre plaisir","robots":{"index":"index","follow":"follow","max-snippet":"max-snippet:-1","max-image-preview":"max-image-preview:large","max-video-preview":"max-video-preview:-1"},"canonical":"https:\/\/www.playadoradaresidence.com\/fr\/galerie-photos\/","og_locale":"fr_FR","og_type":"article","og_title":"Galerie photos - Playa Dorada Residence -","og_description":"D\u00e9couvrez notre structure \u00e0 travers des images qui racontent l\u2019essence de votre s\u00e9jour id\u00e9al. Des logements confortables aux espaces communs soign\u00e9s dans les d\u00e9tails, des piscines aux activit\u00e9s d\u2019animation, explorez chaque coin con\u00e7u pour votre d\u00e9tente et votre plaisir","og_url":"https:\/\/www.playadoradaresidence.com\/fr\/galerie-photos\/","og_site_name":"Playa Dorada Residence","article_publisher":"https:\/\/facebook.com\/tomasitourism","article_modified_time":"2025-03-18T14:23:26+00:00","og_image":[{"width":2200,"height":1200,"url":"https:\/\/www.playadoradaresidence.com\/wp-content\/uploads\/sites\/209\/2025\/02\/playa_dorada_home_slide02.jpg","type":"image\/jpeg"}],"twitter_card":"summary_large_image","twitter_misc":{"Dur\u00e9e de lecture estim\u00e9e":"1 minute"},"schema":{"@context":"https:\/\/schema.org","@graph":[{"@type":"WebPage","@id":"https:\/\/www.playadoradaresidence.com\/fr\/galerie-photos\/","url":"https:\/\/www.playadoradaresidence.com\/fr\/galerie-photos\/","name":"Galerie photos - Playa Dorada Residence -","isPartOf":{"@id":"https:\/\/www.playadoradaresidence.com\/fr\/#website"},"datePublished":"2025-02-07T15:34:51+00:00","dateModified":"2025-03-18T14:23:26+00:00","description":"D\u00e9couvrez notre structure \u00e0 travers des images qui racontent l\u2019essence de votre s\u00e9jour id\u00e9al. Des logements confortables aux espaces communs soign\u00e9s dans les d\u00e9tails, des piscines aux activit\u00e9s d\u2019animation, explorez chaque coin con\u00e7u pour votre d\u00e9tente et votre plaisir","breadcrumb":{"@id":"https:\/\/www.playadoradaresidence.com\/fr\/galerie-photos\/#breadcrumb"},"inLanguage":"fr-FR","potentialAction":[{"@type":"ReadAction","target":["https:\/\/www.playadoradaresidence.com\/fr\/galerie-photos\/"]}]},{"@type":"BreadcrumbList","@id":"https:\/\/www.playadoradaresidence.com\/fr\/galerie-photos\/#breadcrumb","itemListElement":[{"@type":"ListItem","position":1,"name":"Home","item":"https:\/\/www.playadoradaresidence.com\/fr\/"},{"@type":"ListItem","position":2,"name":"Galerie photos"}]},{"@type":"WebSite","@id":"https:\/\/www.playadoradaresidence.com\/fr\/#website","url":"https:\/\/www.playadoradaresidence.com\/fr\/","name":"Playa Dorada Residence","description":"","publisher":{"@id":"https:\/\/www.playadoradaresidence.com\/fr\/#organization"},"potentialAction":[{"@type":"SearchAction","target":{"@type":"EntryPoint","urlTemplate":"https:\/\/www.playadoradaresidence.com\/fr\/?s={search_term_string}"},"query-input":"required name=search_term_string"}],"inLanguage":"fr-FR"},{"@type":"Organization","@id":"https:\/\/www.playadoradaresidence.com\/fr\/#organization","name":"Playa Dorada Residence","url":"https:\/\/www.playadoradaresidence.com\/fr\/","logo":{"@type":"ImageObject","inLanguage":"fr-FR","@id":"https:\/\/www.playadoradaresidence.com\/fr\/#\/schema\/logo\/image\/","url":"https:\/\/www.playadoradaresidence.com\/wp-content\/uploads\/sites\/209\/2025\/01\/Playa_dorada.png","contentUrl":"https:\/\/www.playadoradaresidence.com\/wp-content\/uploads\/sites\/209\/2025\/01\/Playa_dorada.png","width":218,"height":54,"caption":"Playa Dorada Residence"},"image":{"@id":"https:\/\/www.playadoradaresidence.com\/fr\/#\/schema\/logo\/image\/"},"sameAs":["https:\/\/facebook.com\/tomasitourism","https:\/\/www.instagram.com\/tomasitourism\/"]}]}},"acf":[],"_links":{"self":[{"href":"https:\/\/www.playadoradaresidence.com\/fr\/wp-json\/wp\/v2\/pages\/416"}],"collection":[{"href":"https:\/\/www.playadoradaresidence.com\/fr\/wp-json\/wp\/v2\/pages"}],"about":[{"href":"https:\/\/www.playadoradaresidence.com\/fr\/wp-json\/wp\/v2\/types\/page"}],"author":[{"embeddable":true,"href":"https:\/\/www.playadoradaresidence.com\/fr\/wp-json\/wp\/v2\/users\/13"}],"replies":[{"embeddable":true,"href":"https:\/\/www.playadoradaresidence.com\/fr\/wp-json\/wp\/v2\/comments?post=416"}],"version-history":[{"count":0,"href":"https:\/\/www.playadoradaresidence.com\/fr\/wp-json\/wp\/v2\/pages\/416\/revisions"}],"wp:attachment":[{"href":"https:\/\/www.playadoradaresidence.com\/fr\/wp-json\/wp\/v2\/media?parent=416"}],"curies":[{"name":"wp","href":"https:\/\/api.w.org\/{rel}","templated":true}]}}