   {"id":410,"date":"2025-02-10T12:51:02","date_gmt":"2025-02-10T12:51:02","guid":{"rendered":"https:\/\/www.playadoradaresidence.com\/?page_id=410"},"modified":"2025-03-18T14:17:21","modified_gmt":"2025-03-18T14:17:21","slug":"animation","status":"publish","type":"page","link":"https:\/\/www.playadoradaresidence.com\/fr\/services\/animation\/","title":{"rendered":"Animation"},"content":{"rendered":"<p>En vacances, il est surtout agr\u00e9able de s\u2019amuser ensemble\u00a0: c\u2019est pourquoi \u00e0 la Playa Dorada Residence nous avons un super service d\u2019animation pour les familles.<\/p>\n<p>&nbsp;<\/p>\n<p>Les services offerts par notre r\u00e9sidence pr\u00e8s de Comacchio comprennent l\u2019animation pour les enfants et le mini-club pour les plus petits, des jeux pour les adolescents et les adultes.<\/p>\n<p>&nbsp;<\/p>\n<p>Avec notre mini-club, les enfants sont les protagonistes incontestables des activit\u00e9s propos\u00e9es\u00a0: leur plaisir sera rendu unique par les jeunes attentifs de notre \u00e9quipe d\u2019animation.<\/p>\n<p>&nbsp;<\/p>\n<p>L\u2019animation vous attend d\u00e8s le matin, sur la plage, pour vivre ensemble des vacances amusantes et actives!<br \/>\nR\u00e9veil musculaire, jeux, tournois, danses de groupe et bien plus encore sont les activit\u00e9s quotidiennes sur notre belle plage.<br \/>\nNous vous attendons pour vous faire vivre des vacances inoubliables \u00e0 la plage!<\/p>\n","protected":false},"excerpt":{"rendered":"<p>En vacances, il est surtout agr\u00e9able de s\u2019amuser ensemble\u00a0: c\u2019est pourquoi \u00e0 la Playa Dorada Residence nous avons un super service d\u2019animation pour les familles. &nbsp; Les services offerts par notre r\u00e9sidence pr\u00e8s de Comacchio comprennent l\u2019animation pour les enfants et le mini-club pour les plus petits, des jeux pour les adolescents et les adultes. [&hellip;]<\/p>\n","protected":false},"author":13,"featured_media":0,"parent":398,"menu_order":10,"comment_status":"closed","ping_status":"closed","template":"","meta":{"footnotes":""},"yoast_head":"<!-- This site is optimized with the Yoast SEO plugin v22.3 - https:\/\/yoast.com\/wordpress\/plugins\/seo\/ -->\n<title>Animation - Playa Dorada Residence -<\/title>\n<meta name=\"description\" content=\"En vacances, il est surtout agr\u00e9able de s\u2019amuser ensemble\u00a0: c\u2019est pourquoi \u00e0 la Playa Dorada Residence nous avons un super service d\u2019animation pour les familles.  &nbsp;  Les services offerts par notre r\u00e9sidence pr\u00e8s de Comacchio comprennent l\u2019animation pour les enfants et le mini-club pour les plus petits, des jeux pour les adolescents et les adultes.  &nbsp;  Avec notre mini-club, les enfants sont les protagonistes incontestables des activit\u00e9s propos\u00e9es\u00a0: leur plaisir sera rendu unique par les jeunes attentifs de notre \u00e9quipe d\u2019animation.  &nbsp;  L\u2019animation vous attend d\u00e8s le matin, sur la plage, pour vivre ensemble des vacances amusantes et actives! R\u00e9veil musculaire, jeux, tournois, danses de groupe et bien plus encore sont les activit\u00e9s quotidiennes sur notre belle plage. Nous vous attendons pour vous faire vivre des vacances inoubliables \u00e0 la plage!.\" \/>\n<meta name=\"robots\" content=\"index, follow, max-snippet:-1, max-image-preview:large, max-video-preview:-1\" \/>\n<link rel=\"canonical\" href=\"https:\/\/www.playadoradaresidence.com\/fr\/services\/animation\/\" \/>\n<meta property=\"og:locale\" content=\"fr_FR\" \/>\n<meta property=\"og:type\" content=\"article\" \/>\n<meta property=\"og:title\" content=\"Animation - Playa Dorada Residence -\" \/>\n<meta property=\"og:description\" content=\"En vacances, il est surtout agr\u00e9able de s\u2019amuser ensemble\u00a0: c\u2019est pourquoi \u00e0 la Playa Dorada Residence nous avons un super service d\u2019animation pour les familles.  &nbsp;  Les services offerts par notre r\u00e9sidence pr\u00e8s de Comacchio comprennent l\u2019animation pour les enfants et le mini-club pour les plus petits, des jeux pour les adolescents et les adultes.  &nbsp;  Avec notre mini-club, les enfants sont les protagonistes incontestables des activit\u00e9s propos\u00e9es\u00a0: leur plaisir sera rendu unique par les jeunes attentifs de notre \u00e9quipe d\u2019animation.  &nbsp;  L\u2019animation vous attend d\u00e8s le matin, sur la plage, pour vivre ensemble des vacances amusantes et actives! R\u00e9veil musculaire, jeux, tournois, danses de groupe et bien plus encore sont les activit\u00e9s quotidiennes sur notre belle plage. Nous vous attendons pour vous faire vivre des vacances inoubliables \u00e0 la plage!.\" \/>\n<meta property=\"og:url\" content=\"https:\/\/www.playadoradaresidence.com\/fr\/services\/animation\/\" \/>\n<meta property=\"og:site_name\" content=\"Playa Dorada Residence\" \/>\n<meta property=\"article:publisher\" content=\"https:\/\/facebook.com\/tomasitourism\" \/>\n<meta property=\"article:modified_time\" content=\"2025-03-18T14:17:21+00:00\" \/>\n<meta property=\"og:image\" content=\"https:\/\/www.playadoradaresidence.com\/wp-content\/uploads\/sites\/209\/2025\/02\/playa_dorada_home_slide02.jpg\" \/>\n\t<meta property=\"og:image:width\" content=\"2200\" \/>\n\t<meta property=\"og:image:height\" content=\"1200\" \/>\n\t<meta property=\"og:image:type\" content=\"image\/jpeg\" \/>\n<meta name=\"twitter:card\" content=\"summary_large_image\" \/>\n<meta name=\"twitter:label1\" content=\"Dur\u00e9e de lecture estim\u00e9e\" \/>\n\t<meta name=\"twitter:data1\" content=\"1 minute\" \/>\n<script type=\"application\/ld+json\" class=\"yoast-schema-graph\">{\"@context\":\"https:\/\/schema.org\",\"@graph\":[{\"@type\":\"WebPage\",\"@id\":\"https:\/\/www.playadoradaresidence.com\/fr\/services\/animation\/\",\"url\":\"https:\/\/www.playadoradaresidence.com\/fr\/services\/animation\/\",\"name\":\"Animation - Playa Dorada Residence -\",\"isPartOf\":{\"@id\":\"https:\/\/www.playadoradaresidence.com\/fr\/#website\"},\"datePublished\":\"2025-02-10T12:51:02+00:00\",\"dateModified\":\"2025-03-18T14:17:21+00:00\",\"description\":\"En vacances, il est surtout agr\u00e9able de s\u2019amuser ensemble\u00a0: c\u2019est pourquoi \u00e0 la Playa Dorada Residence nous avons un super service d\u2019animation pour les familles. &nbsp; Les services offerts par notre r\u00e9sidence pr\u00e8s de Comacchio comprennent l\u2019animation pour les enfants et le mini-club pour les plus petits, des jeux pour les adolescents et les adultes. &nbsp; Avec notre mini-club, les enfants sont les protagonistes incontestables des activit\u00e9s propos\u00e9es\u00a0: leur plaisir sera rendu unique par les jeunes attentifs de notre \u00e9quipe d\u2019animation. &nbsp; L\u2019animation vous attend d\u00e8s le matin, sur la plage, pour vivre ensemble des vacances amusantes et actives! R\u00e9veil musculaire, jeux, tournois, danses de groupe et bien plus encore sont les activit\u00e9s quotidiennes sur notre belle plage. Nous vous attendons pour vous faire vivre des vacances inoubliables \u00e0 la plage!.\",\"breadcrumb\":{\"@id\":\"https:\/\/www.playadoradaresidence.com\/fr\/services\/animation\/#breadcrumb\"},\"inLanguage\":\"fr-FR\",\"potentialAction\":[{\"@type\":\"ReadAction\",\"target\":[\"https:\/\/www.playadoradaresidence.com\/fr\/services\/animation\/\"]}]},{\"@type\":\"BreadcrumbList\",\"@id\":\"https:\/\/www.playadoradaresidence.com\/fr\/services\/animation\/#breadcrumb\",\"itemListElement\":[{\"@type\":\"ListItem\",\"position\":1,\"name\":\"Home\",\"item\":\"https:\/\/www.playadoradaresidence.com\/fr\/\"},{\"@type\":\"ListItem\",\"position\":2,\"name\":\"Services\",\"item\":\"https:\/\/www.playadoradaresidence.com\/fr\/servizi\/\"},{\"@type\":\"ListItem\",\"position\":3,\"name\":\"Animation\"}]},{\"@type\":\"WebSite\",\"@id\":\"https:\/\/www.playadoradaresidence.com\/fr\/#website\",\"url\":\"https:\/\/www.playadoradaresidence.com\/fr\/\",\"name\":\"Playa Dorada Residence\",\"description\":\"\",\"publisher\":{\"@id\":\"https:\/\/www.playadoradaresidence.com\/fr\/#organization\"},\"potentialAction\":[{\"@type\":\"SearchAction\",\"target\":{\"@type\":\"EntryPoint\",\"urlTemplate\":\"https:\/\/www.playadoradaresidence.com\/fr\/?s={search_term_string}\"},\"query-input\":\"required name=search_term_string\"}],\"inLanguage\":\"fr-FR\"},{\"@type\":\"Organization\",\"@id\":\"https:\/\/www.playadoradaresidence.com\/fr\/#organization\",\"name\":\"Playa Dorada Residence\",\"url\":\"https:\/\/www.playadoradaresidence.com\/fr\/\",\"logo\":{\"@type\":\"ImageObject\",\"inLanguage\":\"fr-FR\",\"@id\":\"https:\/\/www.playadoradaresidence.com\/fr\/#\/schema\/logo\/image\/\",\"url\":\"https:\/\/www.playadoradaresidence.com\/wp-content\/uploads\/sites\/209\/2025\/01\/Playa_dorada.png\",\"contentUrl\":\"https:\/\/www.playadoradaresidence.com\/wp-content\/uploads\/sites\/209\/2025\/01\/Playa_dorada.png\",\"width\":218,\"height\":54,\"caption\":\"Playa Dorada Residence\"},\"image\":{\"@id\":\"https:\/\/www.playadoradaresidence.com\/fr\/#\/schema\/logo\/image\/\"},\"sameAs\":[\"https:\/\/facebook.com\/tomasitourism\",\"https:\/\/www.instagram.com\/tomasitourism\/\"]}]}<\/script>\n<!-- \/ Yoast SEO plugin. -->","yoast_head_json":{"title":"Animation - Playa Dorada Residence -","description":"En vacances, il est surtout agr\u00e9able de s\u2019amuser ensemble\u00a0: c\u2019est pourquoi \u00e0 la Playa Dorada Residence nous avons un super service d\u2019animation pour les familles.  &nbsp;  Les services offerts par notre r\u00e9sidence pr\u00e8s de Comacchio comprennent l\u2019animation pour les enfants et le mini-club pour les plus petits, des jeux pour les adolescents et les adultes.  &nbsp;  Avec notre mini-club, les enfants sont les protagonistes incontestables des activit\u00e9s propos\u00e9es\u00a0: leur plaisir sera rendu unique par les jeunes attentifs de notre \u00e9quipe d\u2019animation.  &nbsp;  L\u2019animation vous attend d\u00e8s le matin, sur la plage, pour vivre ensemble des vacances amusantes et actives! R\u00e9veil musculaire, jeux, tournois, danses de groupe et bien plus encore sont les activit\u00e9s quotidiennes sur notre belle plage. Nous vous attendons pour vous faire vivre des vacances inoubliables \u00e0 la plage!.","robots":{"index":"index","follow":"follow","max-snippet":"max-snippet:-1","max-image-preview":"max-image-preview:large","max-video-preview":"max-video-preview:-1"},"canonical":"https:\/\/www.playadoradaresidence.com\/fr\/services\/animation\/","og_locale":"fr_FR","og_type":"article","og_title":"Animation - Playa Dorada Residence -","og_description":"En vacances, il est surtout agr\u00e9able de s\u2019amuser ensemble\u00a0: c\u2019est pourquoi \u00e0 la Playa Dorada Residence nous avons un super service d\u2019animation pour les familles.  &nbsp;  Les services offerts par notre r\u00e9sidence pr\u00e8s de Comacchio comprennent l\u2019animation pour les enfants et le mini-club pour les plus petits, des jeux pour les adolescents et les adultes.  &nbsp;  Avec notre mini-club, les enfants sont les protagonistes incontestables des activit\u00e9s propos\u00e9es\u00a0: leur plaisir sera rendu unique par les jeunes attentifs de notre \u00e9quipe d\u2019animation.  &nbsp;  L\u2019animation vous attend d\u00e8s le matin, sur la plage, pour vivre ensemble des vacances amusantes et actives! R\u00e9veil musculaire, jeux, tournois, danses de groupe et bien plus encore sont les activit\u00e9s quotidiennes sur notre belle plage. Nous vous attendons pour vous faire vivre des vacances inoubliables \u00e0 la plage!.","og_url":"https:\/\/www.playadoradaresidence.com\/fr\/services\/animation\/","og_site_name":"Playa Dorada Residence","article_publisher":"https:\/\/facebook.com\/tomasitourism","article_modified_time":"2025-03-18T14:17:21+00:00","og_image":[{"width":2200,"height":1200,"url":"https:\/\/www.playadoradaresidence.com\/wp-content\/uploads\/sites\/209\/2025\/02\/playa_dorada_home_slide02.jpg","type":"image\/jpeg"}],"twitter_card":"summary_large_image","twitter_misc":{"Dur\u00e9e de lecture estim\u00e9e":"1 minute"},"schema":{"@context":"https:\/\/schema.org","@graph":[{"@type":"WebPage","@id":"https:\/\/www.playadoradaresidence.com\/fr\/services\/animation\/","url":"https:\/\/www.playadoradaresidence.com\/fr\/services\/animation\/","name":"Animation - Playa Dorada Residence -","isPartOf":{"@id":"https:\/\/www.playadoradaresidence.com\/fr\/#website"},"datePublished":"2025-02-10T12:51:02+00:00","dateModified":"2025-03-18T14:17:21+00:00","description":"En vacances, il est surtout agr\u00e9able de s\u2019amuser ensemble\u00a0: c\u2019est pourquoi \u00e0 la Playa Dorada Residence nous avons un super service d\u2019animation pour les familles. &nbsp; Les services offerts par notre r\u00e9sidence pr\u00e8s de Comacchio comprennent l\u2019animation pour les enfants et le mini-club pour les plus petits, des jeux pour les adolescents et les adultes. &nbsp; Avec notre mini-club, les enfants sont les protagonistes incontestables des activit\u00e9s propos\u00e9es\u00a0: leur plaisir sera rendu unique par les jeunes attentifs de notre \u00e9quipe d\u2019animation. &nbsp; L\u2019animation vous attend d\u00e8s le matin, sur la plage, pour vivre ensemble des vacances amusantes et actives! R\u00e9veil musculaire, jeux, tournois, danses de groupe et bien plus encore sont les activit\u00e9s quotidiennes sur notre belle plage. Nous vous attendons pour vous faire vivre des vacances inoubliables \u00e0 la plage!.","breadcrumb":{"@id":"https:\/\/www.playadoradaresidence.com\/fr\/services\/animation\/#breadcrumb"},"inLanguage":"fr-FR","potentialAction":[{"@type":"ReadAction","target":["https:\/\/www.playadoradaresidence.com\/fr\/services\/animation\/"]}]},{"@type":"BreadcrumbList","@id":"https:\/\/www.playadoradaresidence.com\/fr\/services\/animation\/#breadcrumb","itemListElement":[{"@type":"ListItem","position":1,"name":"Home","item":"https:\/\/www.playadoradaresidence.com\/fr\/"},{"@type":"ListItem","position":2,"name":"Services","item":"https:\/\/www.playadoradaresidence.com\/fr\/servizi\/"},{"@type":"ListItem","position":3,"name":"Animation"}]},{"@type":"WebSite","@id":"https:\/\/www.playadoradaresidence.com\/fr\/#website","url":"https:\/\/www.playadoradaresidence.com\/fr\/","name":"Playa Dorada Residence","description":"","publisher":{"@id":"https:\/\/www.playadoradaresidence.com\/fr\/#organization"},"potentialAction":[{"@type":"SearchAction","target":{"@type":"EntryPoint","urlTemplate":"https:\/\/www.playadoradaresidence.com\/fr\/?s={search_term_string}"},"query-input":"required name=search_term_string"}],"inLanguage":"fr-FR"},{"@type":"Organization","@id":"https:\/\/www.playadoradaresidence.com\/fr\/#organization","name":"Playa Dorada Residence","url":"https:\/\/www.playadoradaresidence.com\/fr\/","logo":{"@type":"ImageObject","inLanguage":"fr-FR","@id":"https:\/\/www.playadoradaresidence.com\/fr\/#\/schema\/logo\/image\/","url":"https:\/\/www.playadoradaresidence.com\/wp-content\/uploads\/sites\/209\/2025\/01\/Playa_dorada.png","contentUrl":"https:\/\/www.playadoradaresidence.com\/wp-content\/uploads\/sites\/209\/2025\/01\/Playa_dorada.png","width":218,"height":54,"caption":"Playa Dorada Residence"},"image":{"@id":"https:\/\/www.playadoradaresidence.com\/fr\/#\/schema\/logo\/image\/"},"sameAs":["https:\/\/facebook.com\/tomasitourism","https:\/\/www.instagram.com\/tomasitourism\/"]}]}},"acf":[],"_links":{"self":[{"href":"https:\/\/www.playadoradaresidence.com\/fr\/wp-json\/wp\/v2\/pages\/410"}],"collection":[{"href":"https:\/\/www.playadoradaresidence.com\/fr\/wp-json\/wp\/v2\/pages"}],"about":[{"href":"https:\/\/www.playadoradaresidence.com\/fr\/wp-json\/wp\/v2\/types\/page"}],"author":[{"embeddable":true,"href":"https:\/\/www.playadoradaresidence.com\/fr\/wp-json\/wp\/v2\/users\/13"}],"replies":[{"embeddable":true,"href":"https:\/\/www.playadoradaresidence.com\/fr\/wp-json\/wp\/v2\/comments?post=410"}],"version-history":[{"count":0,"href":"https:\/\/www.playadoradaresidence.com\/fr\/wp-json\/wp\/v2\/pages\/410\/revisions"}],"up":[{"embeddable":true,"href":"https:\/\/www.playadoradaresidence.com\/fr\/wp-json\/wp\/v2\/pages\/398"}],"wp:attachment":[{"href":"https:\/\/www.playadoradaresidence.com\/fr\/wp-json\/wp\/v2\/media?parent=410"}],"curies":[{"name":"wp","href":"https:\/\/api.w.org\/{rel}","templated":true}]}}