   {"id":377,"date":"2025-02-10T08:09:47","date_gmt":"2025-02-10T08:09:47","guid":{"rendered":"https:\/\/www.playadoradaresidence.com\/?page_id=377"},"modified":"2025-03-17T16:15:59","modified_gmt":"2025-03-17T16:15:59","slug":"appartement-de-trois-pieces-plus-front-mer","status":"publish","type":"page","link":"https:\/\/www.playadoradaresidence.com\/fr\/hebergements\/appartement-de-trois-pieces-plus-front-mer\/","title":{"rendered":"Appartement de trois pi\u00e8ces Plus front mer"},"content":{"rendered":"<p>Situ\u00e9 au premier \u00e9tage, l\u2019appartement de trois pi\u00e8ces plus face \u00e0 la plage dispose d\u2019une magnifique terrasse avec vue sur la plage et la mer, il se compose d\u2019un salon avec coin cuisine et canap\u00e9-lit double, chambre double, chambre avec 2 lits simples et 2 salles de bains.<\/p>\n","protected":false},"excerpt":{"rendered":"<p>Situ\u00e9 au premier \u00e9tage, l\u2019appartement de trois pi\u00e8ces plus face \u00e0 la plage dispose d\u2019une magnifique terrasse avec vue sur la plage et la mer, il se compose d\u2019un salon avec coin cuisine et canap\u00e9-lit double, chambre double, chambre avec 2 lits simples et 2 salles de bains.<\/p>\n","protected":false},"author":13,"featured_media":0,"parent":346,"menu_order":25,"comment_status":"closed","ping_status":"closed","template":"template-room.php","meta":{"footnotes":""},"yoast_head":"<!-- This site is optimized with the Yoast SEO plugin v22.3 - https:\/\/yoast.com\/wordpress\/plugins\/seo\/ -->\n<title>Appartement de trois pi\u00e8ces Plus front mer - Playa Dorada Residence -<\/title>\n<meta name=\"description\" content=\"Situ\u00e9 au premier \u00e9tage, l\u2019appartement de trois pi\u00e8ces plus face \u00e0 la plage dispose d\u2019une magnifique terrasse avec vue sur la plage et la mer, il se compose d\u2019un salon avec coin cuisine et canap\u00e9-lit double, chambre double, chambre avec 2 lits simples et 2 salles de bains..\" \/>\n<meta name=\"robots\" content=\"index, follow, max-snippet:-1, max-image-preview:large, max-video-preview:-1\" \/>\n<link rel=\"canonical\" href=\"https:\/\/www.playadoradaresidence.com\/fr\/hebergements\/appartement-de-trois-pieces-plus-front-mer\/\" \/>\n<meta property=\"og:locale\" content=\"fr_FR\" \/>\n<meta property=\"og:type\" content=\"article\" \/>\n<meta property=\"og:title\" content=\"Appartement de trois pi\u00e8ces Plus front mer - Playa Dorada Residence -\" \/>\n<meta property=\"og:description\" content=\"Situ\u00e9 au premier \u00e9tage, l\u2019appartement de trois pi\u00e8ces plus face \u00e0 la plage dispose d\u2019une magnifique terrasse avec vue sur la plage et la mer, il se compose d\u2019un salon avec coin cuisine et canap\u00e9-lit double, chambre double, chambre avec 2 lits simples et 2 salles de bains..\" \/>\n<meta property=\"og:url\" content=\"https:\/\/www.playadoradaresidence.com\/fr\/hebergements\/appartement-de-trois-pieces-plus-front-mer\/\" \/>\n<meta property=\"og:site_name\" content=\"Playa Dorada Residence\" \/>\n<meta property=\"article:publisher\" content=\"https:\/\/facebook.com\/tomasitourism\" \/>\n<meta property=\"article:modified_time\" content=\"2025-03-17T16:15:59+00:00\" \/>\n<meta property=\"og:image\" content=\"https:\/\/www.playadoradaresidence.com\/wp-content\/uploads\/sites\/209\/2025\/02\/playa_dorada_home_slide02.jpg\" \/>\n\t<meta property=\"og:image:width\" content=\"2200\" \/>\n\t<meta property=\"og:image:height\" content=\"1200\" \/>\n\t<meta property=\"og:image:type\" content=\"image\/jpeg\" \/>\n<meta name=\"twitter:card\" content=\"summary_large_image\" \/>\n<meta name=\"twitter:label1\" content=\"Dur\u00e9e de lecture estim\u00e9e\" \/>\n\t<meta name=\"twitter:data1\" content=\"1 minute\" \/>\n<script type=\"application\/ld+json\" class=\"yoast-schema-graph\">{\"@context\":\"https:\/\/schema.org\",\"@graph\":[{\"@type\":\"WebPage\",\"@id\":\"https:\/\/www.playadoradaresidence.com\/fr\/hebergements\/appartement-de-trois-pieces-plus-front-mer\/\",\"url\":\"https:\/\/www.playadoradaresidence.com\/fr\/hebergements\/appartement-de-trois-pieces-plus-front-mer\/\",\"name\":\"Appartement de trois pi\u00e8ces Plus front mer - Playa Dorada Residence -\",\"isPartOf\":{\"@id\":\"https:\/\/www.playadoradaresidence.com\/fr\/#website\"},\"datePublished\":\"2025-02-10T08:09:47+00:00\",\"dateModified\":\"2025-03-17T16:15:59+00:00\",\"description\":\"Situ\u00e9 au premier \u00e9tage, l\u2019appartement de trois pi\u00e8ces plus face \u00e0 la plage dispose d\u2019une magnifique terrasse avec vue sur la plage et la mer, il se compose d\u2019un salon avec coin cuisine et canap\u00e9-lit double, chambre double, chambre avec 2 lits simples et 2 salles de bains..\",\"breadcrumb\":{\"@id\":\"https:\/\/www.playadoradaresidence.com\/fr\/hebergements\/appartement-de-trois-pieces-plus-front-mer\/#breadcrumb\"},\"inLanguage\":\"fr-FR\",\"potentialAction\":[{\"@type\":\"ReadAction\",\"target\":[\"https:\/\/www.playadoradaresidence.com\/fr\/hebergements\/appartement-de-trois-pieces-plus-front-mer\/\"]}]},{\"@type\":\"BreadcrumbList\",\"@id\":\"https:\/\/www.playadoradaresidence.com\/fr\/hebergements\/appartement-de-trois-pieces-plus-front-mer\/#breadcrumb\",\"itemListElement\":[{\"@type\":\"ListItem\",\"position\":1,\"name\":\"Home\",\"item\":\"https:\/\/www.playadoradaresidence.com\/fr\/\"},{\"@type\":\"ListItem\",\"position\":2,\"name\":\"H\u00e9bergements\",\"item\":\"https:\/\/www.playadoradaresidence.com\/fr\/hebergements\/\"},{\"@type\":\"ListItem\",\"position\":3,\"name\":\"Appartement de trois pi\u00e8ces Plus front mer\"}]},{\"@type\":\"WebSite\",\"@id\":\"https:\/\/www.playadoradaresidence.com\/fr\/#website\",\"url\":\"https:\/\/www.playadoradaresidence.com\/fr\/\",\"name\":\"Playa Dorada Residence\",\"description\":\"\",\"publisher\":{\"@id\":\"https:\/\/www.playadoradaresidence.com\/fr\/#organization\"},\"potentialAction\":[{\"@type\":\"SearchAction\",\"target\":{\"@type\":\"EntryPoint\",\"urlTemplate\":\"https:\/\/www.playadoradaresidence.com\/fr\/?s={search_term_string}\"},\"query-input\":\"required name=search_term_string\"}],\"inLanguage\":\"fr-FR\"},{\"@type\":\"Organization\",\"@id\":\"https:\/\/www.playadoradaresidence.com\/fr\/#organization\",\"name\":\"Playa Dorada Residence\",\"url\":\"https:\/\/www.playadoradaresidence.com\/fr\/\",\"logo\":{\"@type\":\"ImageObject\",\"inLanguage\":\"fr-FR\",\"@id\":\"https:\/\/www.playadoradaresidence.com\/fr\/#\/schema\/logo\/image\/\",\"url\":\"https:\/\/www.playadoradaresidence.com\/wp-content\/uploads\/sites\/209\/2025\/01\/Playa_dorada.png\",\"contentUrl\":\"https:\/\/www.playadoradaresidence.com\/wp-content\/uploads\/sites\/209\/2025\/01\/Playa_dorada.png\",\"width\":218,\"height\":54,\"caption\":\"Playa Dorada Residence\"},\"image\":{\"@id\":\"https:\/\/www.playadoradaresidence.com\/fr\/#\/schema\/logo\/image\/\"},\"sameAs\":[\"https:\/\/facebook.com\/tomasitourism\",\"https:\/\/www.instagram.com\/tomasitourism\/\"]}]}<\/script>\n<!-- \/ Yoast SEO plugin. -->","yoast_head_json":{"title":"Appartement de trois pi\u00e8ces Plus front mer - Playa Dorada Residence -","description":"Situ\u00e9 au premier \u00e9tage, l\u2019appartement de trois pi\u00e8ces plus face \u00e0 la plage dispose d\u2019une magnifique terrasse avec vue sur la plage et la mer, il se compose d\u2019un salon avec coin cuisine et canap\u00e9-lit double, chambre double, chambre avec 2 lits simples et 2 salles de bains..","robots":{"index":"index","follow":"follow","max-snippet":"max-snippet:-1","max-image-preview":"max-image-preview:large","max-video-preview":"max-video-preview:-1"},"canonical":"https:\/\/www.playadoradaresidence.com\/fr\/hebergements\/appartement-de-trois-pieces-plus-front-mer\/","og_locale":"fr_FR","og_type":"article","og_title":"Appartement de trois pi\u00e8ces Plus front mer - Playa Dorada Residence -","og_description":"Situ\u00e9 au premier \u00e9tage, l\u2019appartement de trois pi\u00e8ces plus face \u00e0 la plage dispose d\u2019une magnifique terrasse avec vue sur la plage et la mer, il se compose d\u2019un salon avec coin cuisine et canap\u00e9-lit double, chambre double, chambre avec 2 lits simples et 2 salles de bains..","og_url":"https:\/\/www.playadoradaresidence.com\/fr\/hebergements\/appartement-de-trois-pieces-plus-front-mer\/","og_site_name":"Playa Dorada Residence","article_publisher":"https:\/\/facebook.com\/tomasitourism","article_modified_time":"2025-03-17T16:15:59+00:00","og_image":[{"width":2200,"height":1200,"url":"https:\/\/www.playadoradaresidence.com\/wp-content\/uploads\/sites\/209\/2025\/02\/playa_dorada_home_slide02.jpg","type":"image\/jpeg"}],"twitter_card":"summary_large_image","twitter_misc":{"Dur\u00e9e de lecture estim\u00e9e":"1 minute"},"schema":{"@context":"https:\/\/schema.org","@graph":[{"@type":"WebPage","@id":"https:\/\/www.playadoradaresidence.com\/fr\/hebergements\/appartement-de-trois-pieces-plus-front-mer\/","url":"https:\/\/www.playadoradaresidence.com\/fr\/hebergements\/appartement-de-trois-pieces-plus-front-mer\/","name":"Appartement de trois pi\u00e8ces Plus front mer - Playa Dorada Residence -","isPartOf":{"@id":"https:\/\/www.playadoradaresidence.com\/fr\/#website"},"datePublished":"2025-02-10T08:09:47+00:00","dateModified":"2025-03-17T16:15:59+00:00","description":"Situ\u00e9 au premier \u00e9tage, l\u2019appartement de trois pi\u00e8ces plus face \u00e0 la plage dispose d\u2019une magnifique terrasse avec vue sur la plage et la mer, il se compose d\u2019un salon avec coin cuisine et canap\u00e9-lit double, chambre double, chambre avec 2 lits simples et 2 salles de bains..","breadcrumb":{"@id":"https:\/\/www.playadoradaresidence.com\/fr\/hebergements\/appartement-de-trois-pieces-plus-front-mer\/#breadcrumb"},"inLanguage":"fr-FR","potentialAction":[{"@type":"ReadAction","target":["https:\/\/www.playadoradaresidence.com\/fr\/hebergements\/appartement-de-trois-pieces-plus-front-mer\/"]}]},{"@type":"BreadcrumbList","@id":"https:\/\/www.playadoradaresidence.com\/fr\/hebergements\/appartement-de-trois-pieces-plus-front-mer\/#breadcrumb","itemListElement":[{"@type":"ListItem","position":1,"name":"Home","item":"https:\/\/www.playadoradaresidence.com\/fr\/"},{"@type":"ListItem","position":2,"name":"H\u00e9bergements","item":"https:\/\/www.playadoradaresidence.com\/fr\/hebergements\/"},{"@type":"ListItem","position":3,"name":"Appartement de trois pi\u00e8ces Plus front mer"}]},{"@type":"WebSite","@id":"https:\/\/www.playadoradaresidence.com\/fr\/#website","url":"https:\/\/www.playadoradaresidence.com\/fr\/","name":"Playa Dorada Residence","description":"","publisher":{"@id":"https:\/\/www.playadoradaresidence.com\/fr\/#organization"},"potentialAction":[{"@type":"SearchAction","target":{"@type":"EntryPoint","urlTemplate":"https:\/\/www.playadoradaresidence.com\/fr\/?s={search_term_string}"},"query-input":"required name=search_term_string"}],"inLanguage":"fr-FR"},{"@type":"Organization","@id":"https:\/\/www.playadoradaresidence.com\/fr\/#organization","name":"Playa Dorada Residence","url":"https:\/\/www.playadoradaresidence.com\/fr\/","logo":{"@type":"ImageObject","inLanguage":"fr-FR","@id":"https:\/\/www.playadoradaresidence.com\/fr\/#\/schema\/logo\/image\/","url":"https:\/\/www.playadoradaresidence.com\/wp-content\/uploads\/sites\/209\/2025\/01\/Playa_dorada.png","contentUrl":"https:\/\/www.playadoradaresidence.com\/wp-content\/uploads\/sites\/209\/2025\/01\/Playa_dorada.png","width":218,"height":54,"caption":"Playa Dorada Residence"},"image":{"@id":"https:\/\/www.playadoradaresidence.com\/fr\/#\/schema\/logo\/image\/"},"sameAs":["https:\/\/facebook.com\/tomasitourism","https:\/\/www.instagram.com\/tomasitourism\/"]}]}},"acf":[],"_links":{"self":[{"href":"https:\/\/www.playadoradaresidence.com\/fr\/wp-json\/wp\/v2\/pages\/377"}],"collection":[{"href":"https:\/\/www.playadoradaresidence.com\/fr\/wp-json\/wp\/v2\/pages"}],"about":[{"href":"https:\/\/www.playadoradaresidence.com\/fr\/wp-json\/wp\/v2\/types\/page"}],"author":[{"embeddable":true,"href":"https:\/\/www.playadoradaresidence.com\/fr\/wp-json\/wp\/v2\/users\/13"}],"replies":[{"embeddable":true,"href":"https:\/\/www.playadoradaresidence.com\/fr\/wp-json\/wp\/v2\/comments?post=377"}],"version-history":[{"count":0,"href":"https:\/\/www.playadoradaresidence.com\/fr\/wp-json\/wp\/v2\/pages\/377\/revisions"}],"up":[{"embeddable":true,"href":"https:\/\/www.playadoradaresidence.com\/fr\/wp-json\/wp\/v2\/pages\/346"}],"wp:attachment":[{"href":"https:\/\/www.playadoradaresidence.com\/fr\/wp-json\/wp\/v2\/media?parent=377"}],"curies":[{"name":"wp","href":"https:\/\/api.w.org\/{rel}","templated":true}]}}