   {"id":356,"date":"2025-02-07T15:50:06","date_gmt":"2025-02-07T15:50:06","guid":{"rendered":"https:\/\/www.playadoradaresidence.com\/?page_id=356"},"modified":"2025-04-14T07:56:00","modified_gmt":"2025-04-14T07:56:00","slug":"appartement-de-trois-pieces-sur-deux-niveaux-front-mer","status":"publish","type":"page","link":"https:\/\/www.playadoradaresidence.com\/fr\/hebergements\/appartement-de-trois-pieces-sur-deux-niveaux-front-mer\/","title":{"rendered":"Appartement de trois pi\u00e8ces sur deux niveaux front mer"},"content":{"rendered":"<p>Spacieux et lumineux, cet appartement b\u00e9n\u00e9ficie d\u2019une vue magnifique sur la plage visible depuis l\u2019espace ext\u00e9rieur cl\u00f4tur\u00e9 et la terrasse \u00e0 l\u2019\u00e9tage sup\u00e9rieur.<\/p>\n<p>&nbsp;<\/p>\n<p>C\u2019est un appartement de trois pi\u00e8ces dispos\u00e9 sur deux niveaux, compos\u00e9 au rez-de-chauss\u00e9e d\u2019un grand salon avec coin cuisine et canap\u00e9-lit double et une salle de bains, \u00e0 l\u2019\u00e9tage de deux chambres et une salle de bain.<\/p>\n","protected":false},"excerpt":{"rendered":"<p>Spacieux et lumineux, cet appartement b\u00e9n\u00e9ficie d\u2019une vue magnifique sur la plage visible depuis l\u2019espace ext\u00e9rieur cl\u00f4tur\u00e9 et la terrasse \u00e0 l\u2019\u00e9tage sup\u00e9rieur. &nbsp; C\u2019est un appartement de trois pi\u00e8ces dispos\u00e9 sur deux niveaux, compos\u00e9 au rez-de-chauss\u00e9e d\u2019un grand salon avec coin cuisine et canap\u00e9-lit double et une salle de bains, \u00e0 l\u2019\u00e9tage de deux [&hellip;]<\/p>\n","protected":false},"author":13,"featured_media":0,"parent":346,"menu_order":10,"comment_status":"closed","ping_status":"closed","template":"template-room.php","meta":{"footnotes":""},"class_list":["post-356","page","type-page","status-publish","hentry"],"yoast_head":"<!-- This site is optimized with the Yoast SEO plugin v27.3 - https:\/\/yoast.com\/product\/yoast-seo-wordpress\/ -->\n<title>Appartement de trois pi\u00e8ces sur deux niveaux front mer - Playa Dorada Residence -<\/title>\n<meta name=\"description\" content=\"Spacieux et lumineux, cet appartement b\u00e9n\u00e9ficie d\u2019une vue magnifique sur la plage visible depuis l\u2019espace ext\u00e9rieur cl\u00f4tur\u00e9 et la terrasse \u00e0 l\u2019\u00e9tage sup\u00e9rieur.  &nbsp;  C\u2019est un appartement de trois pi\u00e8ces dispos\u00e9 sur deux niveaux, compos\u00e9 au rez-de-chauss\u00e9e d\u2019un grand salon avec coin cuisine et canap\u00e9-lit double et une salle de bains, \u00e0 l\u2019\u00e9tage de deux chambres et une salle de bain..\" \/>\n<meta name=\"robots\" content=\"index, follow, max-snippet:-1, max-image-preview:large, max-video-preview:-1\" \/>\n<link rel=\"canonical\" href=\"https:\/\/www.playadoradaresidence.com\/fr\/hebergements\/appartement-de-trois-pieces-sur-deux-niveaux-front-mer\/\" \/>\n<meta property=\"og:locale\" content=\"fr_FR\" \/>\n<meta property=\"og:type\" content=\"article\" \/>\n<meta property=\"og:title\" content=\"Appartement de trois pi\u00e8ces sur deux niveaux front mer - Playa Dorada Residence -\" \/>\n<meta property=\"og:description\" content=\"Spacieux et lumineux, cet appartement b\u00e9n\u00e9ficie d\u2019une vue magnifique sur la plage visible depuis l\u2019espace ext\u00e9rieur cl\u00f4tur\u00e9 et la terrasse \u00e0 l\u2019\u00e9tage sup\u00e9rieur.  &nbsp;  C\u2019est un appartement de trois pi\u00e8ces dispos\u00e9 sur deux niveaux, compos\u00e9 au rez-de-chauss\u00e9e d\u2019un grand salon avec coin cuisine et canap\u00e9-lit double et une salle de bains, \u00e0 l\u2019\u00e9tage de deux chambres et une salle de bain..\" \/>\n<meta property=\"og:url\" content=\"https:\/\/www.playadoradaresidence.com\/fr\/hebergements\/appartement-de-trois-pieces-sur-deux-niveaux-front-mer\/\" \/>\n<meta property=\"og:site_name\" content=\"Playa Dorada Residence\" \/>\n<meta property=\"article:publisher\" content=\"https:\/\/facebook.com\/tomasitourism\" \/>\n<meta property=\"article:modified_time\" content=\"2025-04-14T07:56:00+00:00\" \/>\n<meta property=\"og:image\" content=\"https:\/\/www.playadoradaresidence.com\/wp-content\/uploads\/sites\/209\/2025\/02\/playa_dorada_home_slide02.jpg\" \/>\n\t<meta property=\"og:image:width\" content=\"2200\" \/>\n\t<meta property=\"og:image:height\" content=\"1200\" \/>\n\t<meta property=\"og:image:type\" content=\"image\/jpeg\" \/>\n<meta name=\"twitter:card\" content=\"summary_large_image\" \/>\n<meta name=\"twitter:label1\" content=\"Dur\u00e9e de lecture estim\u00e9e\" \/>\n\t<meta name=\"twitter:data1\" content=\"1 minute\" \/>\n<script type=\"application\/ld+json\" class=\"yoast-schema-graph\">{\"@context\":\"https:\\\/\\\/schema.org\",\"@graph\":[{\"@type\":\"WebPage\",\"@id\":\"https:\\\/\\\/www.playadoradaresidence.com\\\/fr\\\/hebergements\\\/appartement-de-trois-pieces-sur-deux-niveaux-front-mer\\\/\",\"url\":\"https:\\\/\\\/www.playadoradaresidence.com\\\/fr\\\/hebergements\\\/appartement-de-trois-pieces-sur-deux-niveaux-front-mer\\\/\",\"name\":\"Appartement de trois pi\u00e8ces sur deux niveaux front mer - Playa Dorada Residence -\",\"isPartOf\":{\"@id\":\"https:\\\/\\\/www.playadoradaresidence.com\\\/fr\\\/#website\"},\"datePublished\":\"2025-02-07T15:50:06+00:00\",\"dateModified\":\"2025-04-14T07:56:00+00:00\",\"description\":\"Spacieux et lumineux, cet appartement b\u00e9n\u00e9ficie d\u2019une vue magnifique sur la plage visible depuis l\u2019espace ext\u00e9rieur cl\u00f4tur\u00e9 et la terrasse \u00e0 l\u2019\u00e9tage sup\u00e9rieur. &nbsp; C\u2019est un appartement de trois pi\u00e8ces dispos\u00e9 sur deux niveaux, compos\u00e9 au rez-de-chauss\u00e9e d\u2019un grand salon avec coin cuisine et canap\u00e9-lit double et une salle de bains, \u00e0 l\u2019\u00e9tage de deux chambres et une salle de bain..\",\"breadcrumb\":{\"@id\":\"https:\\\/\\\/www.playadoradaresidence.com\\\/fr\\\/hebergements\\\/appartement-de-trois-pieces-sur-deux-niveaux-front-mer\\\/#breadcrumb\"},\"inLanguage\":\"fr-FR\",\"potentialAction\":[{\"@type\":\"ReadAction\",\"target\":[\"https:\\\/\\\/www.playadoradaresidence.com\\\/fr\\\/hebergements\\\/appartement-de-trois-pieces-sur-deux-niveaux-front-mer\\\/\"]}]},{\"@type\":\"BreadcrumbList\",\"@id\":\"https:\\\/\\\/www.playadoradaresidence.com\\\/fr\\\/hebergements\\\/appartement-de-trois-pieces-sur-deux-niveaux-front-mer\\\/#breadcrumb\",\"itemListElement\":[{\"@type\":\"ListItem\",\"position\":1,\"name\":\"Home\",\"item\":\"https:\\\/\\\/www.playadoradaresidence.com\\\/fr\\\/\"},{\"@type\":\"ListItem\",\"position\":2,\"name\":\"H\u00e9bergements\",\"item\":\"https:\\\/\\\/www.playadoradaresidence.com\\\/fr\\\/hebergements\\\/\"},{\"@type\":\"ListItem\",\"position\":3,\"name\":\"Appartement de trois pi\u00e8ces sur deux niveaux front mer\"}]},{\"@type\":\"WebSite\",\"@id\":\"https:\\\/\\\/www.playadoradaresidence.com\\\/fr\\\/#website\",\"url\":\"https:\\\/\\\/www.playadoradaresidence.com\\\/fr\\\/\",\"name\":\"Playa Dorada Residence\",\"description\":\"\",\"publisher\":{\"@id\":\"https:\\\/\\\/www.playadoradaresidence.com\\\/fr\\\/#organization\"},\"potentialAction\":[{\"@type\":\"SearchAction\",\"target\":{\"@type\":\"EntryPoint\",\"urlTemplate\":\"https:\\\/\\\/www.playadoradaresidence.com\\\/fr\\\/?s={search_term_string}\"},\"query-input\":{\"@type\":\"PropertyValueSpecification\",\"valueRequired\":true,\"valueName\":\"search_term_string\"}}],\"inLanguage\":\"fr-FR\"},{\"@type\":\"Organization\",\"@id\":\"https:\\\/\\\/www.playadoradaresidence.com\\\/fr\\\/#organization\",\"name\":\"Playa Dorada Residence\",\"url\":\"https:\\\/\\\/www.playadoradaresidence.com\\\/fr\\\/\",\"logo\":{\"@type\":\"ImageObject\",\"inLanguage\":\"fr-FR\",\"@id\":\"https:\\\/\\\/www.playadoradaresidence.com\\\/fr\\\/#\\\/schema\\\/logo\\\/image\\\/\",\"url\":\"https:\\\/\\\/www.playadoradaresidence.com\\\/wp-content\\\/uploads\\\/sites\\\/209\\\/2025\\\/01\\\/Playa_dorada.png\",\"contentUrl\":\"https:\\\/\\\/www.playadoradaresidence.com\\\/wp-content\\\/uploads\\\/sites\\\/209\\\/2025\\\/01\\\/Playa_dorada.png\",\"width\":218,\"height\":54,\"caption\":\"Playa Dorada Residence\"},\"image\":{\"@id\":\"https:\\\/\\\/www.playadoradaresidence.com\\\/fr\\\/#\\\/schema\\\/logo\\\/image\\\/\"},\"sameAs\":[\"https:\\\/\\\/facebook.com\\\/tomasitourism\",\"https:\\\/\\\/www.instagram.com\\\/tomasitourism\\\/\"]}]}<\/script>\n<!-- \/ Yoast SEO plugin. -->","yoast_head_json":{"title":"Appartement de trois pi\u00e8ces sur deux niveaux front mer - Playa Dorada Residence -","description":"Spacieux et lumineux, cet appartement b\u00e9n\u00e9ficie d\u2019une vue magnifique sur la plage visible depuis l\u2019espace ext\u00e9rieur cl\u00f4tur\u00e9 et la terrasse \u00e0 l\u2019\u00e9tage sup\u00e9rieur.  &nbsp;  C\u2019est un appartement de trois pi\u00e8ces dispos\u00e9 sur deux niveaux, compos\u00e9 au rez-de-chauss\u00e9e d\u2019un grand salon avec coin cuisine et canap\u00e9-lit double et une salle de bains, \u00e0 l\u2019\u00e9tage de deux chambres et une salle de bain..","robots":{"index":"index","follow":"follow","max-snippet":"max-snippet:-1","max-image-preview":"max-image-preview:large","max-video-preview":"max-video-preview:-1"},"canonical":"https:\/\/www.playadoradaresidence.com\/fr\/hebergements\/appartement-de-trois-pieces-sur-deux-niveaux-front-mer\/","og_locale":"fr_FR","og_type":"article","og_title":"Appartement de trois pi\u00e8ces sur deux niveaux front mer - Playa Dorada Residence -","og_description":"Spacieux et lumineux, cet appartement b\u00e9n\u00e9ficie d\u2019une vue magnifique sur la plage visible depuis l\u2019espace ext\u00e9rieur cl\u00f4tur\u00e9 et la terrasse \u00e0 l\u2019\u00e9tage sup\u00e9rieur.  &nbsp;  C\u2019est un appartement de trois pi\u00e8ces dispos\u00e9 sur deux niveaux, compos\u00e9 au rez-de-chauss\u00e9e d\u2019un grand salon avec coin cuisine et canap\u00e9-lit double et une salle de bains, \u00e0 l\u2019\u00e9tage de deux chambres et une salle de bain..","og_url":"https:\/\/www.playadoradaresidence.com\/fr\/hebergements\/appartement-de-trois-pieces-sur-deux-niveaux-front-mer\/","og_site_name":"Playa Dorada Residence","article_publisher":"https:\/\/facebook.com\/tomasitourism","article_modified_time":"2025-04-14T07:56:00+00:00","og_image":[{"width":2200,"height":1200,"url":"https:\/\/www.playadoradaresidence.com\/wp-content\/uploads\/sites\/209\/2025\/02\/playa_dorada_home_slide02.jpg","type":"image\/jpeg"}],"twitter_card":"summary_large_image","twitter_misc":{"Dur\u00e9e de lecture estim\u00e9e":"1 minute"},"schema":{"@context":"https:\/\/schema.org","@graph":[{"@type":"WebPage","@id":"https:\/\/www.playadoradaresidence.com\/fr\/hebergements\/appartement-de-trois-pieces-sur-deux-niveaux-front-mer\/","url":"https:\/\/www.playadoradaresidence.com\/fr\/hebergements\/appartement-de-trois-pieces-sur-deux-niveaux-front-mer\/","name":"Appartement de trois pi\u00e8ces sur deux niveaux front mer - Playa Dorada Residence -","isPartOf":{"@id":"https:\/\/www.playadoradaresidence.com\/fr\/#website"},"datePublished":"2025-02-07T15:50:06+00:00","dateModified":"2025-04-14T07:56:00+00:00","description":"Spacieux et lumineux, cet appartement b\u00e9n\u00e9ficie d\u2019une vue magnifique sur la plage visible depuis l\u2019espace ext\u00e9rieur cl\u00f4tur\u00e9 et la terrasse \u00e0 l\u2019\u00e9tage sup\u00e9rieur. &nbsp; C\u2019est un appartement de trois pi\u00e8ces dispos\u00e9 sur deux niveaux, compos\u00e9 au rez-de-chauss\u00e9e d\u2019un grand salon avec coin cuisine et canap\u00e9-lit double et une salle de bains, \u00e0 l\u2019\u00e9tage de deux chambres et une salle de bain..","breadcrumb":{"@id":"https:\/\/www.playadoradaresidence.com\/fr\/hebergements\/appartement-de-trois-pieces-sur-deux-niveaux-front-mer\/#breadcrumb"},"inLanguage":"fr-FR","potentialAction":[{"@type":"ReadAction","target":["https:\/\/www.playadoradaresidence.com\/fr\/hebergements\/appartement-de-trois-pieces-sur-deux-niveaux-front-mer\/"]}]},{"@type":"BreadcrumbList","@id":"https:\/\/www.playadoradaresidence.com\/fr\/hebergements\/appartement-de-trois-pieces-sur-deux-niveaux-front-mer\/#breadcrumb","itemListElement":[{"@type":"ListItem","position":1,"name":"Home","item":"https:\/\/www.playadoradaresidence.com\/fr\/"},{"@type":"ListItem","position":2,"name":"H\u00e9bergements","item":"https:\/\/www.playadoradaresidence.com\/fr\/hebergements\/"},{"@type":"ListItem","position":3,"name":"Appartement de trois pi\u00e8ces sur deux niveaux front mer"}]},{"@type":"WebSite","@id":"https:\/\/www.playadoradaresidence.com\/fr\/#website","url":"https:\/\/www.playadoradaresidence.com\/fr\/","name":"Playa Dorada Residence","description":"","publisher":{"@id":"https:\/\/www.playadoradaresidence.com\/fr\/#organization"},"potentialAction":[{"@type":"SearchAction","target":{"@type":"EntryPoint","urlTemplate":"https:\/\/www.playadoradaresidence.com\/fr\/?s={search_term_string}"},"query-input":{"@type":"PropertyValueSpecification","valueRequired":true,"valueName":"search_term_string"}}],"inLanguage":"fr-FR"},{"@type":"Organization","@id":"https:\/\/www.playadoradaresidence.com\/fr\/#organization","name":"Playa Dorada Residence","url":"https:\/\/www.playadoradaresidence.com\/fr\/","logo":{"@type":"ImageObject","inLanguage":"fr-FR","@id":"https:\/\/www.playadoradaresidence.com\/fr\/#\/schema\/logo\/image\/","url":"https:\/\/www.playadoradaresidence.com\/wp-content\/uploads\/sites\/209\/2025\/01\/Playa_dorada.png","contentUrl":"https:\/\/www.playadoradaresidence.com\/wp-content\/uploads\/sites\/209\/2025\/01\/Playa_dorada.png","width":218,"height":54,"caption":"Playa Dorada Residence"},"image":{"@id":"https:\/\/www.playadoradaresidence.com\/fr\/#\/schema\/logo\/image\/"},"sameAs":["https:\/\/facebook.com\/tomasitourism","https:\/\/www.instagram.com\/tomasitourism\/"]}]}},"acf":[],"_links":{"self":[{"href":"https:\/\/www.playadoradaresidence.com\/fr\/wp-json\/wp\/v2\/pages\/356","targetHints":{"allow":["GET"]}}],"collection":[{"href":"https:\/\/www.playadoradaresidence.com\/fr\/wp-json\/wp\/v2\/pages"}],"about":[{"href":"https:\/\/www.playadoradaresidence.com\/fr\/wp-json\/wp\/v2\/types\/page"}],"author":[{"embeddable":true,"href":"https:\/\/www.playadoradaresidence.com\/fr\/wp-json\/wp\/v2\/users\/13"}],"replies":[{"embeddable":true,"href":"https:\/\/www.playadoradaresidence.com\/fr\/wp-json\/wp\/v2\/comments?post=356"}],"version-history":[{"count":0,"href":"https:\/\/www.playadoradaresidence.com\/fr\/wp-json\/wp\/v2\/pages\/356\/revisions"}],"up":[{"embeddable":true,"href":"https:\/\/www.playadoradaresidence.com\/fr\/wp-json\/wp\/v2\/pages\/346"}],"wp:attachment":[{"href":"https:\/\/www.playadoradaresidence.com\/fr\/wp-json\/wp\/v2\/media?parent=356"}],"curies":[{"name":"wp","href":"https:\/\/api.w.org\/{rel}","templated":true}]}}