   {"id":338,"date":"2025-02-07T14:20:32","date_gmt":"2025-02-07T14:20:32","guid":{"rendered":"https:\/\/www.playadoradaresidence.com\/?page_id=338"},"modified":"2025-03-17T10:41:23","modified_gmt":"2025-03-17T10:41:23","slug":"offres-speciales","status":"publish","type":"page","link":"https:\/\/www.playadoradaresidence.com\/fr\/offres-speciales\/","title":{"rendered":"Offres sp\u00e9ciales"},"content":{"rendered":"<p>Bienvenue dans la section Offres Sp\u00e9ciales du Playa Dorada Residence, un \u00e9tablissement enti\u00e8rement r\u00e9nov\u00e9 pour vous offrir une exp\u00e9rience de s\u00e9jour unique et inoubliable. Situ\u00e9 dans un emplacement privil\u00e9gi\u00e9, \u00e0 deux pas de la mer, notre r\u00e9sidence allie confort moderne et design \u00e9l\u00e9gant \u00e0 une atmosph\u00e8re chaleureuse et relaxante. D\u00e9couvrez nos promotions exclusives con\u00e7ues pour rendre vos vacances encore plus sp\u00e9ciales : r\u00e9ductions saisonni\u00e8res, forfaits famille, offres de derni\u00e8re minute et bien plus encore. Ne manquez pas l\u2019occasion de vivre le meilleur du Playa Dorada \u00e0 des prix imbattables. R\u00e9servez d\u00e8s maintenant et laissez-vous s\u00e9duire par la magie de notre hospitalit\u00e9 !<\/p>\n","protected":false},"excerpt":{"rendered":"<p>Bienvenue dans la section Offres Sp\u00e9ciales du Playa Dorada Residence, un \u00e9tablissement enti\u00e8rement r\u00e9nov\u00e9 pour vous offrir une exp\u00e9rience de s\u00e9jour unique et inoubliable. Situ\u00e9 dans un emplacement privil\u00e9gi\u00e9, \u00e0 deux pas de la mer, notre r\u00e9sidence allie confort moderne et design \u00e9l\u00e9gant \u00e0 une atmosph\u00e8re chaleureuse et relaxante. D\u00e9couvrez nos promotions exclusives con\u00e7ues pour [&hellip;]<\/p>\n","protected":false},"author":13,"featured_media":0,"parent":0,"menu_order":10,"comment_status":"closed","ping_status":"closed","template":"template-offers-hub.php","meta":{"footnotes":""},"class_list":["post-338","page","type-page","status-publish","hentry"],"yoast_head":"<!-- This site is optimized with the Yoast SEO plugin v27.3 - https:\/\/yoast.com\/product\/yoast-seo-wordpress\/ -->\n<title>Offres sp\u00e9ciales - Playa Dorada Residence -<\/title>\n<meta name=\"description\" content=\"Bienvenue dans la section Offres Sp\u00e9ciales du Playa Dorada Residence, un \u00e9tablissement enti\u00e8rement r\u00e9nov\u00e9 pour vous offrir une exp\u00e9rience de s\u00e9jour unique et inoubliable. Situ\u00e9 dans un emplacement privil\u00e9gi\u00e9, \u00e0 deux pas de la mer, notre r\u00e9sidence allie confort moderne et design \u00e9l\u00e9gant \u00e0 une atmosph\u00e8re chaleureuse et relaxante\" \/>\n<meta name=\"robots\" content=\"index, follow, max-snippet:-1, max-image-preview:large, max-video-preview:-1\" \/>\n<link rel=\"canonical\" href=\"https:\/\/www.playadoradaresidence.com\/fr\/offres-speciales\/\" \/>\n<meta property=\"og:locale\" content=\"fr_FR\" \/>\n<meta property=\"og:type\" content=\"article\" \/>\n<meta property=\"og:title\" content=\"Offres sp\u00e9ciales - Playa Dorada Residence -\" \/>\n<meta property=\"og:description\" content=\"Bienvenue dans la section Offres Sp\u00e9ciales du Playa Dorada Residence, un \u00e9tablissement enti\u00e8rement r\u00e9nov\u00e9 pour vous offrir une exp\u00e9rience de s\u00e9jour unique et inoubliable. Situ\u00e9 dans un emplacement privil\u00e9gi\u00e9, \u00e0 deux pas de la mer, notre r\u00e9sidence allie confort moderne et design \u00e9l\u00e9gant \u00e0 une atmosph\u00e8re chaleureuse et relaxante\" \/>\n<meta property=\"og:url\" content=\"https:\/\/www.playadoradaresidence.com\/fr\/offres-speciales\/\" \/>\n<meta property=\"og:site_name\" content=\"Playa Dorada Residence\" \/>\n<meta property=\"article:publisher\" content=\"https:\/\/facebook.com\/tomasitourism\" \/>\n<meta property=\"article:modified_time\" content=\"2025-03-17T10:41:23+00:00\" \/>\n<meta property=\"og:image\" content=\"https:\/\/www.playadoradaresidence.com\/wp-content\/uploads\/sites\/209\/2025\/02\/playa_dorada_home_slide02.jpg\" \/>\n\t<meta property=\"og:image:width\" content=\"2200\" \/>\n\t<meta property=\"og:image:height\" content=\"1200\" \/>\n\t<meta property=\"og:image:type\" content=\"image\/jpeg\" \/>\n<meta name=\"twitter:card\" content=\"summary_large_image\" \/>\n<script type=\"application\/ld+json\" class=\"yoast-schema-graph\">{\"@context\":\"https:\\\/\\\/schema.org\",\"@graph\":[{\"@type\":\"WebPage\",\"@id\":\"https:\\\/\\\/www.playadoradaresidence.com\\\/fr\\\/offres-speciales\\\/\",\"url\":\"https:\\\/\\\/www.playadoradaresidence.com\\\/fr\\\/offres-speciales\\\/\",\"name\":\"Offres sp\u00e9ciales - Playa Dorada Residence -\",\"isPartOf\":{\"@id\":\"https:\\\/\\\/www.playadoradaresidence.com\\\/fr\\\/#website\"},\"datePublished\":\"2025-02-07T14:20:32+00:00\",\"dateModified\":\"2025-03-17T10:41:23+00:00\",\"description\":\"Bienvenue dans la section Offres Sp\u00e9ciales du Playa Dorada Residence, un \u00e9tablissement enti\u00e8rement r\u00e9nov\u00e9 pour vous offrir une exp\u00e9rience de s\u00e9jour unique et inoubliable. Situ\u00e9 dans un emplacement privil\u00e9gi\u00e9, \u00e0 deux pas de la mer, notre r\u00e9sidence allie confort moderne et design \u00e9l\u00e9gant \u00e0 une atmosph\u00e8re chaleureuse et relaxante\",\"breadcrumb\":{\"@id\":\"https:\\\/\\\/www.playadoradaresidence.com\\\/fr\\\/offres-speciales\\\/#breadcrumb\"},\"inLanguage\":\"fr-FR\",\"potentialAction\":[{\"@type\":\"ReadAction\",\"target\":[\"https:\\\/\\\/www.playadoradaresidence.com\\\/fr\\\/offres-speciales\\\/\"]}]},{\"@type\":\"BreadcrumbList\",\"@id\":\"https:\\\/\\\/www.playadoradaresidence.com\\\/fr\\\/offres-speciales\\\/#breadcrumb\",\"itemListElement\":[{\"@type\":\"ListItem\",\"position\":1,\"name\":\"Home\",\"item\":\"https:\\\/\\\/www.playadoradaresidence.com\\\/fr\\\/\"},{\"@type\":\"ListItem\",\"position\":2,\"name\":\"Offres sp\u00e9ciales\"}]},{\"@type\":\"WebSite\",\"@id\":\"https:\\\/\\\/www.playadoradaresidence.com\\\/fr\\\/#website\",\"url\":\"https:\\\/\\\/www.playadoradaresidence.com\\\/fr\\\/\",\"name\":\"Playa Dorada Residence\",\"description\":\"\",\"publisher\":{\"@id\":\"https:\\\/\\\/www.playadoradaresidence.com\\\/fr\\\/#organization\"},\"potentialAction\":[{\"@type\":\"SearchAction\",\"target\":{\"@type\":\"EntryPoint\",\"urlTemplate\":\"https:\\\/\\\/www.playadoradaresidence.com\\\/fr\\\/?s={search_term_string}\"},\"query-input\":{\"@type\":\"PropertyValueSpecification\",\"valueRequired\":true,\"valueName\":\"search_term_string\"}}],\"inLanguage\":\"fr-FR\"},{\"@type\":\"Organization\",\"@id\":\"https:\\\/\\\/www.playadoradaresidence.com\\\/fr\\\/#organization\",\"name\":\"Playa Dorada Residence\",\"url\":\"https:\\\/\\\/www.playadoradaresidence.com\\\/fr\\\/\",\"logo\":{\"@type\":\"ImageObject\",\"inLanguage\":\"fr-FR\",\"@id\":\"https:\\\/\\\/www.playadoradaresidence.com\\\/fr\\\/#\\\/schema\\\/logo\\\/image\\\/\",\"url\":\"https:\\\/\\\/www.playadoradaresidence.com\\\/wp-content\\\/uploads\\\/sites\\\/209\\\/2025\\\/01\\\/Playa_dorada.png\",\"contentUrl\":\"https:\\\/\\\/www.playadoradaresidence.com\\\/wp-content\\\/uploads\\\/sites\\\/209\\\/2025\\\/01\\\/Playa_dorada.png\",\"width\":218,\"height\":54,\"caption\":\"Playa Dorada Residence\"},\"image\":{\"@id\":\"https:\\\/\\\/www.playadoradaresidence.com\\\/fr\\\/#\\\/schema\\\/logo\\\/image\\\/\"},\"sameAs\":[\"https:\\\/\\\/facebook.com\\\/tomasitourism\",\"https:\\\/\\\/www.instagram.com\\\/tomasitourism\\\/\"]}]}<\/script>\n<!-- \/ Yoast SEO plugin. -->","yoast_head_json":{"title":"Offres sp\u00e9ciales - Playa Dorada Residence -","description":"Bienvenue dans la section Offres Sp\u00e9ciales du Playa Dorada Residence, un \u00e9tablissement enti\u00e8rement r\u00e9nov\u00e9 pour vous offrir une exp\u00e9rience de s\u00e9jour unique et inoubliable. Situ\u00e9 dans un emplacement privil\u00e9gi\u00e9, \u00e0 deux pas de la mer, notre r\u00e9sidence allie confort moderne et design \u00e9l\u00e9gant \u00e0 une atmosph\u00e8re chaleureuse et relaxante","robots":{"index":"index","follow":"follow","max-snippet":"max-snippet:-1","max-image-preview":"max-image-preview:large","max-video-preview":"max-video-preview:-1"},"canonical":"https:\/\/www.playadoradaresidence.com\/fr\/offres-speciales\/","og_locale":"fr_FR","og_type":"article","og_title":"Offres sp\u00e9ciales - Playa Dorada Residence -","og_description":"Bienvenue dans la section Offres Sp\u00e9ciales du Playa Dorada Residence, un \u00e9tablissement enti\u00e8rement r\u00e9nov\u00e9 pour vous offrir une exp\u00e9rience de s\u00e9jour unique et inoubliable. Situ\u00e9 dans un emplacement privil\u00e9gi\u00e9, \u00e0 deux pas de la mer, notre r\u00e9sidence allie confort moderne et design \u00e9l\u00e9gant \u00e0 une atmosph\u00e8re chaleureuse et relaxante","og_url":"https:\/\/www.playadoradaresidence.com\/fr\/offres-speciales\/","og_site_name":"Playa Dorada Residence","article_publisher":"https:\/\/facebook.com\/tomasitourism","article_modified_time":"2025-03-17T10:41:23+00:00","og_image":[{"width":2200,"height":1200,"url":"https:\/\/www.playadoradaresidence.com\/wp-content\/uploads\/sites\/209\/2025\/02\/playa_dorada_home_slide02.jpg","type":"image\/jpeg"}],"twitter_card":"summary_large_image","schema":{"@context":"https:\/\/schema.org","@graph":[{"@type":"WebPage","@id":"https:\/\/www.playadoradaresidence.com\/fr\/offres-speciales\/","url":"https:\/\/www.playadoradaresidence.com\/fr\/offres-speciales\/","name":"Offres sp\u00e9ciales - Playa Dorada Residence -","isPartOf":{"@id":"https:\/\/www.playadoradaresidence.com\/fr\/#website"},"datePublished":"2025-02-07T14:20:32+00:00","dateModified":"2025-03-17T10:41:23+00:00","description":"Bienvenue dans la section Offres Sp\u00e9ciales du Playa Dorada Residence, un \u00e9tablissement enti\u00e8rement r\u00e9nov\u00e9 pour vous offrir une exp\u00e9rience de s\u00e9jour unique et inoubliable. Situ\u00e9 dans un emplacement privil\u00e9gi\u00e9, \u00e0 deux pas de la mer, notre r\u00e9sidence allie confort moderne et design \u00e9l\u00e9gant \u00e0 une atmosph\u00e8re chaleureuse et relaxante","breadcrumb":{"@id":"https:\/\/www.playadoradaresidence.com\/fr\/offres-speciales\/#breadcrumb"},"inLanguage":"fr-FR","potentialAction":[{"@type":"ReadAction","target":["https:\/\/www.playadoradaresidence.com\/fr\/offres-speciales\/"]}]},{"@type":"BreadcrumbList","@id":"https:\/\/www.playadoradaresidence.com\/fr\/offres-speciales\/#breadcrumb","itemListElement":[{"@type":"ListItem","position":1,"name":"Home","item":"https:\/\/www.playadoradaresidence.com\/fr\/"},{"@type":"ListItem","position":2,"name":"Offres sp\u00e9ciales"}]},{"@type":"WebSite","@id":"https:\/\/www.playadoradaresidence.com\/fr\/#website","url":"https:\/\/www.playadoradaresidence.com\/fr\/","name":"Playa Dorada Residence","description":"","publisher":{"@id":"https:\/\/www.playadoradaresidence.com\/fr\/#organization"},"potentialAction":[{"@type":"SearchAction","target":{"@type":"EntryPoint","urlTemplate":"https:\/\/www.playadoradaresidence.com\/fr\/?s={search_term_string}"},"query-input":{"@type":"PropertyValueSpecification","valueRequired":true,"valueName":"search_term_string"}}],"inLanguage":"fr-FR"},{"@type":"Organization","@id":"https:\/\/www.playadoradaresidence.com\/fr\/#organization","name":"Playa Dorada Residence","url":"https:\/\/www.playadoradaresidence.com\/fr\/","logo":{"@type":"ImageObject","inLanguage":"fr-FR","@id":"https:\/\/www.playadoradaresidence.com\/fr\/#\/schema\/logo\/image\/","url":"https:\/\/www.playadoradaresidence.com\/wp-content\/uploads\/sites\/209\/2025\/01\/Playa_dorada.png","contentUrl":"https:\/\/www.playadoradaresidence.com\/wp-content\/uploads\/sites\/209\/2025\/01\/Playa_dorada.png","width":218,"height":54,"caption":"Playa Dorada Residence"},"image":{"@id":"https:\/\/www.playadoradaresidence.com\/fr\/#\/schema\/logo\/image\/"},"sameAs":["https:\/\/facebook.com\/tomasitourism","https:\/\/www.instagram.com\/tomasitourism\/"]}]}},"acf":[],"_links":{"self":[{"href":"https:\/\/www.playadoradaresidence.com\/fr\/wp-json\/wp\/v2\/pages\/338","targetHints":{"allow":["GET"]}}],"collection":[{"href":"https:\/\/www.playadoradaresidence.com\/fr\/wp-json\/wp\/v2\/pages"}],"about":[{"href":"https:\/\/www.playadoradaresidence.com\/fr\/wp-json\/wp\/v2\/types\/page"}],"author":[{"embeddable":true,"href":"https:\/\/www.playadoradaresidence.com\/fr\/wp-json\/wp\/v2\/users\/13"}],"replies":[{"embeddable":true,"href":"https:\/\/www.playadoradaresidence.com\/fr\/wp-json\/wp\/v2\/comments?post=338"}],"version-history":[{"count":0,"href":"https:\/\/www.playadoradaresidence.com\/fr\/wp-json\/wp\/v2\/pages\/338\/revisions"}],"wp:attachment":[{"href":"https:\/\/www.playadoradaresidence.com\/fr\/wp-json\/wp\/v2\/media?parent=338"}],"curies":[{"name":"wp","href":"https:\/\/api.w.org\/{rel}","templated":true}]}}