   {"id":530,"date":"2025-02-13T15:13:16","date_gmt":"2025-02-13T15:13:16","guid":{"rendered":"https:\/\/www.playadoradaresidence.com\/?page_id=530"},"modified":"2025-03-19T15:50:43","modified_gmt":"2025-03-19T15:50:43","slug":"unterhaltung","status":"publish","type":"page","link":"https:\/\/www.playadoradaresidence.com\/de\/umgebung\/unterhaltung\/","title":{"rendered":"Unterhaltung"},"content":{"rendered":"<p>Nur wenige Kilometer von Comacchio entfernt befinden sich die meisten <strong>Vergn\u00fcgungsparks<\/strong> der Riviera Romagna, die zu den bedeutendsten und unterhaltsamsten Italiens geh\u00f6ren, wie z.B.: Mirabilandia, Aquafan, Italia in Miniatura und der Park Oltremare in Riccione.<\/p>\n<p>&nbsp;<\/p>\n<p>Unsere Residenz hat eine Vereinbarung mit <strong>Mirabilandia<\/strong>, einem der wichtigsten Vergn\u00fcgungsparks in der Romagna und in ganz Italien. Sie k\u00f6nnen also bequem an unserer Rezeption Eintrittskarten f\u00fcr Mirabilandia kaufen.<\/p>\n<p>Unvergessliche Tage voller Spa\u00df f\u00fcr die ganze Familie warten auf Sie!<\/p>\n","protected":false},"excerpt":{"rendered":"<p>Nur wenige Kilometer von Comacchio entfernt befinden sich die meisten Vergn\u00fcgungsparks der Riviera Romagna, die zu den bedeutendsten und unterhaltsamsten Italiens geh\u00f6ren, wie z.B.: Mirabilandia, Aquafan, Italia in Miniatura und der Park Oltremare in Riccione. &nbsp; Unsere Residenz hat eine Vereinbarung mit Mirabilandia, einem der wichtigsten Vergn\u00fcgungsparks in der Romagna und in ganz Italien. Sie [&hellip;]<\/p>\n","protected":false},"author":13,"featured_media":0,"parent":495,"menu_order":40,"comment_status":"closed","ping_status":"closed","template":"template-territory-single.php","meta":{"footnotes":""},"yoast_head":"<!-- This site is optimized with the Yoast SEO plugin v22.3 - https:\/\/yoast.com\/wordpress\/plugins\/seo\/ -->\n<title>Unterhaltung - Playa Dorada Residence -<\/title>\n<meta name=\"description\" content=\"Nur wenige Kilometer von Comacchio entfernt befinden sich die meisten Vergn\u00fcgungsparks der Riviera Romagna, die zu den bedeutendsten und unterhaltsamsten Italiens geh\u00f6ren, wie z.B.: Mirabilandia, Aquafan, Italia in Miniatura und der Park Oltremare in Riccione.  &nbsp;  Unsere Residenz hat eine Vereinbarung mit Mirabilandia, einem der wichtigsten Vergn\u00fcgungsparks in der Romagna und in ganz Italien. Sie k\u00f6nnen also bequem an unserer Rezeption Eintrittskarten f\u00fcr Mirabilandia kaufen.  Unvergessliche Tage voller Spa\u00df f\u00fcr die ganze Familie warten auf Sie!\" \/>\n<meta name=\"robots\" content=\"index, follow, max-snippet:-1, max-image-preview:large, max-video-preview:-1\" \/>\n<link rel=\"canonical\" href=\"https:\/\/www.playadoradaresidence.com\/de\/umgebung\/unterhaltung\/\" \/>\n<meta property=\"og:locale\" content=\"de_DE\" \/>\n<meta property=\"og:type\" content=\"article\" \/>\n<meta property=\"og:title\" content=\"Unterhaltung - Playa Dorada Residence -\" \/>\n<meta property=\"og:description\" content=\"Nur wenige Kilometer von Comacchio entfernt befinden sich die meisten Vergn\u00fcgungsparks der Riviera Romagna, die zu den bedeutendsten und unterhaltsamsten Italiens geh\u00f6ren, wie z.B.: Mirabilandia, Aquafan, Italia in Miniatura und der Park Oltremare in Riccione.  &nbsp;  Unsere Residenz hat eine Vereinbarung mit Mirabilandia, einem der wichtigsten Vergn\u00fcgungsparks in der Romagna und in ganz Italien. Sie k\u00f6nnen also bequem an unserer Rezeption Eintrittskarten f\u00fcr Mirabilandia kaufen.  Unvergessliche Tage voller Spa\u00df f\u00fcr die ganze Familie warten auf Sie!\" \/>\n<meta property=\"og:url\" content=\"https:\/\/www.playadoradaresidence.com\/de\/umgebung\/unterhaltung\/\" \/>\n<meta property=\"og:site_name\" content=\"Playa Dorada Residence\" \/>\n<meta property=\"article:publisher\" content=\"https:\/\/facebook.com\/tomasitourism\" \/>\n<meta property=\"article:modified_time\" content=\"2025-03-19T15:50:43+00:00\" \/>\n<meta property=\"og:image\" content=\"https:\/\/www.playadoradaresidence.com\/wp-content\/uploads\/sites\/209\/2025\/02\/playa_dorada_home_slide02.jpg\" \/>\n\t<meta property=\"og:image:width\" content=\"2200\" \/>\n\t<meta property=\"og:image:height\" content=\"1200\" \/>\n\t<meta property=\"og:image:type\" content=\"image\/jpeg\" \/>\n<meta name=\"twitter:card\" content=\"summary_large_image\" \/>\n<script type=\"application\/ld+json\" class=\"yoast-schema-graph\">{\"@context\":\"https:\/\/schema.org\",\"@graph\":[{\"@type\":\"WebPage\",\"@id\":\"https:\/\/www.playadoradaresidence.com\/de\/umgebung\/unterhaltung\/\",\"url\":\"https:\/\/www.playadoradaresidence.com\/de\/umgebung\/unterhaltung\/\",\"name\":\"Unterhaltung - Playa Dorada Residence -\",\"isPartOf\":{\"@id\":\"https:\/\/www.playadoradaresidence.com\/de\/#website\"},\"datePublished\":\"2025-02-13T15:13:16+00:00\",\"dateModified\":\"2025-03-19T15:50:43+00:00\",\"description\":\"Nur wenige Kilometer von Comacchio entfernt befinden sich die meisten Vergn\u00fcgungsparks der Riviera Romagna, die zu den bedeutendsten und unterhaltsamsten Italiens geh\u00f6ren, wie z.B.: Mirabilandia, Aquafan, Italia in Miniatura und der Park Oltremare in Riccione. &nbsp; Unsere Residenz hat eine Vereinbarung mit Mirabilandia, einem der wichtigsten Vergn\u00fcgungsparks in der Romagna und in ganz Italien. Sie k\u00f6nnen also bequem an unserer Rezeption Eintrittskarten f\u00fcr Mirabilandia kaufen. Unvergessliche Tage voller Spa\u00df f\u00fcr die ganze Familie warten auf Sie!\",\"breadcrumb\":{\"@id\":\"https:\/\/www.playadoradaresidence.com\/de\/umgebung\/unterhaltung\/#breadcrumb\"},\"inLanguage\":\"de-DE\",\"potentialAction\":[{\"@type\":\"ReadAction\",\"target\":[\"https:\/\/www.playadoradaresidence.com\/de\/umgebung\/unterhaltung\/\"]}]},{\"@type\":\"BreadcrumbList\",\"@id\":\"https:\/\/www.playadoradaresidence.com\/de\/umgebung\/unterhaltung\/#breadcrumb\",\"itemListElement\":[{\"@type\":\"ListItem\",\"position\":1,\"name\":\"Home\",\"item\":\"https:\/\/www.playadoradaresidence.com\/de\/\"},{\"@type\":\"ListItem\",\"position\":2,\"name\":\"Umgebung\",\"item\":\"https:\/\/www.playadoradaresidence.com\/de\/umgebung\/\"},{\"@type\":\"ListItem\",\"position\":3,\"name\":\"Unterhaltung\"}]},{\"@type\":\"WebSite\",\"@id\":\"https:\/\/www.playadoradaresidence.com\/de\/#website\",\"url\":\"https:\/\/www.playadoradaresidence.com\/de\/\",\"name\":\"Playa Dorada Residence\",\"description\":\"\",\"publisher\":{\"@id\":\"https:\/\/www.playadoradaresidence.com\/de\/#organization\"},\"potentialAction\":[{\"@type\":\"SearchAction\",\"target\":{\"@type\":\"EntryPoint\",\"urlTemplate\":\"https:\/\/www.playadoradaresidence.com\/de\/?s={search_term_string}\"},\"query-input\":\"required name=search_term_string\"}],\"inLanguage\":\"de-DE\"},{\"@type\":\"Organization\",\"@id\":\"https:\/\/www.playadoradaresidence.com\/de\/#organization\",\"name\":\"Playa Dorada Residence\",\"url\":\"https:\/\/www.playadoradaresidence.com\/de\/\",\"logo\":{\"@type\":\"ImageObject\",\"inLanguage\":\"de-DE\",\"@id\":\"https:\/\/www.playadoradaresidence.com\/de\/#\/schema\/logo\/image\/\",\"url\":\"https:\/\/www.playadoradaresidence.com\/wp-content\/uploads\/sites\/209\/2025\/01\/Playa_dorada.png\",\"contentUrl\":\"https:\/\/www.playadoradaresidence.com\/wp-content\/uploads\/sites\/209\/2025\/01\/Playa_dorada.png\",\"width\":218,\"height\":54,\"caption\":\"Playa Dorada Residence\"},\"image\":{\"@id\":\"https:\/\/www.playadoradaresidence.com\/de\/#\/schema\/logo\/image\/\"},\"sameAs\":[\"https:\/\/facebook.com\/tomasitourism\",\"https:\/\/www.instagram.com\/tomasitourism\/\"]}]}<\/script>\n<!-- \/ Yoast SEO plugin. -->","yoast_head_json":{"title":"Unterhaltung - Playa Dorada Residence -","description":"Nur wenige Kilometer von Comacchio entfernt befinden sich die meisten Vergn\u00fcgungsparks der Riviera Romagna, die zu den bedeutendsten und unterhaltsamsten Italiens geh\u00f6ren, wie z.B.: Mirabilandia, Aquafan, Italia in Miniatura und der Park Oltremare in Riccione.  &nbsp;  Unsere Residenz hat eine Vereinbarung mit Mirabilandia, einem der wichtigsten Vergn\u00fcgungsparks in der Romagna und in ganz Italien. Sie k\u00f6nnen also bequem an unserer Rezeption Eintrittskarten f\u00fcr Mirabilandia kaufen.  Unvergessliche Tage voller Spa\u00df f\u00fcr die ganze Familie warten auf Sie!","robots":{"index":"index","follow":"follow","max-snippet":"max-snippet:-1","max-image-preview":"max-image-preview:large","max-video-preview":"max-video-preview:-1"},"canonical":"https:\/\/www.playadoradaresidence.com\/de\/umgebung\/unterhaltung\/","og_locale":"de_DE","og_type":"article","og_title":"Unterhaltung - Playa Dorada Residence -","og_description":"Nur wenige Kilometer von Comacchio entfernt befinden sich die meisten Vergn\u00fcgungsparks der Riviera Romagna, die zu den bedeutendsten und unterhaltsamsten Italiens geh\u00f6ren, wie z.B.: Mirabilandia, Aquafan, Italia in Miniatura und der Park Oltremare in Riccione.  &nbsp;  Unsere Residenz hat eine Vereinbarung mit Mirabilandia, einem der wichtigsten Vergn\u00fcgungsparks in der Romagna und in ganz Italien. Sie k\u00f6nnen also bequem an unserer Rezeption Eintrittskarten f\u00fcr Mirabilandia kaufen.  Unvergessliche Tage voller Spa\u00df f\u00fcr die ganze Familie warten auf Sie!","og_url":"https:\/\/www.playadoradaresidence.com\/de\/umgebung\/unterhaltung\/","og_site_name":"Playa Dorada Residence","article_publisher":"https:\/\/facebook.com\/tomasitourism","article_modified_time":"2025-03-19T15:50:43+00:00","og_image":[{"width":2200,"height":1200,"url":"https:\/\/www.playadoradaresidence.com\/wp-content\/uploads\/sites\/209\/2025\/02\/playa_dorada_home_slide02.jpg","type":"image\/jpeg"}],"twitter_card":"summary_large_image","schema":{"@context":"https:\/\/schema.org","@graph":[{"@type":"WebPage","@id":"https:\/\/www.playadoradaresidence.com\/de\/umgebung\/unterhaltung\/","url":"https:\/\/www.playadoradaresidence.com\/de\/umgebung\/unterhaltung\/","name":"Unterhaltung - Playa Dorada Residence -","isPartOf":{"@id":"https:\/\/www.playadoradaresidence.com\/de\/#website"},"datePublished":"2025-02-13T15:13:16+00:00","dateModified":"2025-03-19T15:50:43+00:00","description":"Nur wenige Kilometer von Comacchio entfernt befinden sich die meisten Vergn\u00fcgungsparks der Riviera Romagna, die zu den bedeutendsten und unterhaltsamsten Italiens geh\u00f6ren, wie z.B.: Mirabilandia, Aquafan, Italia in Miniatura und der Park Oltremare in Riccione. &nbsp; Unsere Residenz hat eine Vereinbarung mit Mirabilandia, einem der wichtigsten Vergn\u00fcgungsparks in der Romagna und in ganz Italien. Sie k\u00f6nnen also bequem an unserer Rezeption Eintrittskarten f\u00fcr Mirabilandia kaufen. Unvergessliche Tage voller Spa\u00df f\u00fcr die ganze Familie warten auf Sie!","breadcrumb":{"@id":"https:\/\/www.playadoradaresidence.com\/de\/umgebung\/unterhaltung\/#breadcrumb"},"inLanguage":"de-DE","potentialAction":[{"@type":"ReadAction","target":["https:\/\/www.playadoradaresidence.com\/de\/umgebung\/unterhaltung\/"]}]},{"@type":"BreadcrumbList","@id":"https:\/\/www.playadoradaresidence.com\/de\/umgebung\/unterhaltung\/#breadcrumb","itemListElement":[{"@type":"ListItem","position":1,"name":"Home","item":"https:\/\/www.playadoradaresidence.com\/de\/"},{"@type":"ListItem","position":2,"name":"Umgebung","item":"https:\/\/www.playadoradaresidence.com\/de\/umgebung\/"},{"@type":"ListItem","position":3,"name":"Unterhaltung"}]},{"@type":"WebSite","@id":"https:\/\/www.playadoradaresidence.com\/de\/#website","url":"https:\/\/www.playadoradaresidence.com\/de\/","name":"Playa Dorada Residence","description":"","publisher":{"@id":"https:\/\/www.playadoradaresidence.com\/de\/#organization"},"potentialAction":[{"@type":"SearchAction","target":{"@type":"EntryPoint","urlTemplate":"https:\/\/www.playadoradaresidence.com\/de\/?s={search_term_string}"},"query-input":"required name=search_term_string"}],"inLanguage":"de-DE"},{"@type":"Organization","@id":"https:\/\/www.playadoradaresidence.com\/de\/#organization","name":"Playa Dorada Residence","url":"https:\/\/www.playadoradaresidence.com\/de\/","logo":{"@type":"ImageObject","inLanguage":"de-DE","@id":"https:\/\/www.playadoradaresidence.com\/de\/#\/schema\/logo\/image\/","url":"https:\/\/www.playadoradaresidence.com\/wp-content\/uploads\/sites\/209\/2025\/01\/Playa_dorada.png","contentUrl":"https:\/\/www.playadoradaresidence.com\/wp-content\/uploads\/sites\/209\/2025\/01\/Playa_dorada.png","width":218,"height":54,"caption":"Playa Dorada Residence"},"image":{"@id":"https:\/\/www.playadoradaresidence.com\/de\/#\/schema\/logo\/image\/"},"sameAs":["https:\/\/facebook.com\/tomasitourism","https:\/\/www.instagram.com\/tomasitourism\/"]}]}},"acf":[],"_links":{"self":[{"href":"https:\/\/www.playadoradaresidence.com\/de\/wp-json\/wp\/v2\/pages\/530"}],"collection":[{"href":"https:\/\/www.playadoradaresidence.com\/de\/wp-json\/wp\/v2\/pages"}],"about":[{"href":"https:\/\/www.playadoradaresidence.com\/de\/wp-json\/wp\/v2\/types\/page"}],"author":[{"embeddable":true,"href":"https:\/\/www.playadoradaresidence.com\/de\/wp-json\/wp\/v2\/users\/13"}],"replies":[{"embeddable":true,"href":"https:\/\/www.playadoradaresidence.com\/de\/wp-json\/wp\/v2\/comments?post=530"}],"version-history":[{"count":0,"href":"https:\/\/www.playadoradaresidence.com\/de\/wp-json\/wp\/v2\/pages\/530\/revisions"}],"up":[{"embeddable":true,"href":"https:\/\/www.playadoradaresidence.com\/de\/wp-json\/wp\/v2\/pages\/495"}],"wp:attachment":[{"href":"https:\/\/www.playadoradaresidence.com\/de\/wp-json\/wp\/v2\/media?parent=530"}],"curies":[{"name":"wp","href":"https:\/\/api.w.org\/{rel}","templated":true}]}}