   {"id":500,"date":"2025-02-11T10:26:53","date_gmt":"2025-02-11T10:26:53","guid":{"rendered":"https:\/\/www.playadoradaresidence.com\/?page_id=500"},"modified":"2025-03-19T14:08:07","modified_gmt":"2025-03-19T14:08:07","slug":"comacchio","status":"publish","type":"page","link":"https:\/\/www.playadoradaresidence.com\/de\/umgebung\/comacchio\/","title":{"rendered":"Comacchio"},"content":{"rendered":"<p>Comacchio ist ein charmantes Dorf im n\u00f6rdlichen Teil der Provinz Ferrara in der Region Emilia-Romagna, das an den Po-Delta-Park grenzt. Das malerische St\u00e4dtchen ist ber\u00fchmt f\u00fcr seine einzigartige Landschaft, die schiffbaren Kan\u00e4le und die Fischereitraditionen, die seine Geschichte und Wirtschaft gepr\u00e4gt haben.<br \/>\nComacchio hat sehr alte Wurzeln, die bis in die R\u00f6merzeit zur\u00fcckreichen. Die Wirtschaft des Ortes hat sich vor allem durch den Fischfang und die Verarbeitung von Aalen, einem typischen Produkt der Region, entwickelt. Die Tradition des Aalfangs ist auch heute noch lebendig, und viele Restaurants und Gesch\u00e4fte bieten typische Gerichte auf der Grundlage dieses Fisches an. Die Geschichte von Comacchio ist auch mit seiner Hafent\u00e4tigkeit verbunden, die in den vergangenen Jahrhunderten eine wichtige Rolle f\u00fcr den Handel in der Region spielte.<\/p>\n","protected":false},"excerpt":{"rendered":"<p>Comacchio ist ein charmantes Dorf im n\u00f6rdlichen Teil der Provinz Ferrara in der Region Emilia-Romagna, das an den Po-Delta-Park grenzt. Das malerische St\u00e4dtchen ist ber\u00fchmt f\u00fcr seine einzigartige Landschaft, die schiffbaren Kan\u00e4le und die Fischereitraditionen, die seine Geschichte und Wirtschaft gepr\u00e4gt haben. Comacchio hat sehr alte Wurzeln, die bis in die R\u00f6merzeit zur\u00fcckreichen. Die Wirtschaft [&hellip;]<\/p>\n","protected":false},"author":13,"featured_media":0,"parent":495,"menu_order":5,"comment_status":"closed","ping_status":"closed","template":"template-territory-single.php","meta":{"footnotes":""},"yoast_head":"<!-- This site is optimized with the Yoast SEO plugin v22.3 - https:\/\/yoast.com\/wordpress\/plugins\/seo\/ -->\n<title>Comacchio - Playa Dorada Residence -<\/title>\n<meta name=\"description\" content=\"Comacchio ist ein charmantes Dorf im n\u00f6rdlichen Teil der Provinz Ferrara in der Region Emilia-Romagna, das an den Po-Delta-Park grenzt. Das malerische St\u00e4dtchen ist ber\u00fchmt f\u00fcr seine einzigartige Landschaft, die schiffbaren Kan\u00e4le und die Fischereitraditionen, die seine Geschichte und Wirtschaft gepr\u00e4gt haben. Comacchio hat sehr alte Wurzeln, die bis in die R\u00f6merzeit zur\u00fcckreichen\" \/>\n<meta name=\"robots\" content=\"index, follow, max-snippet:-1, max-image-preview:large, max-video-preview:-1\" \/>\n<link rel=\"canonical\" href=\"https:\/\/www.playadoradaresidence.com\/de\/umgebung\/comacchio\/\" \/>\n<meta property=\"og:locale\" content=\"de_DE\" \/>\n<meta property=\"og:type\" content=\"article\" \/>\n<meta property=\"og:title\" content=\"Comacchio - Playa Dorada Residence -\" \/>\n<meta property=\"og:description\" content=\"Comacchio ist ein charmantes Dorf im n\u00f6rdlichen Teil der Provinz Ferrara in der Region Emilia-Romagna, das an den Po-Delta-Park grenzt. Das malerische St\u00e4dtchen ist ber\u00fchmt f\u00fcr seine einzigartige Landschaft, die schiffbaren Kan\u00e4le und die Fischereitraditionen, die seine Geschichte und Wirtschaft gepr\u00e4gt haben. Comacchio hat sehr alte Wurzeln, die bis in die R\u00f6merzeit zur\u00fcckreichen\" \/>\n<meta property=\"og:url\" content=\"https:\/\/www.playadoradaresidence.com\/de\/umgebung\/comacchio\/\" \/>\n<meta property=\"og:site_name\" content=\"Playa Dorada Residence\" \/>\n<meta property=\"article:publisher\" content=\"https:\/\/facebook.com\/tomasitourism\" \/>\n<meta property=\"article:modified_time\" content=\"2025-03-19T14:08:07+00:00\" \/>\n<meta property=\"og:image\" content=\"https:\/\/www.playadoradaresidence.com\/wp-content\/uploads\/sites\/209\/2025\/02\/playa_dorada_home_slide02.jpg\" \/>\n\t<meta property=\"og:image:width\" content=\"2200\" \/>\n\t<meta property=\"og:image:height\" content=\"1200\" \/>\n\t<meta property=\"og:image:type\" content=\"image\/jpeg\" \/>\n<meta name=\"twitter:card\" content=\"summary_large_image\" \/>\n<meta name=\"twitter:label1\" content=\"Gesch\u00e4tzte Lesezeit\" \/>\n\t<meta name=\"twitter:data1\" content=\"1 Minute\" \/>\n<script type=\"application\/ld+json\" class=\"yoast-schema-graph\">{\"@context\":\"https:\/\/schema.org\",\"@graph\":[{\"@type\":\"WebPage\",\"@id\":\"https:\/\/www.playadoradaresidence.com\/de\/umgebung\/comacchio\/\",\"url\":\"https:\/\/www.playadoradaresidence.com\/de\/umgebung\/comacchio\/\",\"name\":\"Comacchio - Playa Dorada Residence -\",\"isPartOf\":{\"@id\":\"https:\/\/www.playadoradaresidence.com\/de\/#website\"},\"datePublished\":\"2025-02-11T10:26:53+00:00\",\"dateModified\":\"2025-03-19T14:08:07+00:00\",\"description\":\"Comacchio ist ein charmantes Dorf im n\u00f6rdlichen Teil der Provinz Ferrara in der Region Emilia-Romagna, das an den Po-Delta-Park grenzt. Das malerische St\u00e4dtchen ist ber\u00fchmt f\u00fcr seine einzigartige Landschaft, die schiffbaren Kan\u00e4le und die Fischereitraditionen, die seine Geschichte und Wirtschaft gepr\u00e4gt haben. Comacchio hat sehr alte Wurzeln, die bis in die R\u00f6merzeit zur\u00fcckreichen\",\"breadcrumb\":{\"@id\":\"https:\/\/www.playadoradaresidence.com\/de\/umgebung\/comacchio\/#breadcrumb\"},\"inLanguage\":\"de-DE\",\"potentialAction\":[{\"@type\":\"ReadAction\",\"target\":[\"https:\/\/www.playadoradaresidence.com\/de\/umgebung\/comacchio\/\"]}]},{\"@type\":\"BreadcrumbList\",\"@id\":\"https:\/\/www.playadoradaresidence.com\/de\/umgebung\/comacchio\/#breadcrumb\",\"itemListElement\":[{\"@type\":\"ListItem\",\"position\":1,\"name\":\"Home\",\"item\":\"https:\/\/www.playadoradaresidence.com\/de\/\"},{\"@type\":\"ListItem\",\"position\":2,\"name\":\"Umgebung\",\"item\":\"https:\/\/www.playadoradaresidence.com\/de\/umgebung\/\"},{\"@type\":\"ListItem\",\"position\":3,\"name\":\"Comacchio\"}]},{\"@type\":\"WebSite\",\"@id\":\"https:\/\/www.playadoradaresidence.com\/de\/#website\",\"url\":\"https:\/\/www.playadoradaresidence.com\/de\/\",\"name\":\"Playa Dorada Residence\",\"description\":\"\",\"publisher\":{\"@id\":\"https:\/\/www.playadoradaresidence.com\/de\/#organization\"},\"potentialAction\":[{\"@type\":\"SearchAction\",\"target\":{\"@type\":\"EntryPoint\",\"urlTemplate\":\"https:\/\/www.playadoradaresidence.com\/de\/?s={search_term_string}\"},\"query-input\":\"required name=search_term_string\"}],\"inLanguage\":\"de-DE\"},{\"@type\":\"Organization\",\"@id\":\"https:\/\/www.playadoradaresidence.com\/de\/#organization\",\"name\":\"Playa Dorada Residence\",\"url\":\"https:\/\/www.playadoradaresidence.com\/de\/\",\"logo\":{\"@type\":\"ImageObject\",\"inLanguage\":\"de-DE\",\"@id\":\"https:\/\/www.playadoradaresidence.com\/de\/#\/schema\/logo\/image\/\",\"url\":\"https:\/\/www.playadoradaresidence.com\/wp-content\/uploads\/sites\/209\/2025\/01\/Playa_dorada.png\",\"contentUrl\":\"https:\/\/www.playadoradaresidence.com\/wp-content\/uploads\/sites\/209\/2025\/01\/Playa_dorada.png\",\"width\":218,\"height\":54,\"caption\":\"Playa Dorada Residence\"},\"image\":{\"@id\":\"https:\/\/www.playadoradaresidence.com\/de\/#\/schema\/logo\/image\/\"},\"sameAs\":[\"https:\/\/facebook.com\/tomasitourism\",\"https:\/\/www.instagram.com\/tomasitourism\/\"]}]}<\/script>\n<!-- \/ Yoast SEO plugin. -->","yoast_head_json":{"title":"Comacchio - Playa Dorada Residence -","description":"Comacchio ist ein charmantes Dorf im n\u00f6rdlichen Teil der Provinz Ferrara in der Region Emilia-Romagna, das an den Po-Delta-Park grenzt. Das malerische St\u00e4dtchen ist ber\u00fchmt f\u00fcr seine einzigartige Landschaft, die schiffbaren Kan\u00e4le und die Fischereitraditionen, die seine Geschichte und Wirtschaft gepr\u00e4gt haben. Comacchio hat sehr alte Wurzeln, die bis in die R\u00f6merzeit zur\u00fcckreichen","robots":{"index":"index","follow":"follow","max-snippet":"max-snippet:-1","max-image-preview":"max-image-preview:large","max-video-preview":"max-video-preview:-1"},"canonical":"https:\/\/www.playadoradaresidence.com\/de\/umgebung\/comacchio\/","og_locale":"de_DE","og_type":"article","og_title":"Comacchio - Playa Dorada Residence -","og_description":"Comacchio ist ein charmantes Dorf im n\u00f6rdlichen Teil der Provinz Ferrara in der Region Emilia-Romagna, das an den Po-Delta-Park grenzt. Das malerische St\u00e4dtchen ist ber\u00fchmt f\u00fcr seine einzigartige Landschaft, die schiffbaren Kan\u00e4le und die Fischereitraditionen, die seine Geschichte und Wirtschaft gepr\u00e4gt haben. Comacchio hat sehr alte Wurzeln, die bis in die R\u00f6merzeit zur\u00fcckreichen","og_url":"https:\/\/www.playadoradaresidence.com\/de\/umgebung\/comacchio\/","og_site_name":"Playa Dorada Residence","article_publisher":"https:\/\/facebook.com\/tomasitourism","article_modified_time":"2025-03-19T14:08:07+00:00","og_image":[{"width":2200,"height":1200,"url":"https:\/\/www.playadoradaresidence.com\/wp-content\/uploads\/sites\/209\/2025\/02\/playa_dorada_home_slide02.jpg","type":"image\/jpeg"}],"twitter_card":"summary_large_image","twitter_misc":{"Gesch\u00e4tzte Lesezeit":"1 Minute"},"schema":{"@context":"https:\/\/schema.org","@graph":[{"@type":"WebPage","@id":"https:\/\/www.playadoradaresidence.com\/de\/umgebung\/comacchio\/","url":"https:\/\/www.playadoradaresidence.com\/de\/umgebung\/comacchio\/","name":"Comacchio - Playa Dorada Residence -","isPartOf":{"@id":"https:\/\/www.playadoradaresidence.com\/de\/#website"},"datePublished":"2025-02-11T10:26:53+00:00","dateModified":"2025-03-19T14:08:07+00:00","description":"Comacchio ist ein charmantes Dorf im n\u00f6rdlichen Teil der Provinz Ferrara in der Region Emilia-Romagna, das an den Po-Delta-Park grenzt. Das malerische St\u00e4dtchen ist ber\u00fchmt f\u00fcr seine einzigartige Landschaft, die schiffbaren Kan\u00e4le und die Fischereitraditionen, die seine Geschichte und Wirtschaft gepr\u00e4gt haben. Comacchio hat sehr alte Wurzeln, die bis in die R\u00f6merzeit zur\u00fcckreichen","breadcrumb":{"@id":"https:\/\/www.playadoradaresidence.com\/de\/umgebung\/comacchio\/#breadcrumb"},"inLanguage":"de-DE","potentialAction":[{"@type":"ReadAction","target":["https:\/\/www.playadoradaresidence.com\/de\/umgebung\/comacchio\/"]}]},{"@type":"BreadcrumbList","@id":"https:\/\/www.playadoradaresidence.com\/de\/umgebung\/comacchio\/#breadcrumb","itemListElement":[{"@type":"ListItem","position":1,"name":"Home","item":"https:\/\/www.playadoradaresidence.com\/de\/"},{"@type":"ListItem","position":2,"name":"Umgebung","item":"https:\/\/www.playadoradaresidence.com\/de\/umgebung\/"},{"@type":"ListItem","position":3,"name":"Comacchio"}]},{"@type":"WebSite","@id":"https:\/\/www.playadoradaresidence.com\/de\/#website","url":"https:\/\/www.playadoradaresidence.com\/de\/","name":"Playa Dorada Residence","description":"","publisher":{"@id":"https:\/\/www.playadoradaresidence.com\/de\/#organization"},"potentialAction":[{"@type":"SearchAction","target":{"@type":"EntryPoint","urlTemplate":"https:\/\/www.playadoradaresidence.com\/de\/?s={search_term_string}"},"query-input":"required name=search_term_string"}],"inLanguage":"de-DE"},{"@type":"Organization","@id":"https:\/\/www.playadoradaresidence.com\/de\/#organization","name":"Playa Dorada Residence","url":"https:\/\/www.playadoradaresidence.com\/de\/","logo":{"@type":"ImageObject","inLanguage":"de-DE","@id":"https:\/\/www.playadoradaresidence.com\/de\/#\/schema\/logo\/image\/","url":"https:\/\/www.playadoradaresidence.com\/wp-content\/uploads\/sites\/209\/2025\/01\/Playa_dorada.png","contentUrl":"https:\/\/www.playadoradaresidence.com\/wp-content\/uploads\/sites\/209\/2025\/01\/Playa_dorada.png","width":218,"height":54,"caption":"Playa Dorada Residence"},"image":{"@id":"https:\/\/www.playadoradaresidence.com\/de\/#\/schema\/logo\/image\/"},"sameAs":["https:\/\/facebook.com\/tomasitourism","https:\/\/www.instagram.com\/tomasitourism\/"]}]}},"acf":[],"_links":{"self":[{"href":"https:\/\/www.playadoradaresidence.com\/de\/wp-json\/wp\/v2\/pages\/500"}],"collection":[{"href":"https:\/\/www.playadoradaresidence.com\/de\/wp-json\/wp\/v2\/pages"}],"about":[{"href":"https:\/\/www.playadoradaresidence.com\/de\/wp-json\/wp\/v2\/types\/page"}],"author":[{"embeddable":true,"href":"https:\/\/www.playadoradaresidence.com\/de\/wp-json\/wp\/v2\/users\/13"}],"replies":[{"embeddable":true,"href":"https:\/\/www.playadoradaresidence.com\/de\/wp-json\/wp\/v2\/comments?post=500"}],"version-history":[{"count":0,"href":"https:\/\/www.playadoradaresidence.com\/de\/wp-json\/wp\/v2\/pages\/500\/revisions"}],"up":[{"embeddable":true,"href":"https:\/\/www.playadoradaresidence.com\/de\/wp-json\/wp\/v2\/pages\/495"}],"wp:attachment":[{"href":"https:\/\/www.playadoradaresidence.com\/de\/wp-json\/wp\/v2\/media?parent=500"}],"curies":[{"name":"wp","href":"https:\/\/api.w.org\/{rel}","templated":true}]}}