   {"id":495,"date":"2025-02-11T10:19:41","date_gmt":"2025-02-11T10:19:41","guid":{"rendered":"https:\/\/www.playadoradaresidence.com\/?page_id=495"},"modified":"2025-03-19T13:30:39","modified_gmt":"2025-03-19T13:30:39","slug":"umgebung","status":"publish","type":"page","link":"https:\/\/www.playadoradaresidence.com\/de\/umgebung\/","title":{"rendered":"Umgebung"},"content":{"rendered":"<p>Der Po-Delta-Park ist ein zauberhafter und eindrucksvoller Ort, der dank der zahlreichen Ausflugsm\u00f6glichkeiten erkundet werden kann. Der Park liegt in einem wirklich einzigartigen \u00f6kologischen Gebiet, 52.000 Hektar Land, das reich an Biodiversit\u00e4t, Flora und Fauna ist. Man denke nur an die mehr als 300 Vogelarten und 1.000 verschiedenen Pflanzenarten.<\/p>\n<p>&nbsp;<\/p>\n<p>Ein wahres Paradies f\u00fcr alle Naturliebhaber und Vogelbeobachter.<\/p>\n<p>&nbsp;<\/p>\n<p>Lassen Sie sich von der unglaublichen Sch\u00f6nheit dieser Gegend, dem Charme der unber\u00fchrten Landschaften und der Stille der Lagune verzaubern.<\/p>\n","protected":false},"excerpt":{"rendered":"<p>Der Po-Delta-Park ist ein zauberhafter und eindrucksvoller Ort, der dank der zahlreichen Ausflugsm\u00f6glichkeiten erkundet werden kann. Der Park liegt in einem wirklich einzigartigen \u00f6kologischen Gebiet, 52.000 Hektar Land, das reich an Biodiversit\u00e4t, Flora und Fauna ist. Man denke nur an die mehr als 300 Vogelarten und 1.000 verschiedenen Pflanzenarten. &nbsp; Ein wahres Paradies f\u00fcr alle [&hellip;]<\/p>\n","protected":false},"author":13,"featured_media":0,"parent":0,"menu_order":90,"comment_status":"closed","ping_status":"closed","template":"","meta":{"footnotes":""},"class_list":["post-495","page","type-page","status-publish","hentry"],"yoast_head":"<!-- This site is optimized with the Yoast SEO plugin v27.3 - https:\/\/yoast.com\/product\/yoast-seo-wordpress\/ -->\n<title>Umgebung - Playa Dorada Residence -<\/title>\n<meta name=\"description\" content=\"Der Po-Delta-Park ist ein zauberhafter und eindrucksvoller Ort, der dank der zahlreichen Ausflugsm\u00f6glichkeiten erkundet werden kann. Der Park liegt in einem wirklich einzigartigen \u00f6kologischen Gebiet, 52.000 Hektar Land, das reich an Biodiversit\u00e4t, Flora und Fauna ist\" \/>\n<meta name=\"robots\" content=\"index, follow, max-snippet:-1, max-image-preview:large, max-video-preview:-1\" \/>\n<link rel=\"canonical\" href=\"https:\/\/www.playadoradaresidence.com\/de\/umgebung\/\" \/>\n<meta property=\"og:locale\" content=\"de_DE\" \/>\n<meta property=\"og:type\" content=\"article\" \/>\n<meta property=\"og:title\" content=\"Umgebung - Playa Dorada Residence -\" \/>\n<meta property=\"og:description\" content=\"Der Po-Delta-Park ist ein zauberhafter und eindrucksvoller Ort, der dank der zahlreichen Ausflugsm\u00f6glichkeiten erkundet werden kann. Der Park liegt in einem wirklich einzigartigen \u00f6kologischen Gebiet, 52.000 Hektar Land, das reich an Biodiversit\u00e4t, Flora und Fauna ist\" \/>\n<meta property=\"og:url\" content=\"https:\/\/www.playadoradaresidence.com\/de\/umgebung\/\" \/>\n<meta property=\"og:site_name\" content=\"Playa Dorada Residence\" \/>\n<meta property=\"article:publisher\" content=\"https:\/\/facebook.com\/tomasitourism\" \/>\n<meta property=\"article:modified_time\" content=\"2025-03-19T13:30:39+00:00\" \/>\n<meta property=\"og:image\" content=\"https:\/\/www.playadoradaresidence.com\/wp-content\/uploads\/sites\/209\/2025\/02\/playa_dorada_home_slide02.jpg\" \/>\n\t<meta property=\"og:image:width\" content=\"2200\" \/>\n\t<meta property=\"og:image:height\" content=\"1200\" \/>\n\t<meta property=\"og:image:type\" content=\"image\/jpeg\" \/>\n<meta name=\"twitter:card\" content=\"summary_large_image\" \/>\n<meta name=\"twitter:label1\" content=\"Gesch\u00e4tzte Lesezeit\" \/>\n\t<meta name=\"twitter:data1\" content=\"1 Minute\" \/>\n<script type=\"application\/ld+json\" class=\"yoast-schema-graph\">{\"@context\":\"https:\\\/\\\/schema.org\",\"@graph\":[{\"@type\":\"WebPage\",\"@id\":\"https:\\\/\\\/www.playadoradaresidence.com\\\/de\\\/umgebung\\\/\",\"url\":\"https:\\\/\\\/www.playadoradaresidence.com\\\/de\\\/umgebung\\\/\",\"name\":\"Umgebung - Playa Dorada Residence -\",\"isPartOf\":{\"@id\":\"https:\\\/\\\/www.playadoradaresidence.com\\\/de\\\/#website\"},\"datePublished\":\"2025-02-11T10:19:41+00:00\",\"dateModified\":\"2025-03-19T13:30:39+00:00\",\"description\":\"Der Po-Delta-Park ist ein zauberhafter und eindrucksvoller Ort, der dank der zahlreichen Ausflugsm\u00f6glichkeiten erkundet werden kann. Der Park liegt in einem wirklich einzigartigen \u00f6kologischen Gebiet, 52.000 Hektar Land, das reich an Biodiversit\u00e4t, Flora und Fauna ist\",\"breadcrumb\":{\"@id\":\"https:\\\/\\\/www.playadoradaresidence.com\\\/de\\\/umgebung\\\/#breadcrumb\"},\"inLanguage\":\"de-DE\",\"potentialAction\":[{\"@type\":\"ReadAction\",\"target\":[\"https:\\\/\\\/www.playadoradaresidence.com\\\/de\\\/umgebung\\\/\"]}]},{\"@type\":\"BreadcrumbList\",\"@id\":\"https:\\\/\\\/www.playadoradaresidence.com\\\/de\\\/umgebung\\\/#breadcrumb\",\"itemListElement\":[{\"@type\":\"ListItem\",\"position\":1,\"name\":\"Home\",\"item\":\"https:\\\/\\\/www.playadoradaresidence.com\\\/de\\\/\"},{\"@type\":\"ListItem\",\"position\":2,\"name\":\"Umgebung\"}]},{\"@type\":\"WebSite\",\"@id\":\"https:\\\/\\\/www.playadoradaresidence.com\\\/de\\\/#website\",\"url\":\"https:\\\/\\\/www.playadoradaresidence.com\\\/de\\\/\",\"name\":\"Playa Dorada Residence\",\"description\":\"\",\"publisher\":{\"@id\":\"https:\\\/\\\/www.playadoradaresidence.com\\\/de\\\/#organization\"},\"potentialAction\":[{\"@type\":\"SearchAction\",\"target\":{\"@type\":\"EntryPoint\",\"urlTemplate\":\"https:\\\/\\\/www.playadoradaresidence.com\\\/de\\\/?s={search_term_string}\"},\"query-input\":{\"@type\":\"PropertyValueSpecification\",\"valueRequired\":true,\"valueName\":\"search_term_string\"}}],\"inLanguage\":\"de-DE\"},{\"@type\":\"Organization\",\"@id\":\"https:\\\/\\\/www.playadoradaresidence.com\\\/de\\\/#organization\",\"name\":\"Playa Dorada Residence\",\"url\":\"https:\\\/\\\/www.playadoradaresidence.com\\\/de\\\/\",\"logo\":{\"@type\":\"ImageObject\",\"inLanguage\":\"de-DE\",\"@id\":\"https:\\\/\\\/www.playadoradaresidence.com\\\/de\\\/#\\\/schema\\\/logo\\\/image\\\/\",\"url\":\"https:\\\/\\\/www.playadoradaresidence.com\\\/wp-content\\\/uploads\\\/sites\\\/209\\\/2025\\\/01\\\/Playa_dorada.png\",\"contentUrl\":\"https:\\\/\\\/www.playadoradaresidence.com\\\/wp-content\\\/uploads\\\/sites\\\/209\\\/2025\\\/01\\\/Playa_dorada.png\",\"width\":218,\"height\":54,\"caption\":\"Playa Dorada Residence\"},\"image\":{\"@id\":\"https:\\\/\\\/www.playadoradaresidence.com\\\/de\\\/#\\\/schema\\\/logo\\\/image\\\/\"},\"sameAs\":[\"https:\\\/\\\/facebook.com\\\/tomasitourism\",\"https:\\\/\\\/www.instagram.com\\\/tomasitourism\\\/\"]}]}<\/script>\n<!-- \/ Yoast SEO plugin. -->","yoast_head_json":{"title":"Umgebung - Playa Dorada Residence -","description":"Der Po-Delta-Park ist ein zauberhafter und eindrucksvoller Ort, der dank der zahlreichen Ausflugsm\u00f6glichkeiten erkundet werden kann. Der Park liegt in einem wirklich einzigartigen \u00f6kologischen Gebiet, 52.000 Hektar Land, das reich an Biodiversit\u00e4t, Flora und Fauna ist","robots":{"index":"index","follow":"follow","max-snippet":"max-snippet:-1","max-image-preview":"max-image-preview:large","max-video-preview":"max-video-preview:-1"},"canonical":"https:\/\/www.playadoradaresidence.com\/de\/umgebung\/","og_locale":"de_DE","og_type":"article","og_title":"Umgebung - Playa Dorada Residence -","og_description":"Der Po-Delta-Park ist ein zauberhafter und eindrucksvoller Ort, der dank der zahlreichen Ausflugsm\u00f6glichkeiten erkundet werden kann. Der Park liegt in einem wirklich einzigartigen \u00f6kologischen Gebiet, 52.000 Hektar Land, das reich an Biodiversit\u00e4t, Flora und Fauna ist","og_url":"https:\/\/www.playadoradaresidence.com\/de\/umgebung\/","og_site_name":"Playa Dorada Residence","article_publisher":"https:\/\/facebook.com\/tomasitourism","article_modified_time":"2025-03-19T13:30:39+00:00","og_image":[{"width":2200,"height":1200,"url":"https:\/\/www.playadoradaresidence.com\/wp-content\/uploads\/sites\/209\/2025\/02\/playa_dorada_home_slide02.jpg","type":"image\/jpeg"}],"twitter_card":"summary_large_image","twitter_misc":{"Gesch\u00e4tzte Lesezeit":"1 Minute"},"schema":{"@context":"https:\/\/schema.org","@graph":[{"@type":"WebPage","@id":"https:\/\/www.playadoradaresidence.com\/de\/umgebung\/","url":"https:\/\/www.playadoradaresidence.com\/de\/umgebung\/","name":"Umgebung - Playa Dorada Residence -","isPartOf":{"@id":"https:\/\/www.playadoradaresidence.com\/de\/#website"},"datePublished":"2025-02-11T10:19:41+00:00","dateModified":"2025-03-19T13:30:39+00:00","description":"Der Po-Delta-Park ist ein zauberhafter und eindrucksvoller Ort, der dank der zahlreichen Ausflugsm\u00f6glichkeiten erkundet werden kann. Der Park liegt in einem wirklich einzigartigen \u00f6kologischen Gebiet, 52.000 Hektar Land, das reich an Biodiversit\u00e4t, Flora und Fauna ist","breadcrumb":{"@id":"https:\/\/www.playadoradaresidence.com\/de\/umgebung\/#breadcrumb"},"inLanguage":"de-DE","potentialAction":[{"@type":"ReadAction","target":["https:\/\/www.playadoradaresidence.com\/de\/umgebung\/"]}]},{"@type":"BreadcrumbList","@id":"https:\/\/www.playadoradaresidence.com\/de\/umgebung\/#breadcrumb","itemListElement":[{"@type":"ListItem","position":1,"name":"Home","item":"https:\/\/www.playadoradaresidence.com\/de\/"},{"@type":"ListItem","position":2,"name":"Umgebung"}]},{"@type":"WebSite","@id":"https:\/\/www.playadoradaresidence.com\/de\/#website","url":"https:\/\/www.playadoradaresidence.com\/de\/","name":"Playa Dorada Residence","description":"","publisher":{"@id":"https:\/\/www.playadoradaresidence.com\/de\/#organization"},"potentialAction":[{"@type":"SearchAction","target":{"@type":"EntryPoint","urlTemplate":"https:\/\/www.playadoradaresidence.com\/de\/?s={search_term_string}"},"query-input":{"@type":"PropertyValueSpecification","valueRequired":true,"valueName":"search_term_string"}}],"inLanguage":"de-DE"},{"@type":"Organization","@id":"https:\/\/www.playadoradaresidence.com\/de\/#organization","name":"Playa Dorada Residence","url":"https:\/\/www.playadoradaresidence.com\/de\/","logo":{"@type":"ImageObject","inLanguage":"de-DE","@id":"https:\/\/www.playadoradaresidence.com\/de\/#\/schema\/logo\/image\/","url":"https:\/\/www.playadoradaresidence.com\/wp-content\/uploads\/sites\/209\/2025\/01\/Playa_dorada.png","contentUrl":"https:\/\/www.playadoradaresidence.com\/wp-content\/uploads\/sites\/209\/2025\/01\/Playa_dorada.png","width":218,"height":54,"caption":"Playa Dorada Residence"},"image":{"@id":"https:\/\/www.playadoradaresidence.com\/de\/#\/schema\/logo\/image\/"},"sameAs":["https:\/\/facebook.com\/tomasitourism","https:\/\/www.instagram.com\/tomasitourism\/"]}]}},"acf":[],"_links":{"self":[{"href":"https:\/\/www.playadoradaresidence.com\/de\/wp-json\/wp\/v2\/pages\/495","targetHints":{"allow":["GET"]}}],"collection":[{"href":"https:\/\/www.playadoradaresidence.com\/de\/wp-json\/wp\/v2\/pages"}],"about":[{"href":"https:\/\/www.playadoradaresidence.com\/de\/wp-json\/wp\/v2\/types\/page"}],"author":[{"embeddable":true,"href":"https:\/\/www.playadoradaresidence.com\/de\/wp-json\/wp\/v2\/users\/13"}],"replies":[{"embeddable":true,"href":"https:\/\/www.playadoradaresidence.com\/de\/wp-json\/wp\/v2\/comments?post=495"}],"version-history":[{"count":0,"href":"https:\/\/www.playadoradaresidence.com\/de\/wp-json\/wp\/v2\/pages\/495\/revisions"}],"wp:attachment":[{"href":"https:\/\/www.playadoradaresidence.com\/de\/wp-json\/wp\/v2\/media?parent=495"}],"curies":[{"name":"wp","href":"https:\/\/api.w.org\/{rel}","templated":true}]}}