   {"id":477,"date":"2025-02-11T09:53:44","date_gmt":"2025-02-11T09:53:44","guid":{"rendered":"https:\/\/www.playadoradaresidence.com\/?page_id=477"},"modified":"2025-03-19T11:04:47","modified_gmt":"2025-03-19T11:04:47","slug":"wein-und-gourmetreise","status":"publish","type":"page","link":"https:\/\/www.playadoradaresidence.com\/de\/ihren-urlaub\/wein-und-gourmetreise\/","title":{"rendered":"Wein- und Gourmetreise"},"content":{"rendered":"<p>Entdecken Sie die authentischen Geschm\u00e4cker des Po-Delta-Parks mit einem Urlaub f\u00fcr Liebhaber von Essen und Wein. Erkunden Sie dieses Gebiet, das reich an kulinarischen Traditionen ist und in dem frischer Fisch und typische Produkte die unbestrittenen Hauptdarsteller sind. Nehmen Sie an kulinarischen und weinkundlichen F\u00fchrungen durch die \u00f6rtlichen Weinkellereien teil, probieren Sie traditionelle Gerichte, die mit Zutaten aus der Region zubereitet werden, und genie\u00dfen Sie einzigartige kulinarische Erlebnisse in einer au\u00dfergew\u00f6hnlichen nat\u00fcrlichen Umgebung. Eine perfekte Gelegenheit, um in die gastronomische Kultur des Deltas einzutauchen, mit Verkostungen, Besuchen bei lokalen Erzeugern und typischen Gerichten, die die Geschichte des Gebiets erz\u00e4hlen.<\/p>\n","protected":false},"excerpt":{"rendered":"<p>Entdecken Sie die authentischen Geschm\u00e4cker des Po-Delta-Parks mit einem Urlaub f\u00fcr Liebhaber von Essen und Wein. Erkunden Sie dieses Gebiet, das reich an kulinarischen Traditionen ist und in dem frischer Fisch und typische Produkte die unbestrittenen Hauptdarsteller sind. Nehmen Sie an kulinarischen und weinkundlichen F\u00fchrungen durch die \u00f6rtlichen Weinkellereien teil, probieren Sie traditionelle Gerichte, die [&hellip;]<\/p>\n","protected":false},"author":13,"featured_media":0,"parent":443,"menu_order":15,"comment_status":"closed","ping_status":"closed","template":"template-your-holiday.php","meta":{"footnotes":""},"class_list":["post-477","page","type-page","status-publish","hentry"],"yoast_head":"<!-- This site is optimized with the Yoast SEO plugin v27.3 - https:\/\/yoast.com\/product\/yoast-seo-wordpress\/ -->\n<title>Wein- und Gourmetreise - Playa Dorada Residence -<\/title>\n<meta name=\"description\" content=\"Entdecken Sie die authentischen Geschm\u00e4cker des Po-Delta-Parks mit einem Urlaub f\u00fcr Liebhaber von Essen und Wein. Erkunden Sie dieses Gebiet, das reich an kulinarischen Traditionen ist und in dem frischer Fisch und typische Produkte die unbestrittenen Hauptdarsteller sind\" \/>\n<meta name=\"robots\" content=\"index, follow, max-snippet:-1, max-image-preview:large, max-video-preview:-1\" \/>\n<link rel=\"canonical\" href=\"https:\/\/www.playadoradaresidence.com\/de\/ihren-urlaub\/wein-und-gourmetreise\/\" \/>\n<meta property=\"og:locale\" content=\"de_DE\" \/>\n<meta property=\"og:type\" content=\"article\" \/>\n<meta property=\"og:title\" content=\"Wein- und Gourmetreise - Playa Dorada Residence -\" \/>\n<meta property=\"og:description\" content=\"Entdecken Sie die authentischen Geschm\u00e4cker des Po-Delta-Parks mit einem Urlaub f\u00fcr Liebhaber von Essen und Wein. Erkunden Sie dieses Gebiet, das reich an kulinarischen Traditionen ist und in dem frischer Fisch und typische Produkte die unbestrittenen Hauptdarsteller sind\" \/>\n<meta property=\"og:url\" content=\"https:\/\/www.playadoradaresidence.com\/de\/ihren-urlaub\/wein-und-gourmetreise\/\" \/>\n<meta property=\"og:site_name\" content=\"Playa Dorada Residence\" \/>\n<meta property=\"article:publisher\" content=\"https:\/\/facebook.com\/tomasitourism\" \/>\n<meta property=\"article:modified_time\" content=\"2025-03-19T11:04:47+00:00\" \/>\n<meta property=\"og:image\" content=\"https:\/\/www.playadoradaresidence.com\/wp-content\/uploads\/sites\/209\/2025\/02\/playa_dorada_home_slide02.jpg\" \/>\n\t<meta property=\"og:image:width\" content=\"2200\" \/>\n\t<meta property=\"og:image:height\" content=\"1200\" \/>\n\t<meta property=\"og:image:type\" content=\"image\/jpeg\" \/>\n<meta name=\"twitter:card\" content=\"summary_large_image\" \/>\n<meta name=\"twitter:label1\" content=\"Gesch\u00e4tzte Lesezeit\" \/>\n\t<meta name=\"twitter:data1\" content=\"1 Minute\" \/>\n<script type=\"application\/ld+json\" class=\"yoast-schema-graph\">{\"@context\":\"https:\\\/\\\/schema.org\",\"@graph\":[{\"@type\":\"WebPage\",\"@id\":\"https:\\\/\\\/www.playadoradaresidence.com\\\/de\\\/ihren-urlaub\\\/wein-und-gourmetreise\\\/\",\"url\":\"https:\\\/\\\/www.playadoradaresidence.com\\\/de\\\/ihren-urlaub\\\/wein-und-gourmetreise\\\/\",\"name\":\"Wein- und Gourmetreise - Playa Dorada Residence -\",\"isPartOf\":{\"@id\":\"https:\\\/\\\/www.playadoradaresidence.com\\\/de\\\/#website\"},\"datePublished\":\"2025-02-11T09:53:44+00:00\",\"dateModified\":\"2025-03-19T11:04:47+00:00\",\"description\":\"Entdecken Sie die authentischen Geschm\u00e4cker des Po-Delta-Parks mit einem Urlaub f\u00fcr Liebhaber von Essen und Wein. Erkunden Sie dieses Gebiet, das reich an kulinarischen Traditionen ist und in dem frischer Fisch und typische Produkte die unbestrittenen Hauptdarsteller sind\",\"breadcrumb\":{\"@id\":\"https:\\\/\\\/www.playadoradaresidence.com\\\/de\\\/ihren-urlaub\\\/wein-und-gourmetreise\\\/#breadcrumb\"},\"inLanguage\":\"de-DE\",\"potentialAction\":[{\"@type\":\"ReadAction\",\"target\":[\"https:\\\/\\\/www.playadoradaresidence.com\\\/de\\\/ihren-urlaub\\\/wein-und-gourmetreise\\\/\"]}]},{\"@type\":\"BreadcrumbList\",\"@id\":\"https:\\\/\\\/www.playadoradaresidence.com\\\/de\\\/ihren-urlaub\\\/wein-und-gourmetreise\\\/#breadcrumb\",\"itemListElement\":[{\"@type\":\"ListItem\",\"position\":1,\"name\":\"Home\",\"item\":\"https:\\\/\\\/www.playadoradaresidence.com\\\/de\\\/\"},{\"@type\":\"ListItem\",\"position\":2,\"name\":\"Ihren Urlaub\",\"item\":\"https:\\\/\\\/www.playadoradaresidence.com\\\/de\\\/ihren-urlaub\\\/\"},{\"@type\":\"ListItem\",\"position\":3,\"name\":\"Wein- und Gourmetreise\"}]},{\"@type\":\"WebSite\",\"@id\":\"https:\\\/\\\/www.playadoradaresidence.com\\\/de\\\/#website\",\"url\":\"https:\\\/\\\/www.playadoradaresidence.com\\\/de\\\/\",\"name\":\"Playa Dorada Residence\",\"description\":\"\",\"publisher\":{\"@id\":\"https:\\\/\\\/www.playadoradaresidence.com\\\/de\\\/#organization\"},\"potentialAction\":[{\"@type\":\"SearchAction\",\"target\":{\"@type\":\"EntryPoint\",\"urlTemplate\":\"https:\\\/\\\/www.playadoradaresidence.com\\\/de\\\/?s={search_term_string}\"},\"query-input\":{\"@type\":\"PropertyValueSpecification\",\"valueRequired\":true,\"valueName\":\"search_term_string\"}}],\"inLanguage\":\"de-DE\"},{\"@type\":\"Organization\",\"@id\":\"https:\\\/\\\/www.playadoradaresidence.com\\\/de\\\/#organization\",\"name\":\"Playa Dorada Residence\",\"url\":\"https:\\\/\\\/www.playadoradaresidence.com\\\/de\\\/\",\"logo\":{\"@type\":\"ImageObject\",\"inLanguage\":\"de-DE\",\"@id\":\"https:\\\/\\\/www.playadoradaresidence.com\\\/de\\\/#\\\/schema\\\/logo\\\/image\\\/\",\"url\":\"https:\\\/\\\/www.playadoradaresidence.com\\\/wp-content\\\/uploads\\\/sites\\\/209\\\/2025\\\/01\\\/Playa_dorada.png\",\"contentUrl\":\"https:\\\/\\\/www.playadoradaresidence.com\\\/wp-content\\\/uploads\\\/sites\\\/209\\\/2025\\\/01\\\/Playa_dorada.png\",\"width\":218,\"height\":54,\"caption\":\"Playa Dorada Residence\"},\"image\":{\"@id\":\"https:\\\/\\\/www.playadoradaresidence.com\\\/de\\\/#\\\/schema\\\/logo\\\/image\\\/\"},\"sameAs\":[\"https:\\\/\\\/facebook.com\\\/tomasitourism\",\"https:\\\/\\\/www.instagram.com\\\/tomasitourism\\\/\"]}]}<\/script>\n<!-- \/ Yoast SEO plugin. -->","yoast_head_json":{"title":"Wein- und Gourmetreise - Playa Dorada Residence -","description":"Entdecken Sie die authentischen Geschm\u00e4cker des Po-Delta-Parks mit einem Urlaub f\u00fcr Liebhaber von Essen und Wein. Erkunden Sie dieses Gebiet, das reich an kulinarischen Traditionen ist und in dem frischer Fisch und typische Produkte die unbestrittenen Hauptdarsteller sind","robots":{"index":"index","follow":"follow","max-snippet":"max-snippet:-1","max-image-preview":"max-image-preview:large","max-video-preview":"max-video-preview:-1"},"canonical":"https:\/\/www.playadoradaresidence.com\/de\/ihren-urlaub\/wein-und-gourmetreise\/","og_locale":"de_DE","og_type":"article","og_title":"Wein- und Gourmetreise - Playa Dorada Residence -","og_description":"Entdecken Sie die authentischen Geschm\u00e4cker des Po-Delta-Parks mit einem Urlaub f\u00fcr Liebhaber von Essen und Wein. Erkunden Sie dieses Gebiet, das reich an kulinarischen Traditionen ist und in dem frischer Fisch und typische Produkte die unbestrittenen Hauptdarsteller sind","og_url":"https:\/\/www.playadoradaresidence.com\/de\/ihren-urlaub\/wein-und-gourmetreise\/","og_site_name":"Playa Dorada Residence","article_publisher":"https:\/\/facebook.com\/tomasitourism","article_modified_time":"2025-03-19T11:04:47+00:00","og_image":[{"width":2200,"height":1200,"url":"https:\/\/www.playadoradaresidence.com\/wp-content\/uploads\/sites\/209\/2025\/02\/playa_dorada_home_slide02.jpg","type":"image\/jpeg"}],"twitter_card":"summary_large_image","twitter_misc":{"Gesch\u00e4tzte Lesezeit":"1 Minute"},"schema":{"@context":"https:\/\/schema.org","@graph":[{"@type":"WebPage","@id":"https:\/\/www.playadoradaresidence.com\/de\/ihren-urlaub\/wein-und-gourmetreise\/","url":"https:\/\/www.playadoradaresidence.com\/de\/ihren-urlaub\/wein-und-gourmetreise\/","name":"Wein- und Gourmetreise - Playa Dorada Residence -","isPartOf":{"@id":"https:\/\/www.playadoradaresidence.com\/de\/#website"},"datePublished":"2025-02-11T09:53:44+00:00","dateModified":"2025-03-19T11:04:47+00:00","description":"Entdecken Sie die authentischen Geschm\u00e4cker des Po-Delta-Parks mit einem Urlaub f\u00fcr Liebhaber von Essen und Wein. Erkunden Sie dieses Gebiet, das reich an kulinarischen Traditionen ist und in dem frischer Fisch und typische Produkte die unbestrittenen Hauptdarsteller sind","breadcrumb":{"@id":"https:\/\/www.playadoradaresidence.com\/de\/ihren-urlaub\/wein-und-gourmetreise\/#breadcrumb"},"inLanguage":"de-DE","potentialAction":[{"@type":"ReadAction","target":["https:\/\/www.playadoradaresidence.com\/de\/ihren-urlaub\/wein-und-gourmetreise\/"]}]},{"@type":"BreadcrumbList","@id":"https:\/\/www.playadoradaresidence.com\/de\/ihren-urlaub\/wein-und-gourmetreise\/#breadcrumb","itemListElement":[{"@type":"ListItem","position":1,"name":"Home","item":"https:\/\/www.playadoradaresidence.com\/de\/"},{"@type":"ListItem","position":2,"name":"Ihren Urlaub","item":"https:\/\/www.playadoradaresidence.com\/de\/ihren-urlaub\/"},{"@type":"ListItem","position":3,"name":"Wein- und Gourmetreise"}]},{"@type":"WebSite","@id":"https:\/\/www.playadoradaresidence.com\/de\/#website","url":"https:\/\/www.playadoradaresidence.com\/de\/","name":"Playa Dorada Residence","description":"","publisher":{"@id":"https:\/\/www.playadoradaresidence.com\/de\/#organization"},"potentialAction":[{"@type":"SearchAction","target":{"@type":"EntryPoint","urlTemplate":"https:\/\/www.playadoradaresidence.com\/de\/?s={search_term_string}"},"query-input":{"@type":"PropertyValueSpecification","valueRequired":true,"valueName":"search_term_string"}}],"inLanguage":"de-DE"},{"@type":"Organization","@id":"https:\/\/www.playadoradaresidence.com\/de\/#organization","name":"Playa Dorada Residence","url":"https:\/\/www.playadoradaresidence.com\/de\/","logo":{"@type":"ImageObject","inLanguage":"de-DE","@id":"https:\/\/www.playadoradaresidence.com\/de\/#\/schema\/logo\/image\/","url":"https:\/\/www.playadoradaresidence.com\/wp-content\/uploads\/sites\/209\/2025\/01\/Playa_dorada.png","contentUrl":"https:\/\/www.playadoradaresidence.com\/wp-content\/uploads\/sites\/209\/2025\/01\/Playa_dorada.png","width":218,"height":54,"caption":"Playa Dorada Residence"},"image":{"@id":"https:\/\/www.playadoradaresidence.com\/de\/#\/schema\/logo\/image\/"},"sameAs":["https:\/\/facebook.com\/tomasitourism","https:\/\/www.instagram.com\/tomasitourism\/"]}]}},"acf":[],"_links":{"self":[{"href":"https:\/\/www.playadoradaresidence.com\/de\/wp-json\/wp\/v2\/pages\/477","targetHints":{"allow":["GET"]}}],"collection":[{"href":"https:\/\/www.playadoradaresidence.com\/de\/wp-json\/wp\/v2\/pages"}],"about":[{"href":"https:\/\/www.playadoradaresidence.com\/de\/wp-json\/wp\/v2\/types\/page"}],"author":[{"embeddable":true,"href":"https:\/\/www.playadoradaresidence.com\/de\/wp-json\/wp\/v2\/users\/13"}],"replies":[{"embeddable":true,"href":"https:\/\/www.playadoradaresidence.com\/de\/wp-json\/wp\/v2\/comments?post=477"}],"version-history":[{"count":0,"href":"https:\/\/www.playadoradaresidence.com\/de\/wp-json\/wp\/v2\/pages\/477\/revisions"}],"up":[{"embeddable":true,"href":"https:\/\/www.playadoradaresidence.com\/de\/wp-json\/wp\/v2\/pages\/443"}],"wp:attachment":[{"href":"https:\/\/www.playadoradaresidence.com\/de\/wp-json\/wp\/v2\/media?parent=477"}],"curies":[{"name":"wp","href":"https:\/\/api.w.org\/{rel}","templated":true}]}}