   {"id":471,"date":"2025-02-11T09:46:45","date_gmt":"2025-02-11T09:46:45","guid":{"rendered":"https:\/\/www.playadoradaresidence.com\/?page_id=471"},"modified":"2025-03-19T09:10:46","modified_gmt":"2025-03-19T09:10:46","slug":"das-gebiet-entdecken","status":"publish","type":"page","link":"https:\/\/www.playadoradaresidence.com\/de\/ihren-urlaub\/das-gebiet-entdecken\/","title":{"rendered":"Das Gebiet entdecken"},"content":{"rendered":"<p>Erleben Sie ein einzigartiges Erlebnis im Herzen des Po-Deltas, einem Naturparadies reich an landschaftlicher Sch\u00f6nheit und Artenvielfalt. Unser Urlaub f\u00fcr Liebhaber der Region bietet Ihnen die M\u00f6glichkeit, diese unber\u00fchrte Ecke bei Ausfl\u00fcgen mit dem Fahrrad, dem Boot oder zu Pferd zu erkunden. Entdecken Sie die lokale Fauna und Flora, schlendern Sie durch malerische Fischerd\u00f6rfer und probieren Sie die typische gastronomische Tradition der Region. Eine Reise in das Herz eines einzigartigen \u00d6kosystems, um das Po-Delta in seiner ganzen Authentizit\u00e4t zu erleben.<\/p>\n","protected":false},"excerpt":{"rendered":"<p>Erleben Sie ein einzigartiges Erlebnis im Herzen des Po-Deltas, einem Naturparadies reich an landschaftlicher Sch\u00f6nheit und Artenvielfalt. Unser Urlaub f\u00fcr Liebhaber der Region bietet Ihnen die M\u00f6glichkeit, diese unber\u00fchrte Ecke bei Ausfl\u00fcgen mit dem Fahrrad, dem Boot oder zu Pferd zu erkunden. Entdecken Sie die lokale Fauna und Flora, schlendern Sie durch malerische Fischerd\u00f6rfer und [&hellip;]<\/p>\n","protected":false},"author":13,"featured_media":0,"parent":443,"menu_order":10,"comment_status":"closed","ping_status":"closed","template":"template-your-holiday.php","meta":{"footnotes":""},"yoast_head":"<!-- This site is optimized with the Yoast SEO plugin v22.3 - https:\/\/yoast.com\/wordpress\/plugins\/seo\/ -->\n<title>Das Gebiet entdecken - Playa Dorada Residence -<\/title>\n<meta name=\"description\" content=\"Erleben Sie ein einzigartiges Erlebnis im Herzen des Po-Deltas, einem Naturparadies reich an landschaftlicher Sch\u00f6nheit und Artenvielfalt. Unser Urlaub f\u00fcr Liebhaber der Region bietet Ihnen die M\u00f6glichkeit, diese unber\u00fchrte Ecke bei Ausfl\u00fcgen mit dem Fahrrad, dem Boot oder zu Pferd zu erkunden\" \/>\n<meta name=\"robots\" content=\"index, follow, max-snippet:-1, max-image-preview:large, max-video-preview:-1\" \/>\n<link rel=\"canonical\" href=\"https:\/\/www.playadoradaresidence.com\/de\/ihren-urlaub\/das-gebiet-entdecken\/\" \/>\n<meta property=\"og:locale\" content=\"de_DE\" \/>\n<meta property=\"og:type\" content=\"article\" \/>\n<meta property=\"og:title\" content=\"Das Gebiet entdecken - Playa Dorada Residence -\" \/>\n<meta property=\"og:description\" content=\"Erleben Sie ein einzigartiges Erlebnis im Herzen des Po-Deltas, einem Naturparadies reich an landschaftlicher Sch\u00f6nheit und Artenvielfalt. Unser Urlaub f\u00fcr Liebhaber der Region bietet Ihnen die M\u00f6glichkeit, diese unber\u00fchrte Ecke bei Ausfl\u00fcgen mit dem Fahrrad, dem Boot oder zu Pferd zu erkunden\" \/>\n<meta property=\"og:url\" content=\"https:\/\/www.playadoradaresidence.com\/de\/ihren-urlaub\/das-gebiet-entdecken\/\" \/>\n<meta property=\"og:site_name\" content=\"Playa Dorada Residence\" \/>\n<meta property=\"article:publisher\" content=\"https:\/\/facebook.com\/tomasitourism\" \/>\n<meta property=\"article:modified_time\" content=\"2025-03-19T09:10:46+00:00\" \/>\n<meta property=\"og:image\" content=\"https:\/\/www.playadoradaresidence.com\/wp-content\/uploads\/sites\/209\/2025\/02\/playa_dorada_home_slide02.jpg\" \/>\n\t<meta property=\"og:image:width\" content=\"2200\" \/>\n\t<meta property=\"og:image:height\" content=\"1200\" \/>\n\t<meta property=\"og:image:type\" content=\"image\/jpeg\" \/>\n<meta name=\"twitter:card\" content=\"summary_large_image\" \/>\n<meta name=\"twitter:label1\" content=\"Gesch\u00e4tzte Lesezeit\" \/>\n\t<meta name=\"twitter:data1\" content=\"1 Minute\" \/>\n<script type=\"application\/ld+json\" class=\"yoast-schema-graph\">{\"@context\":\"https:\/\/schema.org\",\"@graph\":[{\"@type\":\"WebPage\",\"@id\":\"https:\/\/www.playadoradaresidence.com\/de\/ihren-urlaub\/das-gebiet-entdecken\/\",\"url\":\"https:\/\/www.playadoradaresidence.com\/de\/ihren-urlaub\/das-gebiet-entdecken\/\",\"name\":\"Das Gebiet entdecken - Playa Dorada Residence -\",\"isPartOf\":{\"@id\":\"https:\/\/www.playadoradaresidence.com\/de\/#website\"},\"datePublished\":\"2025-02-11T09:46:45+00:00\",\"dateModified\":\"2025-03-19T09:10:46+00:00\",\"description\":\"Erleben Sie ein einzigartiges Erlebnis im Herzen des Po-Deltas, einem Naturparadies reich an landschaftlicher Sch\u00f6nheit und Artenvielfalt. Unser Urlaub f\u00fcr Liebhaber der Region bietet Ihnen die M\u00f6glichkeit, diese unber\u00fchrte Ecke bei Ausfl\u00fcgen mit dem Fahrrad, dem Boot oder zu Pferd zu erkunden\",\"breadcrumb\":{\"@id\":\"https:\/\/www.playadoradaresidence.com\/de\/ihren-urlaub\/das-gebiet-entdecken\/#breadcrumb\"},\"inLanguage\":\"de-DE\",\"potentialAction\":[{\"@type\":\"ReadAction\",\"target\":[\"https:\/\/www.playadoradaresidence.com\/de\/ihren-urlaub\/das-gebiet-entdecken\/\"]}]},{\"@type\":\"BreadcrumbList\",\"@id\":\"https:\/\/www.playadoradaresidence.com\/de\/ihren-urlaub\/das-gebiet-entdecken\/#breadcrumb\",\"itemListElement\":[{\"@type\":\"ListItem\",\"position\":1,\"name\":\"Home\",\"item\":\"https:\/\/www.playadoradaresidence.com\/de\/\"},{\"@type\":\"ListItem\",\"position\":2,\"name\":\"Ihren Urlaub\",\"item\":\"https:\/\/www.playadoradaresidence.com\/de\/ihren-urlaub\/\"},{\"@type\":\"ListItem\",\"position\":3,\"name\":\"Das Gebiet entdecken\"}]},{\"@type\":\"WebSite\",\"@id\":\"https:\/\/www.playadoradaresidence.com\/de\/#website\",\"url\":\"https:\/\/www.playadoradaresidence.com\/de\/\",\"name\":\"Playa Dorada Residence\",\"description\":\"\",\"publisher\":{\"@id\":\"https:\/\/www.playadoradaresidence.com\/de\/#organization\"},\"potentialAction\":[{\"@type\":\"SearchAction\",\"target\":{\"@type\":\"EntryPoint\",\"urlTemplate\":\"https:\/\/www.playadoradaresidence.com\/de\/?s={search_term_string}\"},\"query-input\":\"required name=search_term_string\"}],\"inLanguage\":\"de-DE\"},{\"@type\":\"Organization\",\"@id\":\"https:\/\/www.playadoradaresidence.com\/de\/#organization\",\"name\":\"Playa Dorada Residence\",\"url\":\"https:\/\/www.playadoradaresidence.com\/de\/\",\"logo\":{\"@type\":\"ImageObject\",\"inLanguage\":\"de-DE\",\"@id\":\"https:\/\/www.playadoradaresidence.com\/de\/#\/schema\/logo\/image\/\",\"url\":\"https:\/\/www.playadoradaresidence.com\/wp-content\/uploads\/sites\/209\/2025\/01\/Playa_dorada.png\",\"contentUrl\":\"https:\/\/www.playadoradaresidence.com\/wp-content\/uploads\/sites\/209\/2025\/01\/Playa_dorada.png\",\"width\":218,\"height\":54,\"caption\":\"Playa Dorada Residence\"},\"image\":{\"@id\":\"https:\/\/www.playadoradaresidence.com\/de\/#\/schema\/logo\/image\/\"},\"sameAs\":[\"https:\/\/facebook.com\/tomasitourism\",\"https:\/\/www.instagram.com\/tomasitourism\/\"]}]}<\/script>\n<!-- \/ Yoast SEO plugin. -->","yoast_head_json":{"title":"Das Gebiet entdecken - Playa Dorada Residence -","description":"Erleben Sie ein einzigartiges Erlebnis im Herzen des Po-Deltas, einem Naturparadies reich an landschaftlicher Sch\u00f6nheit und Artenvielfalt. Unser Urlaub f\u00fcr Liebhaber der Region bietet Ihnen die M\u00f6glichkeit, diese unber\u00fchrte Ecke bei Ausfl\u00fcgen mit dem Fahrrad, dem Boot oder zu Pferd zu erkunden","robots":{"index":"index","follow":"follow","max-snippet":"max-snippet:-1","max-image-preview":"max-image-preview:large","max-video-preview":"max-video-preview:-1"},"canonical":"https:\/\/www.playadoradaresidence.com\/de\/ihren-urlaub\/das-gebiet-entdecken\/","og_locale":"de_DE","og_type":"article","og_title":"Das Gebiet entdecken - Playa Dorada Residence -","og_description":"Erleben Sie ein einzigartiges Erlebnis im Herzen des Po-Deltas, einem Naturparadies reich an landschaftlicher Sch\u00f6nheit und Artenvielfalt. Unser Urlaub f\u00fcr Liebhaber der Region bietet Ihnen die M\u00f6glichkeit, diese unber\u00fchrte Ecke bei Ausfl\u00fcgen mit dem Fahrrad, dem Boot oder zu Pferd zu erkunden","og_url":"https:\/\/www.playadoradaresidence.com\/de\/ihren-urlaub\/das-gebiet-entdecken\/","og_site_name":"Playa Dorada Residence","article_publisher":"https:\/\/facebook.com\/tomasitourism","article_modified_time":"2025-03-19T09:10:46+00:00","og_image":[{"width":2200,"height":1200,"url":"https:\/\/www.playadoradaresidence.com\/wp-content\/uploads\/sites\/209\/2025\/02\/playa_dorada_home_slide02.jpg","type":"image\/jpeg"}],"twitter_card":"summary_large_image","twitter_misc":{"Gesch\u00e4tzte Lesezeit":"1 Minute"},"schema":{"@context":"https:\/\/schema.org","@graph":[{"@type":"WebPage","@id":"https:\/\/www.playadoradaresidence.com\/de\/ihren-urlaub\/das-gebiet-entdecken\/","url":"https:\/\/www.playadoradaresidence.com\/de\/ihren-urlaub\/das-gebiet-entdecken\/","name":"Das Gebiet entdecken - Playa Dorada Residence -","isPartOf":{"@id":"https:\/\/www.playadoradaresidence.com\/de\/#website"},"datePublished":"2025-02-11T09:46:45+00:00","dateModified":"2025-03-19T09:10:46+00:00","description":"Erleben Sie ein einzigartiges Erlebnis im Herzen des Po-Deltas, einem Naturparadies reich an landschaftlicher Sch\u00f6nheit und Artenvielfalt. Unser Urlaub f\u00fcr Liebhaber der Region bietet Ihnen die M\u00f6glichkeit, diese unber\u00fchrte Ecke bei Ausfl\u00fcgen mit dem Fahrrad, dem Boot oder zu Pferd zu erkunden","breadcrumb":{"@id":"https:\/\/www.playadoradaresidence.com\/de\/ihren-urlaub\/das-gebiet-entdecken\/#breadcrumb"},"inLanguage":"de-DE","potentialAction":[{"@type":"ReadAction","target":["https:\/\/www.playadoradaresidence.com\/de\/ihren-urlaub\/das-gebiet-entdecken\/"]}]},{"@type":"BreadcrumbList","@id":"https:\/\/www.playadoradaresidence.com\/de\/ihren-urlaub\/das-gebiet-entdecken\/#breadcrumb","itemListElement":[{"@type":"ListItem","position":1,"name":"Home","item":"https:\/\/www.playadoradaresidence.com\/de\/"},{"@type":"ListItem","position":2,"name":"Ihren Urlaub","item":"https:\/\/www.playadoradaresidence.com\/de\/ihren-urlaub\/"},{"@type":"ListItem","position":3,"name":"Das Gebiet entdecken"}]},{"@type":"WebSite","@id":"https:\/\/www.playadoradaresidence.com\/de\/#website","url":"https:\/\/www.playadoradaresidence.com\/de\/","name":"Playa Dorada Residence","description":"","publisher":{"@id":"https:\/\/www.playadoradaresidence.com\/de\/#organization"},"potentialAction":[{"@type":"SearchAction","target":{"@type":"EntryPoint","urlTemplate":"https:\/\/www.playadoradaresidence.com\/de\/?s={search_term_string}"},"query-input":"required name=search_term_string"}],"inLanguage":"de-DE"},{"@type":"Organization","@id":"https:\/\/www.playadoradaresidence.com\/de\/#organization","name":"Playa Dorada Residence","url":"https:\/\/www.playadoradaresidence.com\/de\/","logo":{"@type":"ImageObject","inLanguage":"de-DE","@id":"https:\/\/www.playadoradaresidence.com\/de\/#\/schema\/logo\/image\/","url":"https:\/\/www.playadoradaresidence.com\/wp-content\/uploads\/sites\/209\/2025\/01\/Playa_dorada.png","contentUrl":"https:\/\/www.playadoradaresidence.com\/wp-content\/uploads\/sites\/209\/2025\/01\/Playa_dorada.png","width":218,"height":54,"caption":"Playa Dorada Residence"},"image":{"@id":"https:\/\/www.playadoradaresidence.com\/de\/#\/schema\/logo\/image\/"},"sameAs":["https:\/\/facebook.com\/tomasitourism","https:\/\/www.instagram.com\/tomasitourism\/"]}]}},"acf":[],"_links":{"self":[{"href":"https:\/\/www.playadoradaresidence.com\/de\/wp-json\/wp\/v2\/pages\/471"}],"collection":[{"href":"https:\/\/www.playadoradaresidence.com\/de\/wp-json\/wp\/v2\/pages"}],"about":[{"href":"https:\/\/www.playadoradaresidence.com\/de\/wp-json\/wp\/v2\/types\/page"}],"author":[{"embeddable":true,"href":"https:\/\/www.playadoradaresidence.com\/de\/wp-json\/wp\/v2\/users\/13"}],"replies":[{"embeddable":true,"href":"https:\/\/www.playadoradaresidence.com\/de\/wp-json\/wp\/v2\/comments?post=471"}],"version-history":[{"count":0,"href":"https:\/\/www.playadoradaresidence.com\/de\/wp-json\/wp\/v2\/pages\/471\/revisions"}],"up":[{"embeddable":true,"href":"https:\/\/www.playadoradaresidence.com\/de\/wp-json\/wp\/v2\/pages\/443"}],"wp:attachment":[{"href":"https:\/\/www.playadoradaresidence.com\/de\/wp-json\/wp\/v2\/media?parent=471"}],"curies":[{"name":"wp","href":"https:\/\/api.w.org\/{rel}","templated":true}]}}