   {"id":411,"date":"2025-02-10T12:51:02","date_gmt":"2025-02-10T12:51:02","guid":{"rendered":"https:\/\/www.playadoradaresidence.com\/?page_id=411"},"modified":"2025-03-18T14:18:47","modified_gmt":"2025-03-18T14:18:47","slug":"animation","status":"publish","type":"page","link":"https:\/\/www.playadoradaresidence.com\/de\/dienstleistungen\/animation\/","title":{"rendered":"Animation"},"content":{"rendered":"<p>Im Urlaub ist es vor allem sch\u00f6n, gemeinsam Spa\u00df zu haben: deshalb haben wir in der Playa Dorada Residence einen super Animationsservice f\u00fcr Familien.<\/p>\n<p>&nbsp;<\/p>\n<p>Die von unserer Residenz in der N\u00e4he von Comacchio angebotenen Dienstleistungen umfassen Animation f\u00fcr Kinder und Miniclub f\u00fcr die Kleinsten, Spiele f\u00fcr Kinder und Erwachsene.<\/p>\n<p>&nbsp;<\/p>\n<p>Mit unserem Mini-Club sind die Kinder die unbestrittenen Protagonisten der vorgeschlagenen Aktivit\u00e4ten: ihr Spa\u00df wird durch die aufmerksamen Kinder unseres Animationsteams einzigartig gemacht.<\/p>\n<p>&nbsp;<\/p>\n<p>Die Animation erwartet Sie am Morgen, am Strand, um gemeinsam einen lustigen und aktiven Urlaub zu erleben!<br \/>\nMuskelerwachen, Spiele, Turniere, Gruppent\u00e4nze und vieles mehr sind die t\u00e4glichen Aktivit\u00e4ten an unserem sch\u00f6nen Strand.<br \/>\nWir warten auf Sie, um einen unvergesslichen Strandurlaub zu erleben!<\/p>\n","protected":false},"excerpt":{"rendered":"<p>Im Urlaub ist es vor allem sch\u00f6n, gemeinsam Spa\u00df zu haben: deshalb haben wir in der Playa Dorada Residence einen super Animationsservice f\u00fcr Familien. &nbsp; Die von unserer Residenz in der N\u00e4he von Comacchio angebotenen Dienstleistungen umfassen Animation f\u00fcr Kinder und Miniclub f\u00fcr die Kleinsten, Spiele f\u00fcr Kinder und Erwachsene. &nbsp; Mit unserem Mini-Club sind [&hellip;]<\/p>\n","protected":false},"author":13,"featured_media":0,"parent":399,"menu_order":10,"comment_status":"closed","ping_status":"closed","template":"","meta":{"footnotes":""},"class_list":["post-411","page","type-page","status-publish","hentry"],"yoast_head":"<!-- This site is optimized with the Yoast SEO plugin v27.3 - https:\/\/yoast.com\/product\/yoast-seo-wordpress\/ -->\n<title>Animation - Playa Dorada Residence -<\/title>\n<meta name=\"description\" content=\"Im Urlaub ist es vor allem sch\u00f6n, gemeinsam Spa\u00df zu haben: deshalb haben wir in der Playa Dorada Residence einen super Animationsservice f\u00fcr Familien.  &nbsp;  Die von unserer Residenz in der N\u00e4he von Comacchio angebotenen Dienstleistungen umfassen Animation f\u00fcr Kinder und Miniclub f\u00fcr die Kleinsten, Spiele f\u00fcr Kinder und Erwachsene.  &nbsp;  Mit unserem Mini-Club sind die Kinder die unbestrittenen Protagonisten der vorgeschlagenen Aktivit\u00e4ten: ihr Spa\u00df wird durch die aufmerksamen Kinder unseres Animationsteams einzigartig gemacht.  &nbsp;  Die Animation erwartet Sie am Morgen, am Strand, um gemeinsam einen lustigen und aktiven Urlaub zu erleben! Muskelerwachen, Spiele, Turniere, Gruppent\u00e4nze und vieles mehr sind die t\u00e4glichen Aktivit\u00e4ten an unserem sch\u00f6nen Strand. Wir warten auf Sie, um einen unvergesslichen Strandurlaub zu erleben!.\" \/>\n<meta name=\"robots\" content=\"index, follow, max-snippet:-1, max-image-preview:large, max-video-preview:-1\" \/>\n<link rel=\"canonical\" href=\"https:\/\/www.playadoradaresidence.com\/de\/dienstleistungen\/animation\/\" \/>\n<meta property=\"og:locale\" content=\"de_DE\" \/>\n<meta property=\"og:type\" content=\"article\" \/>\n<meta property=\"og:title\" content=\"Animation - Playa Dorada Residence -\" \/>\n<meta property=\"og:description\" content=\"Im Urlaub ist es vor allem sch\u00f6n, gemeinsam Spa\u00df zu haben: deshalb haben wir in der Playa Dorada Residence einen super Animationsservice f\u00fcr Familien.  &nbsp;  Die von unserer Residenz in der N\u00e4he von Comacchio angebotenen Dienstleistungen umfassen Animation f\u00fcr Kinder und Miniclub f\u00fcr die Kleinsten, Spiele f\u00fcr Kinder und Erwachsene.  &nbsp;  Mit unserem Mini-Club sind die Kinder die unbestrittenen Protagonisten der vorgeschlagenen Aktivit\u00e4ten: ihr Spa\u00df wird durch die aufmerksamen Kinder unseres Animationsteams einzigartig gemacht.  &nbsp;  Die Animation erwartet Sie am Morgen, am Strand, um gemeinsam einen lustigen und aktiven Urlaub zu erleben! Muskelerwachen, Spiele, Turniere, Gruppent\u00e4nze und vieles mehr sind die t\u00e4glichen Aktivit\u00e4ten an unserem sch\u00f6nen Strand. Wir warten auf Sie, um einen unvergesslichen Strandurlaub zu erleben!.\" \/>\n<meta property=\"og:url\" content=\"https:\/\/www.playadoradaresidence.com\/de\/dienstleistungen\/animation\/\" \/>\n<meta property=\"og:site_name\" content=\"Playa Dorada Residence\" \/>\n<meta property=\"article:publisher\" content=\"https:\/\/facebook.com\/tomasitourism\" \/>\n<meta property=\"article:modified_time\" content=\"2025-03-18T14:18:47+00:00\" \/>\n<meta property=\"og:image\" content=\"https:\/\/www.playadoradaresidence.com\/wp-content\/uploads\/sites\/209\/2025\/02\/playa_dorada_home_slide02.jpg\" \/>\n\t<meta property=\"og:image:width\" content=\"2200\" \/>\n\t<meta property=\"og:image:height\" content=\"1200\" \/>\n\t<meta property=\"og:image:type\" content=\"image\/jpeg\" \/>\n<meta name=\"twitter:card\" content=\"summary_large_image\" \/>\n<meta name=\"twitter:label1\" content=\"Gesch\u00e4tzte Lesezeit\" \/>\n\t<meta name=\"twitter:data1\" content=\"1 Minute\" \/>\n<script type=\"application\/ld+json\" class=\"yoast-schema-graph\">{\"@context\":\"https:\\\/\\\/schema.org\",\"@graph\":[{\"@type\":\"WebPage\",\"@id\":\"https:\\\/\\\/www.playadoradaresidence.com\\\/de\\\/dienstleistungen\\\/animation\\\/\",\"url\":\"https:\\\/\\\/www.playadoradaresidence.com\\\/de\\\/dienstleistungen\\\/animation\\\/\",\"name\":\"Animation - Playa Dorada Residence -\",\"isPartOf\":{\"@id\":\"https:\\\/\\\/www.playadoradaresidence.com\\\/de\\\/#website\"},\"datePublished\":\"2025-02-10T12:51:02+00:00\",\"dateModified\":\"2025-03-18T14:18:47+00:00\",\"description\":\"Im Urlaub ist es vor allem sch\u00f6n, gemeinsam Spa\u00df zu haben: deshalb haben wir in der Playa Dorada Residence einen super Animationsservice f\u00fcr Familien. &nbsp; Die von unserer Residenz in der N\u00e4he von Comacchio angebotenen Dienstleistungen umfassen Animation f\u00fcr Kinder und Miniclub f\u00fcr die Kleinsten, Spiele f\u00fcr Kinder und Erwachsene. &nbsp; Mit unserem Mini-Club sind die Kinder die unbestrittenen Protagonisten der vorgeschlagenen Aktivit\u00e4ten: ihr Spa\u00df wird durch die aufmerksamen Kinder unseres Animationsteams einzigartig gemacht. &nbsp; Die Animation erwartet Sie am Morgen, am Strand, um gemeinsam einen lustigen und aktiven Urlaub zu erleben! Muskelerwachen, Spiele, Turniere, Gruppent\u00e4nze und vieles mehr sind die t\u00e4glichen Aktivit\u00e4ten an unserem sch\u00f6nen Strand. Wir warten auf Sie, um einen unvergesslichen Strandurlaub zu erleben!.\",\"breadcrumb\":{\"@id\":\"https:\\\/\\\/www.playadoradaresidence.com\\\/de\\\/dienstleistungen\\\/animation\\\/#breadcrumb\"},\"inLanguage\":\"de-DE\",\"potentialAction\":[{\"@type\":\"ReadAction\",\"target\":[\"https:\\\/\\\/www.playadoradaresidence.com\\\/de\\\/dienstleistungen\\\/animation\\\/\"]}]},{\"@type\":\"BreadcrumbList\",\"@id\":\"https:\\\/\\\/www.playadoradaresidence.com\\\/de\\\/dienstleistungen\\\/animation\\\/#breadcrumb\",\"itemListElement\":[{\"@type\":\"ListItem\",\"position\":1,\"name\":\"Home\",\"item\":\"https:\\\/\\\/www.playadoradaresidence.com\\\/de\\\/\"},{\"@type\":\"ListItem\",\"position\":2,\"name\":\"Dienstleistungen\",\"item\":\"https:\\\/\\\/www.playadoradaresidence.com\\\/de\\\/dienstleistungen\\\/\"},{\"@type\":\"ListItem\",\"position\":3,\"name\":\"Animation\"}]},{\"@type\":\"WebSite\",\"@id\":\"https:\\\/\\\/www.playadoradaresidence.com\\\/de\\\/#website\",\"url\":\"https:\\\/\\\/www.playadoradaresidence.com\\\/de\\\/\",\"name\":\"Playa Dorada Residence\",\"description\":\"\",\"publisher\":{\"@id\":\"https:\\\/\\\/www.playadoradaresidence.com\\\/de\\\/#organization\"},\"potentialAction\":[{\"@type\":\"SearchAction\",\"target\":{\"@type\":\"EntryPoint\",\"urlTemplate\":\"https:\\\/\\\/www.playadoradaresidence.com\\\/de\\\/?s={search_term_string}\"},\"query-input\":{\"@type\":\"PropertyValueSpecification\",\"valueRequired\":true,\"valueName\":\"search_term_string\"}}],\"inLanguage\":\"de-DE\"},{\"@type\":\"Organization\",\"@id\":\"https:\\\/\\\/www.playadoradaresidence.com\\\/de\\\/#organization\",\"name\":\"Playa Dorada Residence\",\"url\":\"https:\\\/\\\/www.playadoradaresidence.com\\\/de\\\/\",\"logo\":{\"@type\":\"ImageObject\",\"inLanguage\":\"de-DE\",\"@id\":\"https:\\\/\\\/www.playadoradaresidence.com\\\/de\\\/#\\\/schema\\\/logo\\\/image\\\/\",\"url\":\"https:\\\/\\\/www.playadoradaresidence.com\\\/wp-content\\\/uploads\\\/sites\\\/209\\\/2025\\\/01\\\/Playa_dorada.png\",\"contentUrl\":\"https:\\\/\\\/www.playadoradaresidence.com\\\/wp-content\\\/uploads\\\/sites\\\/209\\\/2025\\\/01\\\/Playa_dorada.png\",\"width\":218,\"height\":54,\"caption\":\"Playa Dorada Residence\"},\"image\":{\"@id\":\"https:\\\/\\\/www.playadoradaresidence.com\\\/de\\\/#\\\/schema\\\/logo\\\/image\\\/\"},\"sameAs\":[\"https:\\\/\\\/facebook.com\\\/tomasitourism\",\"https:\\\/\\\/www.instagram.com\\\/tomasitourism\\\/\"]}]}<\/script>\n<!-- \/ Yoast SEO plugin. -->","yoast_head_json":{"title":"Animation - Playa Dorada Residence -","description":"Im Urlaub ist es vor allem sch\u00f6n, gemeinsam Spa\u00df zu haben: deshalb haben wir in der Playa Dorada Residence einen super Animationsservice f\u00fcr Familien.  &nbsp;  Die von unserer Residenz in der N\u00e4he von Comacchio angebotenen Dienstleistungen umfassen Animation f\u00fcr Kinder und Miniclub f\u00fcr die Kleinsten, Spiele f\u00fcr Kinder und Erwachsene.  &nbsp;  Mit unserem Mini-Club sind die Kinder die unbestrittenen Protagonisten der vorgeschlagenen Aktivit\u00e4ten: ihr Spa\u00df wird durch die aufmerksamen Kinder unseres Animationsteams einzigartig gemacht.  &nbsp;  Die Animation erwartet Sie am Morgen, am Strand, um gemeinsam einen lustigen und aktiven Urlaub zu erleben! Muskelerwachen, Spiele, Turniere, Gruppent\u00e4nze und vieles mehr sind die t\u00e4glichen Aktivit\u00e4ten an unserem sch\u00f6nen Strand. Wir warten auf Sie, um einen unvergesslichen Strandurlaub zu erleben!.","robots":{"index":"index","follow":"follow","max-snippet":"max-snippet:-1","max-image-preview":"max-image-preview:large","max-video-preview":"max-video-preview:-1"},"canonical":"https:\/\/www.playadoradaresidence.com\/de\/dienstleistungen\/animation\/","og_locale":"de_DE","og_type":"article","og_title":"Animation - Playa Dorada Residence -","og_description":"Im Urlaub ist es vor allem sch\u00f6n, gemeinsam Spa\u00df zu haben: deshalb haben wir in der Playa Dorada Residence einen super Animationsservice f\u00fcr Familien.  &nbsp;  Die von unserer Residenz in der N\u00e4he von Comacchio angebotenen Dienstleistungen umfassen Animation f\u00fcr Kinder und Miniclub f\u00fcr die Kleinsten, Spiele f\u00fcr Kinder und Erwachsene.  &nbsp;  Mit unserem Mini-Club sind die Kinder die unbestrittenen Protagonisten der vorgeschlagenen Aktivit\u00e4ten: ihr Spa\u00df wird durch die aufmerksamen Kinder unseres Animationsteams einzigartig gemacht.  &nbsp;  Die Animation erwartet Sie am Morgen, am Strand, um gemeinsam einen lustigen und aktiven Urlaub zu erleben! Muskelerwachen, Spiele, Turniere, Gruppent\u00e4nze und vieles mehr sind die t\u00e4glichen Aktivit\u00e4ten an unserem sch\u00f6nen Strand. Wir warten auf Sie, um einen unvergesslichen Strandurlaub zu erleben!.","og_url":"https:\/\/www.playadoradaresidence.com\/de\/dienstleistungen\/animation\/","og_site_name":"Playa Dorada Residence","article_publisher":"https:\/\/facebook.com\/tomasitourism","article_modified_time":"2025-03-18T14:18:47+00:00","og_image":[{"width":2200,"height":1200,"url":"https:\/\/www.playadoradaresidence.com\/wp-content\/uploads\/sites\/209\/2025\/02\/playa_dorada_home_slide02.jpg","type":"image\/jpeg"}],"twitter_card":"summary_large_image","twitter_misc":{"Gesch\u00e4tzte Lesezeit":"1 Minute"},"schema":{"@context":"https:\/\/schema.org","@graph":[{"@type":"WebPage","@id":"https:\/\/www.playadoradaresidence.com\/de\/dienstleistungen\/animation\/","url":"https:\/\/www.playadoradaresidence.com\/de\/dienstleistungen\/animation\/","name":"Animation - Playa Dorada Residence -","isPartOf":{"@id":"https:\/\/www.playadoradaresidence.com\/de\/#website"},"datePublished":"2025-02-10T12:51:02+00:00","dateModified":"2025-03-18T14:18:47+00:00","description":"Im Urlaub ist es vor allem sch\u00f6n, gemeinsam Spa\u00df zu haben: deshalb haben wir in der Playa Dorada Residence einen super Animationsservice f\u00fcr Familien. &nbsp; Die von unserer Residenz in der N\u00e4he von Comacchio angebotenen Dienstleistungen umfassen Animation f\u00fcr Kinder und Miniclub f\u00fcr die Kleinsten, Spiele f\u00fcr Kinder und Erwachsene. &nbsp; Mit unserem Mini-Club sind die Kinder die unbestrittenen Protagonisten der vorgeschlagenen Aktivit\u00e4ten: ihr Spa\u00df wird durch die aufmerksamen Kinder unseres Animationsteams einzigartig gemacht. &nbsp; Die Animation erwartet Sie am Morgen, am Strand, um gemeinsam einen lustigen und aktiven Urlaub zu erleben! Muskelerwachen, Spiele, Turniere, Gruppent\u00e4nze und vieles mehr sind die t\u00e4glichen Aktivit\u00e4ten an unserem sch\u00f6nen Strand. Wir warten auf Sie, um einen unvergesslichen Strandurlaub zu erleben!.","breadcrumb":{"@id":"https:\/\/www.playadoradaresidence.com\/de\/dienstleistungen\/animation\/#breadcrumb"},"inLanguage":"de-DE","potentialAction":[{"@type":"ReadAction","target":["https:\/\/www.playadoradaresidence.com\/de\/dienstleistungen\/animation\/"]}]},{"@type":"BreadcrumbList","@id":"https:\/\/www.playadoradaresidence.com\/de\/dienstleistungen\/animation\/#breadcrumb","itemListElement":[{"@type":"ListItem","position":1,"name":"Home","item":"https:\/\/www.playadoradaresidence.com\/de\/"},{"@type":"ListItem","position":2,"name":"Dienstleistungen","item":"https:\/\/www.playadoradaresidence.com\/de\/dienstleistungen\/"},{"@type":"ListItem","position":3,"name":"Animation"}]},{"@type":"WebSite","@id":"https:\/\/www.playadoradaresidence.com\/de\/#website","url":"https:\/\/www.playadoradaresidence.com\/de\/","name":"Playa Dorada Residence","description":"","publisher":{"@id":"https:\/\/www.playadoradaresidence.com\/de\/#organization"},"potentialAction":[{"@type":"SearchAction","target":{"@type":"EntryPoint","urlTemplate":"https:\/\/www.playadoradaresidence.com\/de\/?s={search_term_string}"},"query-input":{"@type":"PropertyValueSpecification","valueRequired":true,"valueName":"search_term_string"}}],"inLanguage":"de-DE"},{"@type":"Organization","@id":"https:\/\/www.playadoradaresidence.com\/de\/#organization","name":"Playa Dorada Residence","url":"https:\/\/www.playadoradaresidence.com\/de\/","logo":{"@type":"ImageObject","inLanguage":"de-DE","@id":"https:\/\/www.playadoradaresidence.com\/de\/#\/schema\/logo\/image\/","url":"https:\/\/www.playadoradaresidence.com\/wp-content\/uploads\/sites\/209\/2025\/01\/Playa_dorada.png","contentUrl":"https:\/\/www.playadoradaresidence.com\/wp-content\/uploads\/sites\/209\/2025\/01\/Playa_dorada.png","width":218,"height":54,"caption":"Playa Dorada Residence"},"image":{"@id":"https:\/\/www.playadoradaresidence.com\/de\/#\/schema\/logo\/image\/"},"sameAs":["https:\/\/facebook.com\/tomasitourism","https:\/\/www.instagram.com\/tomasitourism\/"]}]}},"acf":[],"_links":{"self":[{"href":"https:\/\/www.playadoradaresidence.com\/de\/wp-json\/wp\/v2\/pages\/411","targetHints":{"allow":["GET"]}}],"collection":[{"href":"https:\/\/www.playadoradaresidence.com\/de\/wp-json\/wp\/v2\/pages"}],"about":[{"href":"https:\/\/www.playadoradaresidence.com\/de\/wp-json\/wp\/v2\/types\/page"}],"author":[{"embeddable":true,"href":"https:\/\/www.playadoradaresidence.com\/de\/wp-json\/wp\/v2\/users\/13"}],"replies":[{"embeddable":true,"href":"https:\/\/www.playadoradaresidence.com\/de\/wp-json\/wp\/v2\/comments?post=411"}],"version-history":[{"count":0,"href":"https:\/\/www.playadoradaresidence.com\/de\/wp-json\/wp\/v2\/pages\/411\/revisions"}],"up":[{"embeddable":true,"href":"https:\/\/www.playadoradaresidence.com\/de\/wp-json\/wp\/v2\/pages\/399"}],"wp:attachment":[{"href":"https:\/\/www.playadoradaresidence.com\/de\/wp-json\/wp\/v2\/media?parent=411"}],"curies":[{"name":"wp","href":"https:\/\/api.w.org\/{rel}","templated":true}]}}