   {"id":396,"date":"2025-02-10T09:05:07","date_gmt":"2025-02-10T09:05:07","guid":{"rendered":"https:\/\/www.playadoradaresidence.com\/?page_id=396"},"modified":"2025-03-18T11:19:51","modified_gmt":"2025-03-18T11:19:51","slug":"hotel-quality","status":"publish","type":"page","link":"https:\/\/www.playadoradaresidence.com\/de\/hotel-quality\/","title":{"rendered":"Hotel Quality"},"content":{"rendered":"<p>Die Playa Dorada Residence bietet eine Hotelqualit\u00e4t, die Komfort, moderne Annehmlichkeiten und eine entspannte Atmosph\u00e4re kombiniert, ideal f\u00fcr Familien. Obwohl es sich um eine Residenz handelt, bietet die Struktur hohe Standards, die denen eines Hotels \u00e4hneln, mit engagierten Dienstleistungen, Liebe zum Detail und der Pflege der R\u00e4ume.<\/p>\n<p>&nbsp;<\/p>\n<p>Es stehen viele Dienstleistungen zur Verf\u00fcgung, die es erm\u00f6glichen, die Unabh\u00e4ngigkeit einer Wohnung am Meer mit dem Komfort und der Qualit\u00e4t eines Hotels zu verbinden, wie die M\u00f6glichkeit, Bettw\u00e4sche und Handt\u00fccher zu mieten und den t\u00e4glichen Reinigungsservice der Wohnung.<\/p>\n","protected":false},"excerpt":{"rendered":"<p>Die Playa Dorada Residence bietet eine Hotelqualit\u00e4t, die Komfort, moderne Annehmlichkeiten und eine entspannte Atmosph\u00e4re kombiniert, ideal f\u00fcr Familien. Obwohl es sich um eine Residenz handelt, bietet die Struktur hohe Standards, die denen eines Hotels \u00e4hneln, mit engagierten Dienstleistungen, Liebe zum Detail und der Pflege der R\u00e4ume. &nbsp; Es stehen viele Dienstleistungen zur Verf\u00fcgung, die [&hellip;]<\/p>\n","protected":false},"author":13,"featured_media":0,"parent":0,"menu_order":20,"comment_status":"closed","ping_status":"closed","template":"template-restaurant.php","meta":{"footnotes":""},"class_list":["post-396","page","type-page","status-publish","hentry"],"yoast_head":"<!-- This site is optimized with the Yoast SEO plugin v27.3 - https:\/\/yoast.com\/product\/yoast-seo-wordpress\/ -->\n<title>Hotel Quality - Playa Dorada Residence -<\/title>\n<meta name=\"description\" content=\"Die Playa Dorada Residence bietet eine Hotelqualit\u00e4t, die Komfort, moderne Annehmlichkeiten und eine entspannte Atmosph\u00e4re kombiniert, ideal f\u00fcr Familien. Obwohl es sich um eine Residenz handelt, bietet die Struktur hohe Standards, die denen eines Hotels \u00e4hneln, mit engagierten Dienstleistungen, Liebe zum Detail und der Pflege der R\u00e4ume.  &nbsp;  Es stehen viele Dienstleistungen zur Verf\u00fcgung, die es erm\u00f6glichen, die Unabh\u00e4ngigkeit einer Wohnung am Meer mit dem Komfort und der Qualit\u00e4t eines Hotels zu verbinden, wie die M\u00f6glichkeit, Bettw\u00e4sche und Handt\u00fccher zu mieten und den t\u00e4glichen Reinigungsservice der Wohnung.\" \/>\n<meta name=\"robots\" content=\"index, follow, max-snippet:-1, max-image-preview:large, max-video-preview:-1\" \/>\n<link rel=\"canonical\" href=\"https:\/\/www.playadoradaresidence.com\/de\/hotel-quality\/\" \/>\n<meta property=\"og:locale\" content=\"de_DE\" \/>\n<meta property=\"og:type\" content=\"article\" \/>\n<meta property=\"og:title\" content=\"Hotel Quality - Playa Dorada Residence -\" \/>\n<meta property=\"og:description\" content=\"Die Playa Dorada Residence bietet eine Hotelqualit\u00e4t, die Komfort, moderne Annehmlichkeiten und eine entspannte Atmosph\u00e4re kombiniert, ideal f\u00fcr Familien. Obwohl es sich um eine Residenz handelt, bietet die Struktur hohe Standards, die denen eines Hotels \u00e4hneln, mit engagierten Dienstleistungen, Liebe zum Detail und der Pflege der R\u00e4ume.  &nbsp;  Es stehen viele Dienstleistungen zur Verf\u00fcgung, die es erm\u00f6glichen, die Unabh\u00e4ngigkeit einer Wohnung am Meer mit dem Komfort und der Qualit\u00e4t eines Hotels zu verbinden, wie die M\u00f6glichkeit, Bettw\u00e4sche und Handt\u00fccher zu mieten und den t\u00e4glichen Reinigungsservice der Wohnung.\" \/>\n<meta property=\"og:url\" content=\"https:\/\/www.playadoradaresidence.com\/de\/hotel-quality\/\" \/>\n<meta property=\"og:site_name\" content=\"Playa Dorada Residence\" \/>\n<meta property=\"article:publisher\" content=\"https:\/\/facebook.com\/tomasitourism\" \/>\n<meta property=\"article:modified_time\" content=\"2025-03-18T11:19:51+00:00\" \/>\n<meta property=\"og:image\" content=\"https:\/\/www.playadoradaresidence.com\/wp-content\/uploads\/sites\/209\/2025\/02\/playa_dorada_home_slide02.jpg\" \/>\n\t<meta property=\"og:image:width\" content=\"2200\" \/>\n\t<meta property=\"og:image:height\" content=\"1200\" \/>\n\t<meta property=\"og:image:type\" content=\"image\/jpeg\" \/>\n<meta name=\"twitter:card\" content=\"summary_large_image\" \/>\n<meta name=\"twitter:label1\" content=\"Gesch\u00e4tzte Lesezeit\" \/>\n\t<meta name=\"twitter:data1\" content=\"1 Minute\" \/>\n<script type=\"application\/ld+json\" class=\"yoast-schema-graph\">{\"@context\":\"https:\\\/\\\/schema.org\",\"@graph\":[{\"@type\":\"WebPage\",\"@id\":\"https:\\\/\\\/www.playadoradaresidence.com\\\/de\\\/hotel-quality\\\/\",\"url\":\"https:\\\/\\\/www.playadoradaresidence.com\\\/de\\\/hotel-quality\\\/\",\"name\":\"Hotel Quality - Playa Dorada Residence -\",\"isPartOf\":{\"@id\":\"https:\\\/\\\/www.playadoradaresidence.com\\\/de\\\/#website\"},\"datePublished\":\"2025-02-10T09:05:07+00:00\",\"dateModified\":\"2025-03-18T11:19:51+00:00\",\"description\":\"Die Playa Dorada Residence bietet eine Hotelqualit\u00e4t, die Komfort, moderne Annehmlichkeiten und eine entspannte Atmosph\u00e4re kombiniert, ideal f\u00fcr Familien. Obwohl es sich um eine Residenz handelt, bietet die Struktur hohe Standards, die denen eines Hotels \u00e4hneln, mit engagierten Dienstleistungen, Liebe zum Detail und der Pflege der R\u00e4ume. &nbsp; Es stehen viele Dienstleistungen zur Verf\u00fcgung, die es erm\u00f6glichen, die Unabh\u00e4ngigkeit einer Wohnung am Meer mit dem Komfort und der Qualit\u00e4t eines Hotels zu verbinden, wie die M\u00f6glichkeit, Bettw\u00e4sche und Handt\u00fccher zu mieten und den t\u00e4glichen Reinigungsservice der Wohnung.\",\"breadcrumb\":{\"@id\":\"https:\\\/\\\/www.playadoradaresidence.com\\\/de\\\/hotel-quality\\\/#breadcrumb\"},\"inLanguage\":\"de-DE\",\"potentialAction\":[{\"@type\":\"ReadAction\",\"target\":[\"https:\\\/\\\/www.playadoradaresidence.com\\\/de\\\/hotel-quality\\\/\"]}]},{\"@type\":\"BreadcrumbList\",\"@id\":\"https:\\\/\\\/www.playadoradaresidence.com\\\/de\\\/hotel-quality\\\/#breadcrumb\",\"itemListElement\":[{\"@type\":\"ListItem\",\"position\":1,\"name\":\"Home\",\"item\":\"https:\\\/\\\/www.playadoradaresidence.com\\\/de\\\/\"},{\"@type\":\"ListItem\",\"position\":2,\"name\":\"Hotel Quality\"}]},{\"@type\":\"WebSite\",\"@id\":\"https:\\\/\\\/www.playadoradaresidence.com\\\/de\\\/#website\",\"url\":\"https:\\\/\\\/www.playadoradaresidence.com\\\/de\\\/\",\"name\":\"Playa Dorada Residence\",\"description\":\"\",\"publisher\":{\"@id\":\"https:\\\/\\\/www.playadoradaresidence.com\\\/de\\\/#organization\"},\"potentialAction\":[{\"@type\":\"SearchAction\",\"target\":{\"@type\":\"EntryPoint\",\"urlTemplate\":\"https:\\\/\\\/www.playadoradaresidence.com\\\/de\\\/?s={search_term_string}\"},\"query-input\":{\"@type\":\"PropertyValueSpecification\",\"valueRequired\":true,\"valueName\":\"search_term_string\"}}],\"inLanguage\":\"de-DE\"},{\"@type\":\"Organization\",\"@id\":\"https:\\\/\\\/www.playadoradaresidence.com\\\/de\\\/#organization\",\"name\":\"Playa Dorada Residence\",\"url\":\"https:\\\/\\\/www.playadoradaresidence.com\\\/de\\\/\",\"logo\":{\"@type\":\"ImageObject\",\"inLanguage\":\"de-DE\",\"@id\":\"https:\\\/\\\/www.playadoradaresidence.com\\\/de\\\/#\\\/schema\\\/logo\\\/image\\\/\",\"url\":\"https:\\\/\\\/www.playadoradaresidence.com\\\/wp-content\\\/uploads\\\/sites\\\/209\\\/2025\\\/01\\\/Playa_dorada.png\",\"contentUrl\":\"https:\\\/\\\/www.playadoradaresidence.com\\\/wp-content\\\/uploads\\\/sites\\\/209\\\/2025\\\/01\\\/Playa_dorada.png\",\"width\":218,\"height\":54,\"caption\":\"Playa Dorada Residence\"},\"image\":{\"@id\":\"https:\\\/\\\/www.playadoradaresidence.com\\\/de\\\/#\\\/schema\\\/logo\\\/image\\\/\"},\"sameAs\":[\"https:\\\/\\\/facebook.com\\\/tomasitourism\",\"https:\\\/\\\/www.instagram.com\\\/tomasitourism\\\/\"]}]}<\/script>\n<!-- \/ Yoast SEO plugin. -->","yoast_head_json":{"title":"Hotel Quality - Playa Dorada Residence -","description":"Die Playa Dorada Residence bietet eine Hotelqualit\u00e4t, die Komfort, moderne Annehmlichkeiten und eine entspannte Atmosph\u00e4re kombiniert, ideal f\u00fcr Familien. Obwohl es sich um eine Residenz handelt, bietet die Struktur hohe Standards, die denen eines Hotels \u00e4hneln, mit engagierten Dienstleistungen, Liebe zum Detail und der Pflege der R\u00e4ume.  &nbsp;  Es stehen viele Dienstleistungen zur Verf\u00fcgung, die es erm\u00f6glichen, die Unabh\u00e4ngigkeit einer Wohnung am Meer mit dem Komfort und der Qualit\u00e4t eines Hotels zu verbinden, wie die M\u00f6glichkeit, Bettw\u00e4sche und Handt\u00fccher zu mieten und den t\u00e4glichen Reinigungsservice der Wohnung.","robots":{"index":"index","follow":"follow","max-snippet":"max-snippet:-1","max-image-preview":"max-image-preview:large","max-video-preview":"max-video-preview:-1"},"canonical":"https:\/\/www.playadoradaresidence.com\/de\/hotel-quality\/","og_locale":"de_DE","og_type":"article","og_title":"Hotel Quality - Playa Dorada Residence -","og_description":"Die Playa Dorada Residence bietet eine Hotelqualit\u00e4t, die Komfort, moderne Annehmlichkeiten und eine entspannte Atmosph\u00e4re kombiniert, ideal f\u00fcr Familien. Obwohl es sich um eine Residenz handelt, bietet die Struktur hohe Standards, die denen eines Hotels \u00e4hneln, mit engagierten Dienstleistungen, Liebe zum Detail und der Pflege der R\u00e4ume.  &nbsp;  Es stehen viele Dienstleistungen zur Verf\u00fcgung, die es erm\u00f6glichen, die Unabh\u00e4ngigkeit einer Wohnung am Meer mit dem Komfort und der Qualit\u00e4t eines Hotels zu verbinden, wie die M\u00f6glichkeit, Bettw\u00e4sche und Handt\u00fccher zu mieten und den t\u00e4glichen Reinigungsservice der Wohnung.","og_url":"https:\/\/www.playadoradaresidence.com\/de\/hotel-quality\/","og_site_name":"Playa Dorada Residence","article_publisher":"https:\/\/facebook.com\/tomasitourism","article_modified_time":"2025-03-18T11:19:51+00:00","og_image":[{"width":2200,"height":1200,"url":"https:\/\/www.playadoradaresidence.com\/wp-content\/uploads\/sites\/209\/2025\/02\/playa_dorada_home_slide02.jpg","type":"image\/jpeg"}],"twitter_card":"summary_large_image","twitter_misc":{"Gesch\u00e4tzte Lesezeit":"1 Minute"},"schema":{"@context":"https:\/\/schema.org","@graph":[{"@type":"WebPage","@id":"https:\/\/www.playadoradaresidence.com\/de\/hotel-quality\/","url":"https:\/\/www.playadoradaresidence.com\/de\/hotel-quality\/","name":"Hotel Quality - Playa Dorada Residence -","isPartOf":{"@id":"https:\/\/www.playadoradaresidence.com\/de\/#website"},"datePublished":"2025-02-10T09:05:07+00:00","dateModified":"2025-03-18T11:19:51+00:00","description":"Die Playa Dorada Residence bietet eine Hotelqualit\u00e4t, die Komfort, moderne Annehmlichkeiten und eine entspannte Atmosph\u00e4re kombiniert, ideal f\u00fcr Familien. Obwohl es sich um eine Residenz handelt, bietet die Struktur hohe Standards, die denen eines Hotels \u00e4hneln, mit engagierten Dienstleistungen, Liebe zum Detail und der Pflege der R\u00e4ume. &nbsp; Es stehen viele Dienstleistungen zur Verf\u00fcgung, die es erm\u00f6glichen, die Unabh\u00e4ngigkeit einer Wohnung am Meer mit dem Komfort und der Qualit\u00e4t eines Hotels zu verbinden, wie die M\u00f6glichkeit, Bettw\u00e4sche und Handt\u00fccher zu mieten und den t\u00e4glichen Reinigungsservice der Wohnung.","breadcrumb":{"@id":"https:\/\/www.playadoradaresidence.com\/de\/hotel-quality\/#breadcrumb"},"inLanguage":"de-DE","potentialAction":[{"@type":"ReadAction","target":["https:\/\/www.playadoradaresidence.com\/de\/hotel-quality\/"]}]},{"@type":"BreadcrumbList","@id":"https:\/\/www.playadoradaresidence.com\/de\/hotel-quality\/#breadcrumb","itemListElement":[{"@type":"ListItem","position":1,"name":"Home","item":"https:\/\/www.playadoradaresidence.com\/de\/"},{"@type":"ListItem","position":2,"name":"Hotel Quality"}]},{"@type":"WebSite","@id":"https:\/\/www.playadoradaresidence.com\/de\/#website","url":"https:\/\/www.playadoradaresidence.com\/de\/","name":"Playa Dorada Residence","description":"","publisher":{"@id":"https:\/\/www.playadoradaresidence.com\/de\/#organization"},"potentialAction":[{"@type":"SearchAction","target":{"@type":"EntryPoint","urlTemplate":"https:\/\/www.playadoradaresidence.com\/de\/?s={search_term_string}"},"query-input":{"@type":"PropertyValueSpecification","valueRequired":true,"valueName":"search_term_string"}}],"inLanguage":"de-DE"},{"@type":"Organization","@id":"https:\/\/www.playadoradaresidence.com\/de\/#organization","name":"Playa Dorada Residence","url":"https:\/\/www.playadoradaresidence.com\/de\/","logo":{"@type":"ImageObject","inLanguage":"de-DE","@id":"https:\/\/www.playadoradaresidence.com\/de\/#\/schema\/logo\/image\/","url":"https:\/\/www.playadoradaresidence.com\/wp-content\/uploads\/sites\/209\/2025\/01\/Playa_dorada.png","contentUrl":"https:\/\/www.playadoradaresidence.com\/wp-content\/uploads\/sites\/209\/2025\/01\/Playa_dorada.png","width":218,"height":54,"caption":"Playa Dorada Residence"},"image":{"@id":"https:\/\/www.playadoradaresidence.com\/de\/#\/schema\/logo\/image\/"},"sameAs":["https:\/\/facebook.com\/tomasitourism","https:\/\/www.instagram.com\/tomasitourism\/"]}]}},"acf":[],"_links":{"self":[{"href":"https:\/\/www.playadoradaresidence.com\/de\/wp-json\/wp\/v2\/pages\/396","targetHints":{"allow":["GET"]}}],"collection":[{"href":"https:\/\/www.playadoradaresidence.com\/de\/wp-json\/wp\/v2\/pages"}],"about":[{"href":"https:\/\/www.playadoradaresidence.com\/de\/wp-json\/wp\/v2\/types\/page"}],"author":[{"embeddable":true,"href":"https:\/\/www.playadoradaresidence.com\/de\/wp-json\/wp\/v2\/users\/13"}],"replies":[{"embeddable":true,"href":"https:\/\/www.playadoradaresidence.com\/de\/wp-json\/wp\/v2\/comments?post=396"}],"version-history":[{"count":0,"href":"https:\/\/www.playadoradaresidence.com\/de\/wp-json\/wp\/v2\/pages\/396\/revisions"}],"wp:attachment":[{"href":"https:\/\/www.playadoradaresidence.com\/de\/wp-json\/wp\/v2\/media?parent=396"}],"curies":[{"name":"wp","href":"https:\/\/api.w.org\/{rel}","templated":true}]}}